{"id":4980,"date":"2021-09-28T18:21:27","date_gmt":"2021-09-28T16:21:27","guid":{"rendered":"https:\/\/inform.es\/compromis-de-contractacio\/"},"modified":"2023-05-10T14:08:50","modified_gmt":"2023-05-10T12:08:50","slug":"collaboration-with-soc","status":"publish","type":"page","link":"https:\/\/inform.es\/en\/collaboration-with-soc\/","title":{"rendered":"Collaboration with Employment Service"},"content":{"rendered":"<div class=\"fusion-fullwidth fullwidth-box fusion-builder-row-1 nonhundred-percent-fullwidth non-hundred-percent-height-scrolling\" style=\"--link_hover_color: #aa1a40;--link_color: #aa1a40;--awb-border-radius-top-left:0px;--awb-border-radius-top-right:0px;--awb-border-radius-bottom-right:0px;--awb-border-radius-bottom-left:0px;--awb-padding-top:4%;--awb-padding-bottom:4%;--awb-background-color:#ffffff;--awb-background-image:linear-gradient(216deg, #ffffff 0%,#ffffff 100%);--awb-flex-wrap:wrap;\" ><div class=\"fusion-builder-row fusion-row\"><div class=\"fusion-layout-column fusion_builder_column fusion-builder-column-0 fusion_builder_column_1_2 1_2 fusion-one-half fusion-column-first fusion-animated\" style=\"--awb-bg-size:cover;width:50%;width:calc(50% - ( ( 4% ) * 0.5 ) );margin-right: 4%;\" data-animationType=\"fadeInLeft\" data-animationDuration=\"1.6\" data-animationOffset=\"top-into-view\"><div class=\"fusion-column-wrapper fusion-column-has-shadow fusion-flex-column-wrapper-legacy\"><div class=\"fusion-title title fusion-title-1 fusion-sep-none fusion-title-text fusion-title-size-three\" style=\"--awb-margin-top:6px;\"><h3 class=\"fusion-title-heading title-heading-left fusion-responsive-typography-calculated\" style=\"margin:0;--fontSize:32;line-height:1.26;\">Collaboration with Catalonia Employment Bureau<\/h3><\/div><div class=\"fusion-text fusion-text-1\" style=\"--awb-content-alignment:left;--awb-font-size:24px;--awb-line-height:1.48em;--awb-letter-spacing:-0.01em;\"><p>Fundaci\u00f3 Inform has undertaken several projects related to the framework programme Comprom\u00eds de Contractaci\u00f3 2016-2017 and now in 2019 (Employment Commitment) launched by Servei d&#8217;Ocupaci\u00f3 (Employment Bureau) of Catalonia. At the moment, 388 unemployed people are being delivered Practice Entreprise training methodology in Catalonia.<\/p>\n<\/div><div class=\"fusion-clearfix\"><\/div><\/div><\/div><div class=\"fusion-layout-column fusion_builder_column fusion-builder-column-1 fusion_builder_column_1_2 1_2 fusion-one-half fusion-column-last fusion-animated\" style=\"--awb-padding-top:15px;--awb-bg-size:cover;width:50%;width:calc(50% - ( ( 4% ) * 0.5 ) );\" data-animationType=\"fadeInRight\" data-animationDuration=\"1.6\" data-animationOffset=\"top-into-view\"><div class=\"fusion-column-wrapper fusion-column-has-shadow fusion-flex-column-wrapper-legacy\"><div class=\"fusion-image-element in-legacy-container\" style=\"--awb-caption-title-font-family:var(--h2_typography-font-family);--awb-caption-title-font-weight:var(--h2_typography-font-weight);--awb-caption-title-font-style:var(--h2_typography-font-style);--awb-caption-title-size:var(--h2_typography-font-size);--awb-caption-title-transform:var(--h2_typography-text-transform);--awb-caption-title-line-height:var(--h2_typography-line-height);--awb-caption-title-letter-spacing:var(--h2_typography-letter-spacing);\"><span class=\" fusion-imageframe imageframe-none imageframe-1 hover-type-none\" style=\"border-radius:8px;\"><img decoding=\"async\" width=\"710\" height=\"380\" title=\"Contractacio\" src=\"https:\/\/inform.es\/wp-content\/uploads\/2021\/09\/Contractacio.jpg\" data-orig-src=\"https:\/\/inform.es\/wp-content\/uploads\/2021\/09\/Contractacio.jpg\" alt class=\"lazyload img-responsive wp-image-3289\" srcset=\"data:image\/svg+xml,%3Csvg%20xmlns%3D%27http%3A%2F%2Fwww.w3.org%2F2000%2Fsvg%27%20width%3D%27710%27%20height%3D%27380%27%20viewBox%3D%270%200%20710%20380%27%3E%3Crect%20width%3D%27710%27%20height%3D%27380%27%20fill-opacity%3D%220%22%2F%3E%3C%2Fsvg%3E\" data-srcset=\"https:\/\/inform.es\/wp-content\/uploads\/2021\/09\/Contractacio-200x107.jpg 200w, https:\/\/inform.es\/wp-content\/uploads\/2021\/09\/Contractacio-400x214.jpg 400w, https:\/\/inform.es\/wp-content\/uploads\/2021\/09\/Contractacio-600x321.jpg 600w, https:\/\/inform.es\/wp-content\/uploads\/2021\/09\/Contractacio.jpg 710w\" data-sizes=\"auto\" data-orig-sizes=\"(max-width: 1024px) 100vw, 710px\" \/><\/span><\/div><div class=\"fusion-clearfix\"><\/div><\/div><\/div><div class=\"fusion-layout-column fusion_builder_column fusion-builder-column-2 fusion_builder_column_1_1 1_1 fusion-one-full fusion-column-first fusion-column-last fusion-animated\" style=\"--awb-padding-top:30px;--awb-bg-size:cover;\" data-animationType=\"fadeInUp\" data-animationDuration=\"0.3\" data-animationOffset=\"top-into-view\"><div class=\"fusion-column-wrapper fusion-column-has-shadow fusion-flex-column-wrapper-legacy\"><div class=\"fusion-text fusion-text-2\"><p>Fundaci\u00f3 Inform has been responsible for opening several Practice Entreprises around Catalonia since 1987 as the pedagogical tool to train unemployed people in business admin tasks so as to get back to the labour market.<\/p>\n<p>The SEFED Project uses the setting up of a simulated company in a classroom as the pedagogigal tool to train unemployed people in business in a practical way (learning by doing), by getting them to run their own company, performing actual business tasks like buying and selling their virtual products all around the world, and getting to know the ins and outs of running a small business.<\/p>\n<\/div><div class=\"fusion-clearfix\"><\/div><\/div><\/div><div class=\"fusion-layout-column fusion_builder_column fusion-builder-column-3 fusion_builder_column_1_2 1_2 fusion-one-half fusion-column-first fusion-animated\" style=\"--awb-padding-top:30px;--awb-bg-size:cover;width:50%;width:calc(50% - ( ( 4% ) * 0.5 ) );margin-right: 4%;\" data-animationType=\"fadeInUp\" data-animationDuration=\"0.3\" data-animationOffset=\"top-into-view\"><div class=\"fusion-column-wrapper fusion-column-has-shadow fusion-flex-column-wrapper-legacy\"><ul style=\"--awb-iconcolor:#aa1a40;--awb-line-height:34px;--awb-icon-width:34px;--awb-icon-height:34px;--awb-icon-margin:14px;--awb-content-margin:48px;--awb-circlecolor:rgba(255,255,255,0);--awb-circle-yes-font-size:17.6px;\" class=\"fusion-checklist fusion-checklist-1 fusion-checklist-default type-icons\"><li class=\"fusion-li-item\" style=\"\"><span class=\"icon-wrapper circle-yes\"><i class=\"fusion-li-icon awb-icon-check\" aria-hidden=\"true\"><\/i><\/span><div class=\"fusion-li-item-content\">This SEFED company works like a real company: it buys and sells its products, has business relationships with other simulated companies around the world, accounts for operations, controls treasury, pays taxes, manages human resources and the marketing department, etc.<\/div><\/li><li class=\"fusion-li-item\" style=\"\"><span class=\"icon-wrapper circle-yes\"><i class=\"fusion-li-icon awb-icon-check\" aria-hidden=\"true\"><\/i><\/span><div class=\"fusion-li-item-content\">Active methodology and with a clearly professionalizing component. It promotes training through experience: &#8220;learning by doing, learning by working&#8221;.<\/div><\/li><\/ul><div class=\"fusion-clearfix\"><\/div><\/div><\/div><div class=\"fusion-layout-column fusion_builder_column fusion-builder-column-4 fusion_builder_column_1_2 1_2 fusion-one-half fusion-column-last fusion-animated\" style=\"--awb-padding-top:30px;--awb-bg-size:cover;width:50%;width:calc(50% - ( ( 4% ) * 0.5 ) );\" data-animationType=\"fadeInUp\" data-animationDuration=\"0.3\" data-animationOffset=\"top-into-view\"><div class=\"fusion-column-wrapper fusion-column-has-shadow fusion-flex-column-wrapper-legacy\"><ul style=\"--awb-iconcolor:#aa1a40;--awb-line-height:34px;--awb-icon-width:34px;--awb-icon-height:34px;--awb-icon-margin:14px;--awb-content-margin:48px;--awb-circlecolor:rgba(255,255,255,0);--awb-circle-yes-font-size:17.6px;\" class=\"fusion-checklist fusion-checklist-2 fusion-checklist-default type-icons\"><li class=\"fusion-li-item\" style=\"\"><span class=\"icon-wrapper circle-yes\"><i class=\"fusion-li-icon awb-icon-check\" aria-hidden=\"true\"><\/i><\/span><div class=\"fusion-li-item-content\">Students are integrated in a context in which the work environment is lived, and the conditions of a working relationship are given that facilitate the learning and training of the usual situations, tasks and processes in real life. The aim is to achieve the skills of each of the jobs.<\/div><\/li><li class=\"fusion-li-item\" style=\"\"><span class=\"icon-wrapper circle-yes\"><i class=\"fusion-li-icon awb-icon-check\" aria-hidden=\"true\"><\/i><\/span><div class=\"fusion-li-item-content\">We train people according to the needs of the labor market and companies.<\/div><\/li><\/ul><div class=\"fusion-clearfix\"><\/div><\/div><\/div><div class=\"fusion-layout-column fusion_builder_column fusion-builder-column-5 fusion_builder_column_1_1 1_1 fusion-one-full fusion-column-first fusion-column-last fusion-animated\" style=\"--awb-padding-top:0px;--awb-padding-bottom:45px;--awb-bg-size:cover;--awb-margin-top:0px;--awb-margin-bottom:0px;\" data-animationType=\"fadeInUp\" data-animationDuration=\"0.3\" data-animationOffset=\"top-into-view\"><div class=\"fusion-column-wrapper fusion-column-has-shadow fusion-flex-column-wrapper-legacy\"><div class=\"fusion-image-element in-legacy-container\" style=\"--awb-max-width:450px;--awb-caption-title-font-family:var(--h2_typography-font-family);--awb-caption-title-font-weight:var(--h2_typography-font-weight);--awb-caption-title-font-style:var(--h2_typography-font-style);--awb-caption-title-size:var(--h2_typography-font-size);--awb-caption-title-transform:var(--h2_typography-text-transform);--awb-caption-title-line-height:var(--h2_typography-line-height);--awb-caption-title-letter-spacing:var(--h2_typography-letter-spacing);\"><span class=\" fusion-imageframe imageframe-none imageframe-2 hover-type-none\"><img decoding=\"async\" width=\"925\" height=\"163\" title=\"soc_2linies\" src=\"https:\/\/inform.es\/wp-content\/uploads\/2021\/09\/soc_2linies.jpg\" data-orig-src=\"https:\/\/inform.es\/wp-content\/uploads\/2021\/09\/soc_2linies.jpg\" alt class=\"lazyload img-responsive wp-image-3296\" srcset=\"data:image\/svg+xml,%3Csvg%20xmlns%3D%27http%3A%2F%2Fwww.w3.org%2F2000%2Fsvg%27%20width%3D%27925%27%20height%3D%27163%27%20viewBox%3D%270%200%20925%20163%27%3E%3Crect%20width%3D%27925%27%20height%3D%27163%27%20fill-opacity%3D%220%22%2F%3E%3C%2Fsvg%3E\" data-srcset=\"https:\/\/inform.es\/wp-content\/uploads\/2021\/09\/soc_2linies-200x35.jpg 200w, https:\/\/inform.es\/wp-content\/uploads\/2021\/09\/soc_2linies-400x70.jpg 400w, https:\/\/inform.es\/wp-content\/uploads\/2021\/09\/soc_2linies-600x106.jpg 600w, https:\/\/inform.es\/wp-content\/uploads\/2021\/09\/soc_2linies-800x141.jpg 800w, https:\/\/inform.es\/wp-content\/uploads\/2021\/09\/soc_2linies.jpg 925w\" data-sizes=\"auto\" data-orig-sizes=\"(max-width: 1024px) 100vw, 925px\" \/><\/span><\/div><div class=\"fusion-clearfix\"><\/div><\/div><\/div><div class=\"fusion-layout-column fusion_builder_column fusion-builder-column-6 fusion_builder_column_1_1 1_1 fusion-one-full fusion-column-first fusion-column-last fusion-animated\" style=\"--awb-padding-top:0px;--awb-bg-size:cover;--awb-margin-top:0px;--awb-margin-bottom:0px;\" data-animationType=\"fadeInUp\" data-animationDuration=\"0.3\" data-animationOffset=\"top-into-view\"><div class=\"fusion-column-wrapper fusion-column-has-shadow fusion-flex-column-wrapper-legacy\"><div class=\"fusion-text fusion-text-3\"><p><strong>Attached Files:<\/strong><\/p>\n<\/div><div class=\"fusion-clearfix\"><\/div><\/div><\/div><div class=\"fusion-layout-column fusion_builder_column fusion-builder-column-7 fusion_builder_column_1_4 1_4 fusion-one-fourth fusion-column-first fusion-animated\" style=\"--awb-padding-top:0px;--awb-padding-bottom:0px;--awb-bg-size:cover;--awb-margin-top:0px;--awb-margin-bottom:0px;width:25%;width:calc(25% - ( ( 4% ) * 0.25 ) );margin-right: 4%;\" data-animationType=\"fadeInUp\" data-animationDuration=\"0.3\" data-animationOffset=\"top-into-view\"><div class=\"fusion-column-wrapper fusion-column-has-shadow fusion-flex-column-wrapper-legacy\"><div class=\"fusion-text fusion-text-4\"><p><a href=\"https:\/\/inform.es\/wp-content\/uploads\/2021\/10\/dic_cm_25_sefed_general.pdf\" target=\"_blank\" rel=\"noopener\"><i class=\"fb-icon-element-1 fb-icon-element fontawesome-icon fa-file-pdf fas circle-no fusion-text-flow\" style=\"--awb-iconcolor:#aa1a40;--awb-iconcolor-hover:#aa1a40;--awb-font-size:32px;--awb-margin-right:16px;\"><\/i>SEFED International Network<\/a><\/p>\n<\/div><div class=\"fusion-clearfix\"><\/div><\/div><\/div><\/div><\/div>\n","protected":false},"excerpt":{"rendered":"","protected":false},"author":1,"featured_media":0,"parent":0,"menu_order":0,"comment_status":"closed","ping_status":"closed","template":"100-width.php","meta":{"_acf_changed":false,"footnotes":""},"class_list":["post-4980","page","type-page","status-publish","hentry"],"yoast_head":"<!-- This site is optimized with the Yoast SEO plugin v27.3 - https:\/\/yoast.com\/product\/yoast-seo-wordpress\/ -->\n<title>Collaboration with Employment Service - Fundaci\u00f3 Inform<\/title>\n<meta name=\"description\" content=\"Fundaci\u00f3 Inform has undertaken several projects related to the framework programme Comprom\u00eds de Contractaci\u00f3 2016-2017 and now in 2019 (Employment Commitment) launched by Servei d&#039;Ocupaci\u00f3 (Employment Bureau) of Catalonia. At the moment, 388 unemployed people are being delivered Practice Entreprise training methodology in Catalonia.\" \/>\n<meta name=\"robots\" content=\"index, follow, max-snippet:-1, max-image-preview:large, max-video-preview:-1\" \/>\n<link rel=\"canonical\" href=\"https:\/\/inform.es\/en\/collaboration-with-soc\/\" \/>\n<meta property=\"og:locale\" content=\"en_US\" \/>\n<meta property=\"og:type\" content=\"article\" \/>\n<meta property=\"og:title\" content=\"Collaboration with Employment Service - Fundaci\u00f3 Inform\" \/>\n<meta property=\"og:description\" content=\"Fundaci\u00f3 Inform has undertaken several projects related to the framework programme Comprom\u00eds de Contractaci\u00f3 2016-2017 and now in 2019 (Employment Commitment) launched by Servei d&#039;Ocupaci\u00f3 (Employment Bureau) of Catalonia. At the moment, 388 unemployed people are being delivered Practice Entreprise training methodology in Catalonia.\" \/>\n<meta property=\"og:url\" content=\"https:\/\/inform.es\/en\/collaboration-with-soc\/\" \/>\n<meta property=\"og:site_name\" content=\"Fundaci\u00f3 Inform\" \/>\n<meta property=\"article:publisher\" content=\"https:\/\/www.facebook.com\/profile.php?id=100004345202006\" \/>\n<meta property=\"article:modified_time\" content=\"2023-05-10T12:08:50+00:00\" \/>\n<meta name=\"twitter:card\" content=\"summary_large_image\" \/>\n<meta name=\"twitter:site\" content=\"@FundacioInform\" \/>\n<meta name=\"twitter:label1\" content=\"Est. reading time\" \/>\n\t<meta name=\"twitter:data1\" content=\"26 minutes\" \/>\n<script type=\"application\/ld+json\" class=\"yoast-schema-graph\">{\"@context\":\"https:\\\/\\\/schema.org\",\"@graph\":[{\"@type\":\"WebPage\",\"@id\":\"https:\\\/\\\/inform.es\\\/en\\\/collaboration-with-soc\\\/\",\"url\":\"https:\\\/\\\/inform.es\\\/en\\\/collaboration-with-soc\\\/\",\"name\":\"Collaboration with Employment Service - Fundaci\u00f3 Inform\",\"isPartOf\":{\"@id\":\"https:\\\/\\\/inform.es\\\/en\\\/#website\"},\"datePublished\":\"2021-09-28T16:21:27+00:00\",\"dateModified\":\"2023-05-10T12:08:50+00:00\",\"description\":\"Fundaci\u00f3 Inform has undertaken several projects related to the framework programme Comprom\u00eds de Contractaci\u00f3 2016-2017 and now in 2019 (Employment Commitment) launched by Servei d'Ocupaci\u00f3 (Employment Bureau) of Catalonia. At the moment, 388 unemployed people are being delivered Practice Entreprise training methodology in Catalonia.\",\"breadcrumb\":{\"@id\":\"https:\\\/\\\/inform.es\\\/en\\\/collaboration-with-soc\\\/#breadcrumb\"},\"inLanguage\":\"en-US\",\"potentialAction\":[{\"@type\":\"ReadAction\",\"target\":[\"https:\\\/\\\/inform.es\\\/en\\\/collaboration-with-soc\\\/\"]}]},{\"@type\":\"BreadcrumbList\",\"@id\":\"https:\\\/\\\/inform.es\\\/en\\\/collaboration-with-soc\\\/#breadcrumb\",\"itemListElement\":[{\"@type\":\"ListItem\",\"position\":1,\"name\":\"Inici\",\"item\":\"https:\\\/\\\/inform.es\\\/en\\\/\"},{\"@type\":\"ListItem\",\"position\":2,\"name\":\"Collaboration with Employment Service\"}]},{\"@type\":\"WebSite\",\"@id\":\"https:\\\/\\\/inform.es\\\/en\\\/#website\",\"url\":\"https:\\\/\\\/inform.es\\\/en\\\/\",\"name\":\"Fundaci\u00f3 Inform\",\"description\":\"Convertim l&#039;aula en empresa per aconseguir les compet\u00e8ncies professionals de tots els llocs de treball.\",\"publisher\":{\"@id\":\"https:\\\/\\\/inform.es\\\/en\\\/#organization\"},\"potentialAction\":[{\"@type\":\"SearchAction\",\"target\":{\"@type\":\"EntryPoint\",\"urlTemplate\":\"https:\\\/\\\/inform.es\\\/en\\\/?s={search_term_string}\"},\"query-input\":{\"@type\":\"PropertyValueSpecification\",\"valueRequired\":true,\"valueName\":\"search_term_string\"}}],\"inLanguage\":\"en-US\"},{\"@type\":\"Organization\",\"@id\":\"https:\\\/\\\/inform.es\\\/en\\\/#organization\",\"name\":\"Fundaci\u00f3 Inform\",\"url\":\"https:\\\/\\\/inform.es\\\/en\\\/\",\"logo\":{\"@type\":\"ImageObject\",\"inLanguage\":\"en-US\",\"@id\":\"https:\\\/\\\/inform.es\\\/en\\\/#\\\/schema\\\/logo\\\/image\\\/\",\"url\":\"https:\\\/\\\/inform.es\\\/wp-content\\\/uploads\\\/2022\\\/07\\\/logo-inform-200x79-1.png\",\"contentUrl\":\"https:\\\/\\\/inform.es\\\/wp-content\\\/uploads\\\/2022\\\/07\\\/logo-inform-200x79-1.png\",\"width\":200,\"height\":79,\"caption\":\"Fundaci\u00f3 Inform\"},\"image\":{\"@id\":\"https:\\\/\\\/inform.es\\\/en\\\/#\\\/schema\\\/logo\\\/image\\\/\"},\"sameAs\":[\"https:\\\/\\\/www.facebook.com\\\/profile.php?id=100004345202006\",\"https:\\\/\\\/x.com\\\/FundacioInform\",\"https:\\\/\\\/www.linkedin.com\\\/company\\\/fundaci-inform\\\/\",\"https:\\\/\\\/www.youtube.com\\\/user\\\/FUNDACIOINFORM\"]}]}<\/script>\n<!-- \/ Yoast SEO plugin. -->","yoast_head_json":{"title":"Collaboration with Employment Service - Fundaci\u00f3 Inform","description":"Fundaci\u00f3 Inform has undertaken several projects related to the framework programme Comprom\u00eds de Contractaci\u00f3 2016-2017 and now in 2019 (Employment Commitment) launched by Servei d'Ocupaci\u00f3 (Employment Bureau) of Catalonia. At the moment, 388 unemployed people are being delivered Practice Entreprise training methodology in Catalonia.","robots":{"index":"index","follow":"follow","max-snippet":"max-snippet:-1","max-image-preview":"max-image-preview:large","max-video-preview":"max-video-preview:-1"},"canonical":"https:\/\/inform.es\/en\/collaboration-with-soc\/","og_locale":"en_US","og_type":"article","og_title":"Collaboration with Employment Service - Fundaci\u00f3 Inform","og_description":"Fundaci\u00f3 Inform has undertaken several projects related to the framework programme Comprom\u00eds de Contractaci\u00f3 2016-2017 and now in 2019 (Employment Commitment) launched by Servei d'Ocupaci\u00f3 (Employment Bureau) of Catalonia. At the moment, 388 unemployed people are being delivered Practice Entreprise training methodology in Catalonia.","og_url":"https:\/\/inform.es\/en\/collaboration-with-soc\/","og_site_name":"Fundaci\u00f3 Inform","article_publisher":"https:\/\/www.facebook.com\/profile.php?id=100004345202006","article_modified_time":"2023-05-10T12:08:50+00:00","twitter_card":"summary_large_image","twitter_site":"@FundacioInform","twitter_misc":{"Est. reading time":"26 minutes"},"schema":{"@context":"https:\/\/schema.org","@graph":[{"@type":"WebPage","@id":"https:\/\/inform.es\/en\/collaboration-with-soc\/","url":"https:\/\/inform.es\/en\/collaboration-with-soc\/","name":"Collaboration with Employment Service - Fundaci\u00f3 Inform","isPartOf":{"@id":"https:\/\/inform.es\/en\/#website"},"datePublished":"2021-09-28T16:21:27+00:00","dateModified":"2023-05-10T12:08:50+00:00","description":"Fundaci\u00f3 Inform has undertaken several projects related to the framework programme Comprom\u00eds de Contractaci\u00f3 2016-2017 and now in 2019 (Employment Commitment) launched by Servei d'Ocupaci\u00f3 (Employment Bureau) of Catalonia. At the moment, 388 unemployed people are being delivered Practice Entreprise training methodology in Catalonia.","breadcrumb":{"@id":"https:\/\/inform.es\/en\/collaboration-with-soc\/#breadcrumb"},"inLanguage":"en-US","potentialAction":[{"@type":"ReadAction","target":["https:\/\/inform.es\/en\/collaboration-with-soc\/"]}]},{"@type":"BreadcrumbList","@id":"https:\/\/inform.es\/en\/collaboration-with-soc\/#breadcrumb","itemListElement":[{"@type":"ListItem","position":1,"name":"Inici","item":"https:\/\/inform.es\/en\/"},{"@type":"ListItem","position":2,"name":"Collaboration with Employment Service"}]},{"@type":"WebSite","@id":"https:\/\/inform.es\/en\/#website","url":"https:\/\/inform.es\/en\/","name":"Fundaci\u00f3 Inform","description":"Convertim l&#039;aula en empresa per aconseguir les compet\u00e8ncies professionals de tots els llocs de treball.","publisher":{"@id":"https:\/\/inform.es\/en\/#organization"},"potentialAction":[{"@type":"SearchAction","target":{"@type":"EntryPoint","urlTemplate":"https:\/\/inform.es\/en\/?s={search_term_string}"},"query-input":{"@type":"PropertyValueSpecification","valueRequired":true,"valueName":"search_term_string"}}],"inLanguage":"en-US"},{"@type":"Organization","@id":"https:\/\/inform.es\/en\/#organization","name":"Fundaci\u00f3 Inform","url":"https:\/\/inform.es\/en\/","logo":{"@type":"ImageObject","inLanguage":"en-US","@id":"https:\/\/inform.es\/en\/#\/schema\/logo\/image\/","url":"https:\/\/inform.es\/wp-content\/uploads\/2022\/07\/logo-inform-200x79-1.png","contentUrl":"https:\/\/inform.es\/wp-content\/uploads\/2022\/07\/logo-inform-200x79-1.png","width":200,"height":79,"caption":"Fundaci\u00f3 Inform"},"image":{"@id":"https:\/\/inform.es\/en\/#\/schema\/logo\/image\/"},"sameAs":["https:\/\/www.facebook.com\/profile.php?id=100004345202006","https:\/\/x.com\/FundacioInform","https:\/\/www.linkedin.com\/company\/fundaci-inform\/","https:\/\/www.youtube.com\/user\/FUNDACIOINFORM"]}]}},"acf":[],"_links":{"self":[{"href":"https:\/\/inform.es\/en\/wp-json\/wp\/v2\/pages\/4980","targetHints":{"allow":["GET"]}}],"collection":[{"href":"https:\/\/inform.es\/en\/wp-json\/wp\/v2\/pages"}],"about":[{"href":"https:\/\/inform.es\/en\/wp-json\/wp\/v2\/types\/page"}],"author":[{"embeddable":true,"href":"https:\/\/inform.es\/en\/wp-json\/wp\/v2\/users\/1"}],"replies":[{"embeddable":true,"href":"https:\/\/inform.es\/en\/wp-json\/wp\/v2\/comments?post=4980"}],"version-history":[{"count":6,"href":"https:\/\/inform.es\/en\/wp-json\/wp\/v2\/pages\/4980\/revisions"}],"predecessor-version":[{"id":6956,"href":"https:\/\/inform.es\/en\/wp-json\/wp\/v2\/pages\/4980\/revisions\/6956"}],"wp:attachment":[{"href":"https:\/\/inform.es\/en\/wp-json\/wp\/v2\/media?parent=4980"}],"curies":[{"name":"wp","href":"https:\/\/api.w.org\/{rel}","templated":true}]}}