{"id":6034,"date":"2021-12-21T14:51:06","date_gmt":"2021-12-21T12:51:06","guid":{"rendered":"https:\/\/inform.es\/aviso-legal\/"},"modified":"2022-12-04T18:59:35","modified_gmt":"2022-12-04T16:59:35","slug":"aviso-legal","status":"publish","type":"page","link":"https:\/\/inform.es\/en\/aviso-legal\/","title":{"rendered":"Aviso legal"},"content":{"rendered":"<div class=\"fusion-fullwidth fullwidth-box fusion-builder-row-1 fusion-flex-container nonhundred-percent-fullwidth non-hundred-percent-height-scrolling\" style=\"--awb-border-radius-top-left:0px;--awb-border-radius-top-right:0px;--awb-border-radius-bottom-right:0px;--awb-border-radius-bottom-left:0px;--awb-flex-wrap:wrap;\" ><div class=\"fusion-builder-row fusion-row fusion-flex-align-items-flex-start fusion-flex-content-wrap\" style=\"max-width:1372.8px;margin-left: calc(-4% \/ 2 );margin-right: calc(-4% \/ 2 );\"><div class=\"fusion-layout-column fusion_builder_column fusion-builder-column-0 fusion_builder_column_1_1 1_1 fusion-flex-column\" style=\"--awb-bg-size:cover;--awb-width-large:100%;--awb-margin-top-large:20px;--awb-spacing-right-large:1.92%;--awb-margin-bottom-large:20px;--awb-spacing-left-large:1.92%;--awb-width-medium:100%;--awb-order-medium:0;--awb-spacing-right-medium:1.92%;--awb-spacing-left-medium:1.92%;--awb-width-small:100%;--awb-order-small:0;--awb-spacing-right-small:1.92%;--awb-spacing-left-small:1.92%;\"><div class=\"fusion-column-wrapper fusion-column-has-shadow fusion-flex-justify-content-flex-start fusion-content-layout-column\"><div class=\"fusion-title title fusion-title-1 fusion-sep-none fusion-title-text fusion-title-size-three\"><h3 class=\"fusion-title-heading title-heading-left fusion-responsive-typography-calculated\" style=\"margin:0;--fontSize:32;line-height:1.26;\">Pol\u00edtica de privacidad<\/h3><\/div><div class=\"fusion-text fusion-text-1\"><p>La <strong>Fundaci\u00f3\u00a0Inform<\/strong>, se compromete a proteger la privacidad de todos los que acceden a sus sitios web y a los usuarios que utilicen sus servicios. Esta Pol\u00edtica de privacidad explica sus pr\u00e1cticas con respecto al uso de los datos personales recopilados y tratados a trav\u00e9s de sus servicios, en particular en\u00a0<a href=\"http:\/\/www.inform.es\/\">www.inform.es<\/a> y\u00a0<a href=\"http:\/\/www.sefed.es\/\">www.sefed.es<\/a><\/p>\n<\/div><\/div><\/div><div class=\"fusion-layout-column fusion_builder_column fusion-builder-column-1 fusion_builder_column_1_1 1_1 fusion-flex-column\" style=\"--awb-padding-top:30px;--awb-padding-right:30px;--awb-padding-bottom:30px;--awb-padding-left:30px;--awb-bg-color:rgba(0,0,0,0.08);--awb-bg-color-hover:rgba(0,0,0,0.08);--awb-bg-size:cover;--awb-width-large:100%;--awb-margin-top-large:20px;--awb-spacing-right-large:1.92%;--awb-margin-bottom-large:20px;--awb-spacing-left-large:1.92%;--awb-width-medium:100%;--awb-order-medium:0;--awb-spacing-right-medium:1.92%;--awb-spacing-left-medium:1.92%;--awb-width-small:100%;--awb-order-small:0;--awb-spacing-right-small:1.92%;--awb-spacing-left-small:1.92%;\"><div class=\"fusion-column-wrapper fusion-column-has-shadow fusion-flex-justify-content-flex-start fusion-content-layout-column\"><div class=\"fusion-text fusion-text-2\"><p><strong>Resumen<\/strong><\/p>\n<p>Inform ofrece un servicio de simulaci\u00f3n de empresas a trav\u00e9s de los productos SEFED y Empresaula, que conforman la red de empresas simuladas.<\/p>\n<p>Inform recopila datos de contacto e identificaci\u00f3n de las personas que quieren contactar con nosotros v\u00eda este sitio web o en otras comunicaciones (correu electr\u00f3nico, etc.); as\u00ed como los datos de registro de participantes de los procesos de formaci\u00f3n. Estos datos ser\u00e1n utilizados para comunicarnos con Ud. y enviarle informaci\u00f3n sobre el servicio, as\u00ed como prestarles nuestros servicios a los usuarios registrados.<\/p>\n<p>Al completar y enviar sus datos personales a Inform, a trav\u00e9s de cualquier registro en l\u00ednea u otros formularios presentados en nuestros servicios u otras comunicaciones (correo electr\u00f3nico, tel\u00e9fono), \u00a0consiente al tratamiento de sus datos conforme esta Pol\u00edtica.<\/p>\n<p>Puede revocar el consentimiento en cualquier momento escribiendo a\u00a0<a href=\"mailto:privacy@inform.es\">(privacy@inform.es)<\/a>\u00a0adjuntando una copia de su documento de identidad.<\/p>\n<p>Lea atentamente el texto establecido a continuaci\u00f3n para obtener todos los detalles de este formulario de consentimiento.<\/p>\n<\/div><\/div><\/div><div class=\"fusion-layout-column fusion_builder_column fusion-builder-column-2 fusion_builder_column_1_1 1_1 fusion-flex-column\" style=\"--awb-bg-size:cover;--awb-width-large:100%;--awb-margin-top-large:20px;--awb-spacing-right-large:1.92%;--awb-margin-bottom-large:20px;--awb-spacing-left-large:1.92%;--awb-width-medium:100%;--awb-order-medium:0;--awb-spacing-right-medium:1.92%;--awb-spacing-left-medium:1.92%;--awb-width-small:100%;--awb-order-small:0;--awb-spacing-right-small:1.92%;--awb-spacing-left-small:1.92%;\"><div class=\"fusion-column-wrapper fusion-column-has-shadow fusion-flex-justify-content-flex-start fusion-content-layout-column\"><div class=\"fusion-text fusion-text-3\"><p><strong>1. <span lang=\"ES-TRAD\" xml:lang=\"ES-TRAD\">RESPONSABLE DE TRATAMIENTO<\/span><br \/>\n<\/strong><\/p>\n<p>La entidad responsable del tratamiento de sus datos es\u00a0<strong>Fundaci\u00f3 Inform<\/strong>, domiciliada en Carrer del Pi, n\u00famero 24, 08810 Sant Pere de Ribes, Barcelona y con CIF G-61468583. Todas las comunicaciones relacionadas con el procesamiento de sus datos personales deber\u00e1n dirigirse a nuestro responsable de Protecci\u00f3n de Datos que se indica a continuaci\u00f3n.<\/p>\n<p>Correo de contacto:\u00a0<a href=\"mailto:privacy@inform.es\">privacy@inform.es<\/a><\/p>\n<p><strong>2. INFORMACI\u00d3N PERSONAL QUE RECOPILAMOS SOBRE USTED Y C\u00d3MO LA UTILIZAMOS<\/strong><\/p>\n<p><strong>2.1. Datos recolectados<\/strong><\/p>\n<p>Recopilamos y procesamos los siguientes datos:<\/p>\n<p><strong>Datos de Contacto y de Identificaci\u00f3n<\/strong>. Si desea recibir informaci\u00f3n sobre nuestros servicios podr\u00e1 solicitarla mediante la cumplimentaci\u00f3n del formulario de contacto, introduciendo los datos que se indican a continuaci\u00f3n: nombre, apellidos, correo electr\u00f3nico, tel\u00e9fono, informaci\u00f3n solicitada, empresa o centro de formaci\u00f3n.\u00a0Estos datos son obligatorios y, si no se proporcionan, no se puede enviar el formulario de contacto a los efectos de recibir la informaci\u00f3n solicitada.<\/p>\n<p><strong>Datos de identificaci\u00f3n de usuarios de la plataforma de simulaci\u00f3n de empresas<\/strong>. Una vez asignado acceso a nuestros servicios, para acceder a los mismos ser\u00e1 necesario entrar los datos que se indican a continuaci\u00f3n: Nombre de usuario, Contrase\u00f1a (encriptada)<\/p>\n<p><strong>Navegaci\u00f3n<\/strong>. Debido a los est\u00e1ndares de comunicaciones en internet, cuando usted visita nuestra p\u00e1gina web recibimos autom\u00e1ticamente la URL del sitio del que procede y el sitio que visita cuando abandona nuestra web. Tambi\u00e9n recibimos la direcci\u00f3n de protocolo de internet (\u201cIP\u201d) de su ordenador y el tipo de navegador que est\u00e1 utilizando. Utilizamos esta informaci\u00f3n para analizar tendencias globales para mejorar el servicio. Esta informaci\u00f3n no se comparte con terceros sin su consentimiento. Salvo lo anterior, y lo expuesto en nuestra pol\u00edtica de cookies, no recogemos ning\u00fan tipo de datos de car\u00e1cter personal si \u00fanicamente est\u00e1 navegando en la p\u00e1gina web.<\/p>\n<p>Es importante que los datos personales que tenemos sobre usted sean precisos y actuales. Usted es responsable de la exactitud de la informaci\u00f3n que nos proporciona y se espera que actualice la informaci\u00f3n que nos proporciona.<\/p>\n<p><strong>2.2. Uso de datos<\/strong><\/p>\n<p>Usamos su informaci\u00f3n personal para las siguientes finalidades relacionados con los servicios prestados:<\/p>\n<p><strong>General<\/strong><\/p>\n<ul>\n<li>Comunicarnos con la persona que nos solicita informaci\u00f3n y gestionar la relaci\u00f3n con Ud.<\/li>\n<\/ul>\n<p><strong>Usuarios registrados<\/strong><\/p>\n<ul>\n<li>Proporcionar acceso a nuestros servicios.<\/li>\n<li>Gestionar su cuenta y los servicios (seg\u00fan lo descrito en el Aviso Legal).<\/li>\n<li>Cumplir con el Aviso Legal y realizar otras comunicaciones legales.<strong>\u00a0<\/strong><\/li>\n<\/ul>\n<p><strong>Comunicaciones\u00a0<\/strong>(en caso de marcar la casilla correspondiente)<\/p>\n<ul>\n<li>\u00a0Enviar contenidos e informaci\u00f3n sobre nuestros servicios, iniciativas y la Fundaci\u00f3n<\/li>\n<li>\u00a0Gestionar cualesquiera boletines, correos electr\u00f3nicos de notificaci\u00f3n o comunicaciones comerciales en general relativas a los Servicios y productos y cualesquiera nuevas prestaciones, ventas, ofertas o promociones que ofrecemos.<\/li>\n<\/ul>\n<p><strong>3. BASE JUR\u00cdDICA<\/strong><\/p>\n<p>Las bases jur\u00eddicas en las que fundamentamos el tratamiento de sus datos personales son:<\/p>\n<ul>\n<li>Para los usuarios registrados, el tratamiento de sus datos es necesario para prestarles el servicio contratado y ejecutar el contrato en el que usted es parte, o para tomar medidas cuando lo solicite antes de celebrar dicho contrato.<\/li>\n<li>Nuestro inter\u00e9s leg\u00edtimo para contactar y relacionarnos con aquellos que nos soliciten informaci\u00f3n sobre nuestros servicios y la Fundaci\u00f3n.<\/li>\n<\/ul>\n<ul>\n<li>En su caso, en su consentimiento informado expreso para el env\u00edo de comunicaciones comerciales<\/li>\n<\/ul>\n<p>En determinadas circunstancias, podremos tratar sus datos conforme esta pol\u00edtica para cumplir con una obligaci\u00f3n legal o reglamentaria a la que estamos sujetos.<\/p>\n<p><strong>4. CESI\u00d3N DE DATOS Y DIVULGACI\u00d3N<\/strong><\/p>\n<p>Tratamos sus datos personales con estricta confidencialidad de acuerdo con la ley aplicable. Salvo que se establezca lo contrario con Ud., sus datos personales no se proporcionar\u00e1n a terceros, excepto nuestros proveedores de servicios bajo contratos de prestaci\u00f3n de servicios a favor de la Fundaci\u00f3n. Requerimos que todos los terceros respeten la seguridad de sus datos personales y los traten de acuerdo con la ley. No permitimos que nuestros proveedores de servicios externos utilicen sus datos personales para sus propios fines y solo les permitimos procesar sus datos personales para fines espec\u00edficos y de conformidad con nuestras instrucciones. Podremos divulgar cualquier informaci\u00f3n personal o de otro tipo que nos proporcione en caso que nos lo requiera una obligaci\u00f3n legal.<\/p>\n<p>Los datos de aquellas personas interesadas en Empresaula ser\u00e1n comunicadas a nuestro partner CODEGRAM TECHNOLOGIES S.L., domiciliada a Carrer Rambla D\u2019\u00c8gara, 235\u00a0\u00a0\u2013 08224 Terrassa con<\/p>\n<p>C.I.F. B65148900) a los efectos de prestar el servicio y gestionar la relaci\u00f3n con los interesados y usuarios de este servicio (m\u00e1s informaci\u00f3n en\u00a0<a href=\"http:\/\/empresaula.com\/es\/privacy\">http:\/\/empresaula.com\/es\/privacy<\/a>)<\/p>\n<p><strong>5. RETENCI\u00d3N DE DATOS<\/strong><\/p>\n<p>Para los usuarios registrados, retendremos los datos personales que nos haya proporcionado a trav\u00e9s del registro y recopilados durante el curso de los Servicios hasta la terminaci\u00f3n del acuerdo con nosotros y la desactivaci\u00f3n de su Cuenta (por parte de usted o por nosotros). Una vez que dichos datos personales ya no se usen para los fines mencionados anteriormente, se guardar\u00e1 bloqueados durante el plazo de 6 a\u00f1os, por razones legales o administrativas, como la defensa de nuestra responsabilidad y el cumplimiento de las obligaciones legales obligatorias, sujeto a la ley aplicable. Para las personas que nos contacten, conservaremos sus datos activos durante 1 a\u00f1o despu\u00e9s del \u00faltimo contacto con Ud., y 4 a\u00f1os de manera bloqueada para fines legales y\/o administrativos.<\/p>\n<p><strong>6. COMUNICACIONES COMERCIALES<\/strong><\/p>\n<p>Si marca la casilla correspondiente, acepta recibir comunicaciones comerciales de nuestra parte con respecto a nuestros servicios y otro . Si con posterioridad no desea recibir informaci\u00f3n comercial sobre\u00a0<a href=\"mailto:lopd@boolino.com\">Inform<\/a>\u00a0y otros servicios (definidos a continuaci\u00f3n), puede optar por no recibirla enviando una notificaci\u00f3n a\u00a0<a href=\"mailto:(privacy@inform.es\">(privacy@inform.es<\/a>) o haciendo clic en el enlace para cancelar la suscripci\u00f3n en nuestras comunicaciones por correo electr\u00f3nico.<\/p>\n<p><strong>7. MEDIDAS DE SEGURIDAD<\/strong><\/p>\n<p>Hemos adoptado medidas t\u00e9cnicas y organizativas para preservar y proteger tu informaci\u00f3n personal del uso y acceso no autorizado, as\u00ed como de tu alteraci\u00f3n, p\u00e9rdida o uso indebido, teniendo en cuenta los \u00faltimos avances tecnol\u00f3gicos, las caracter\u00edsticas de la informaci\u00f3n almacenada y los riesgos a los que se expone la misma.<\/p>\n<p><strong>8. SUS DERECHOS<\/strong><\/p>\n<p>En virtud de las leyes de protecci\u00f3n de datos, Usted tiene derecho al acceso, correcci\u00f3n, borrado, a objetar el procesamiento, a solicitar restricci\u00f3n del procesamiento, a la transferencia y a retirar el consentimiento con respecto al tratamiento de sus datos personales.\u00a0Puede hacer efectivos los derechos antes mencionados poni\u00e9ndose en contacto con nosotros en (privacy@inform.es) o en\u00a0<strong>Fundaci\u00f3 Inform<\/strong>, domiciliada en Carrer del Pi, n\u00famero 24, 08810 Sant Pere de Ribes, Barcelona. Tambi\u00e9n tiene derecho a presentar una queja ante la autoridad competente, en este caso, la Agencia Espa\u00f1ola de Protecci\u00f3n de Datos (Agencia Espa\u00f1ola de Protecci\u00f3n de Datos, C \/. Jorge Juan, 6, 28001 Madrid, Espa\u00f1a<strong>.<\/strong><\/p>\n<p><strong>9. GENERAL<\/strong><\/p>\n<p>Nos reservamos el derecho de modificar los t\u00e9rminos de esta Pol\u00edtica de Privacidad y le notificaremos mediante un aviso claro sobre estos cambios por correo electr\u00f3nico, en nuestro sitio web, y en esta Pol\u00edtica de Privacidad. Si contin\u00faa utilizando nuestros Servicios despu\u00e9s de dicha actualizaci\u00f3n, se considerar\u00e1 que acepta los nuevos t\u00e9rminos. Si no acepta la actualizaci\u00f3n, av\u00edsenos y cancelaremos su cuenta y eliminaremos sus datos personales (excepto cuando sea necesario mantenerlos para fines legales) y no podr\u00e1 seguir utilizando nuestros servicios.<\/p>\n<p>A menos que una regulaci\u00f3n local espec\u00edfica establezca lo contrario, la Pol\u00edtica de privacidad se rige por las leyes de Espa\u00f1a.<\/p>\n<\/div><\/div><\/div><div class=\"fusion-layout-column fusion_builder_column fusion-builder-column-3 fusion_builder_column_1_1 1_1 fusion-flex-column fusion-animated\" style=\"--awb-bg-size:cover;--awb-width-large:100%;--awb-margin-top-large:20px;--awb-spacing-right-large:1.92%;--awb-margin-bottom-large:0px;--awb-spacing-left-large:1.92%;--awb-width-medium:100%;--awb-order-medium:0;--awb-spacing-right-medium:1.92%;--awb-spacing-left-medium:1.92%;--awb-width-small:100%;--awb-order-small:0;--awb-spacing-right-small:1.92%;--awb-spacing-left-small:1.92%;\" data-animationType=\"fadeInUp\" data-animationDuration=\"0.3\" data-animationOffset=\"top-into-view\"><div class=\"fusion-column-wrapper fusion-column-has-shadow fusion-flex-justify-content-flex-start fusion-content-layout-column\"><div class=\"fusion-text fusion-text-4\"><p><strong>Documentos adjuntos:<\/strong><\/p>\n<\/div><\/div><\/div><div class=\"fusion-layout-column fusion_builder_column fusion-builder-column-4 fusion_builder_column_1_1 1_1 fusion-flex-column fusion-animated\" style=\"--awb-bg-size:cover;--awb-width-large:100%;--awb-margin-top-large:0px;--awb-spacing-right-large:1.92%;--awb-margin-bottom-large:20px;--awb-spacing-left-large:1.92%;--awb-width-medium:100%;--awb-order-medium:0;--awb-spacing-right-medium:1.92%;--awb-spacing-left-medium:1.92%;--awb-width-small:100%;--awb-order-small:0;--awb-spacing-right-small:1.92%;--awb-spacing-left-small:1.92%;\" data-animationType=\"fadeInUp\" data-animationDuration=\"0.3\" data-animationOffset=\"top-into-view\"><div class=\"fusion-column-wrapper fusion-column-has-shadow fusion-flex-justify-content-flex-start fusion-content-layout-column\"><div class=\"fusion-text fusion-text-5\"><p><a href=\"https:\/\/inform.es\/wp-content\/uploads\/2021\/12\/politica_privacidad_v2.pdf\" target=\"_blank\" rel=\"noopener\"><i class=\"fb-icon-element-1 fb-icon-element fontawesome-icon fa-file-pdf fas circle-no fusion-text-flow\" style=\"--awb-iconcolor:#aa1a40;--awb-iconcolor-hover:#aa1a40;--awb-font-size:32px;--awb-margin-right:16px;\"><\/i>Pol\u00edtica de privacidad<\/a><\/p>\n<\/div><\/div><\/div><\/div><\/div>\n","protected":false},"excerpt":{"rendered":"","protected":false},"author":1,"featured_media":0,"parent":0,"menu_order":0,"comment_status":"closed","ping_status":"closed","template":"100-width.php","meta":{"_acf_changed":false,"footnotes":""},"class_list":["post-6034","page","type-page","status-publish","hentry"],"yoast_head":"<!-- This site is optimized with the Yoast SEO plugin v27.3 - https:\/\/yoast.com\/product\/yoast-seo-wordpress\/ -->\n<title>Aviso legal - Fundaci\u00f3 Inform<\/title>\n<meta name=\"description\" content=\"Inform ofrece un servicio de simulaci\u00f3n de empresas a trav\u00e9s de los productos SEFED y Empresaula, que conforman la red de empresas simuladas.\" \/>\n<meta name=\"robots\" content=\"index, follow, max-snippet:-1, max-image-preview:large, max-video-preview:-1\" \/>\n<link rel=\"canonical\" href=\"https:\/\/inform.es\/en\/aviso-legal\/\" \/>\n<meta property=\"og:locale\" content=\"en_US\" \/>\n<meta property=\"og:type\" content=\"article\" \/>\n<meta property=\"og:title\" content=\"Aviso legal - Fundaci\u00f3 Inform\" \/>\n<meta property=\"og:description\" content=\"Inform ofrece un servicio de simulaci\u00f3n de empresas a trav\u00e9s de los productos SEFED y Empresaula, que conforman la red de empresas simuladas.\" \/>\n<meta property=\"og:url\" content=\"https:\/\/inform.es\/en\/aviso-legal\/\" \/>\n<meta property=\"og:site_name\" content=\"Fundaci\u00f3 Inform\" \/>\n<meta property=\"article:publisher\" content=\"https:\/\/www.facebook.com\/profile.php?id=100004345202006\" \/>\n<meta property=\"article:modified_time\" content=\"2022-12-04T16:59:35+00:00\" \/>\n<meta name=\"twitter:card\" content=\"summary_large_image\" \/>\n<meta name=\"twitter:site\" content=\"@FundacioInform\" \/>\n<meta name=\"twitter:label1\" content=\"Est. reading time\" \/>\n\t<meta name=\"twitter:data1\" content=\"10 minutes\" \/>\n<script type=\"application\/ld+json\" class=\"yoast-schema-graph\">{\"@context\":\"https:\\\/\\\/schema.org\",\"@graph\":[{\"@type\":\"WebPage\",\"@id\":\"https:\\\/\\\/inform.es\\\/en\\\/aviso-legal\\\/\",\"url\":\"https:\\\/\\\/inform.es\\\/en\\\/aviso-legal\\\/\",\"name\":\"Aviso legal - Fundaci\u00f3 Inform\",\"isPartOf\":{\"@id\":\"https:\\\/\\\/inform.es\\\/en\\\/#website\"},\"datePublished\":\"2021-12-21T12:51:06+00:00\",\"dateModified\":\"2022-12-04T16:59:35+00:00\",\"description\":\"Inform ofrece un servicio de simulaci\u00f3n de empresas a trav\u00e9s de los productos SEFED y Empresaula, que conforman la red de empresas simuladas.\",\"breadcrumb\":{\"@id\":\"https:\\\/\\\/inform.es\\\/en\\\/aviso-legal\\\/#breadcrumb\"},\"inLanguage\":\"en-US\",\"potentialAction\":[{\"@type\":\"ReadAction\",\"target\":[\"https:\\\/\\\/inform.es\\\/en\\\/aviso-legal\\\/\"]}]},{\"@type\":\"BreadcrumbList\",\"@id\":\"https:\\\/\\\/inform.es\\\/en\\\/aviso-legal\\\/#breadcrumb\",\"itemListElement\":[{\"@type\":\"ListItem\",\"position\":1,\"name\":\"Inici\",\"item\":\"https:\\\/\\\/inform.es\\\/en\\\/\"},{\"@type\":\"ListItem\",\"position\":2,\"name\":\"Aviso legal\"}]},{\"@type\":\"WebSite\",\"@id\":\"https:\\\/\\\/inform.es\\\/en\\\/#website\",\"url\":\"https:\\\/\\\/inform.es\\\/en\\\/\",\"name\":\"Fundaci\u00f3 Inform\",\"description\":\"Convertim l&#039;aula en empresa per aconseguir les compet\u00e8ncies professionals de tots els llocs de treball.\",\"publisher\":{\"@id\":\"https:\\\/\\\/inform.es\\\/en\\\/#organization\"},\"potentialAction\":[{\"@type\":\"SearchAction\",\"target\":{\"@type\":\"EntryPoint\",\"urlTemplate\":\"https:\\\/\\\/inform.es\\\/en\\\/?s={search_term_string}\"},\"query-input\":{\"@type\":\"PropertyValueSpecification\",\"valueRequired\":true,\"valueName\":\"search_term_string\"}}],\"inLanguage\":\"en-US\"},{\"@type\":\"Organization\",\"@id\":\"https:\\\/\\\/inform.es\\\/en\\\/#organization\",\"name\":\"Fundaci\u00f3 Inform\",\"url\":\"https:\\\/\\\/inform.es\\\/en\\\/\",\"logo\":{\"@type\":\"ImageObject\",\"inLanguage\":\"en-US\",\"@id\":\"https:\\\/\\\/inform.es\\\/en\\\/#\\\/schema\\\/logo\\\/image\\\/\",\"url\":\"https:\\\/\\\/inform.es\\\/wp-content\\\/uploads\\\/2022\\\/07\\\/logo-inform-200x79-1.png\",\"contentUrl\":\"https:\\\/\\\/inform.es\\\/wp-content\\\/uploads\\\/2022\\\/07\\\/logo-inform-200x79-1.png\",\"width\":200,\"height\":79,\"caption\":\"Fundaci\u00f3 Inform\"},\"image\":{\"@id\":\"https:\\\/\\\/inform.es\\\/en\\\/#\\\/schema\\\/logo\\\/image\\\/\"},\"sameAs\":[\"https:\\\/\\\/www.facebook.com\\\/profile.php?id=100004345202006\",\"https:\\\/\\\/x.com\\\/FundacioInform\",\"https:\\\/\\\/www.linkedin.com\\\/company\\\/fundaci-inform\\\/\",\"https:\\\/\\\/www.youtube.com\\\/user\\\/FUNDACIOINFORM\"]}]}<\/script>\n<!-- \/ Yoast SEO plugin. -->","yoast_head_json":{"title":"Aviso legal - Fundaci\u00f3 Inform","description":"Inform ofrece un servicio de simulaci\u00f3n de empresas a trav\u00e9s de los productos SEFED y Empresaula, que conforman la red de empresas simuladas.","robots":{"index":"index","follow":"follow","max-snippet":"max-snippet:-1","max-image-preview":"max-image-preview:large","max-video-preview":"max-video-preview:-1"},"canonical":"https:\/\/inform.es\/en\/aviso-legal\/","og_locale":"en_US","og_type":"article","og_title":"Aviso legal - Fundaci\u00f3 Inform","og_description":"Inform ofrece un servicio de simulaci\u00f3n de empresas a trav\u00e9s de los productos SEFED y Empresaula, que conforman la red de empresas simuladas.","og_url":"https:\/\/inform.es\/en\/aviso-legal\/","og_site_name":"Fundaci\u00f3 Inform","article_publisher":"https:\/\/www.facebook.com\/profile.php?id=100004345202006","article_modified_time":"2022-12-04T16:59:35+00:00","twitter_card":"summary_large_image","twitter_site":"@FundacioInform","twitter_misc":{"Est. reading time":"10 minutes"},"schema":{"@context":"https:\/\/schema.org","@graph":[{"@type":"WebPage","@id":"https:\/\/inform.es\/en\/aviso-legal\/","url":"https:\/\/inform.es\/en\/aviso-legal\/","name":"Aviso legal - Fundaci\u00f3 Inform","isPartOf":{"@id":"https:\/\/inform.es\/en\/#website"},"datePublished":"2021-12-21T12:51:06+00:00","dateModified":"2022-12-04T16:59:35+00:00","description":"Inform ofrece un servicio de simulaci\u00f3n de empresas a trav\u00e9s de los productos SEFED y Empresaula, que conforman la red de empresas simuladas.","breadcrumb":{"@id":"https:\/\/inform.es\/en\/aviso-legal\/#breadcrumb"},"inLanguage":"en-US","potentialAction":[{"@type":"ReadAction","target":["https:\/\/inform.es\/en\/aviso-legal\/"]}]},{"@type":"BreadcrumbList","@id":"https:\/\/inform.es\/en\/aviso-legal\/#breadcrumb","itemListElement":[{"@type":"ListItem","position":1,"name":"Inici","item":"https:\/\/inform.es\/en\/"},{"@type":"ListItem","position":2,"name":"Aviso legal"}]},{"@type":"WebSite","@id":"https:\/\/inform.es\/en\/#website","url":"https:\/\/inform.es\/en\/","name":"Fundaci\u00f3 Inform","description":"Convertim l&#039;aula en empresa per aconseguir les compet\u00e8ncies professionals de tots els llocs de treball.","publisher":{"@id":"https:\/\/inform.es\/en\/#organization"},"potentialAction":[{"@type":"SearchAction","target":{"@type":"EntryPoint","urlTemplate":"https:\/\/inform.es\/en\/?s={search_term_string}"},"query-input":{"@type":"PropertyValueSpecification","valueRequired":true,"valueName":"search_term_string"}}],"inLanguage":"en-US"},{"@type":"Organization","@id":"https:\/\/inform.es\/en\/#organization","name":"Fundaci\u00f3 Inform","url":"https:\/\/inform.es\/en\/","logo":{"@type":"ImageObject","inLanguage":"en-US","@id":"https:\/\/inform.es\/en\/#\/schema\/logo\/image\/","url":"https:\/\/inform.es\/wp-content\/uploads\/2022\/07\/logo-inform-200x79-1.png","contentUrl":"https:\/\/inform.es\/wp-content\/uploads\/2022\/07\/logo-inform-200x79-1.png","width":200,"height":79,"caption":"Fundaci\u00f3 Inform"},"image":{"@id":"https:\/\/inform.es\/en\/#\/schema\/logo\/image\/"},"sameAs":["https:\/\/www.facebook.com\/profile.php?id=100004345202006","https:\/\/x.com\/FundacioInform","https:\/\/www.linkedin.com\/company\/fundaci-inform\/","https:\/\/www.youtube.com\/user\/FUNDACIOINFORM"]}]}},"acf":[],"_links":{"self":[{"href":"https:\/\/inform.es\/en\/wp-json\/wp\/v2\/pages\/6034","targetHints":{"allow":["GET"]}}],"collection":[{"href":"https:\/\/inform.es\/en\/wp-json\/wp\/v2\/pages"}],"about":[{"href":"https:\/\/inform.es\/en\/wp-json\/wp\/v2\/types\/page"}],"author":[{"embeddable":true,"href":"https:\/\/inform.es\/en\/wp-json\/wp\/v2\/users\/1"}],"replies":[{"embeddable":true,"href":"https:\/\/inform.es\/en\/wp-json\/wp\/v2\/comments?post=6034"}],"version-history":[{"count":3,"href":"https:\/\/inform.es\/en\/wp-json\/wp\/v2\/pages\/6034\/revisions"}],"predecessor-version":[{"id":6573,"href":"https:\/\/inform.es\/en\/wp-json\/wp\/v2\/pages\/6034\/revisions\/6573"}],"wp:attachment":[{"href":"https:\/\/inform.es\/en\/wp-json\/wp\/v2\/media?parent=6034"}],"curies":[{"name":"wp","href":"https:\/\/api.w.org\/{rel}","templated":true}]}}