{"id":4701,"date":"2021-09-28T12:15:04","date_gmt":"2021-09-28T10:15:04","guid":{"rendered":"https:\/\/inform.es\/emprenedoria\/"},"modified":"2022-12-04T21:33:41","modified_gmt":"2022-12-04T19:33:41","slug":"logipro","status":"publish","type":"page","link":"https:\/\/inform.es\/es\/logipro\/","title":{"rendered":"LOGIPRO &#8211; formaci\u00f3n log\u00edstica"},"content":{"rendered":"<div class=\"fusion-fullwidth fullwidth-box fusion-builder-row-1 nonhundred-percent-fullwidth non-hundred-percent-height-scrolling\" style=\"--link_hover_color: #aa1a40;--link_color: #aa1a40;--awb-border-radius-top-left:0px;--awb-border-radius-top-right:0px;--awb-border-radius-bottom-right:0px;--awb-border-radius-bottom-left:0px;--awb-padding-top:4%;--awb-padding-bottom:4%;--awb-background-color:#ffffff;--awb-background-image:linear-gradient(216deg, #ffffff 0%,#ffffff 100%);--awb-flex-wrap:wrap;\" ><div class=\"fusion-builder-row fusion-row\"><div class=\"fusion-layout-column fusion_builder_column fusion-builder-column-0 fusion_builder_column_1_2 1_2 fusion-one-half fusion-column-first fusion-animated\" style=\"--awb-bg-size:cover;width:50%;width:calc(50% - ( ( 4% ) * 0.5 ) );margin-right: 4%;\" data-animationType=\"fadeInLeft\" data-animationDuration=\"1.6\" data-animationOffset=\"top-into-view\"><div class=\"fusion-column-wrapper fusion-column-has-shadow fusion-flex-column-wrapper-legacy\"><div class=\"fusion-title title fusion-title-1 fusion-sep-none fusion-title-text fusion-title-size-three\" style=\"--awb-margin-top:6px;\"><h3 class=\"fusion-title-heading title-heading-left fusion-responsive-typography-calculated\" style=\"margin:0;--fontSize:32;line-height:1.26;\"><h3 class=\"title-heading-left fusion-responsive-typography-calculated\" data-fontsize=\"32\" data-lineheight=\"40.32px\">Proyecto Logipro: la formaci\u00f3n log\u00edstica en la empresa simulada SEFED<\/h3><\/h3><\/div><div class=\"fusion-text fusion-text-1\" style=\"--awb-content-alignment:left;--awb-font-size:24px;--awb-line-height:1.48em;--awb-letter-spacing:-0.01em;\"><p>El proyecto LOGIPRO (2021-1-BE02-KA220-VET-000028188) pretende desarrollar un programa de aprendizaje basado en la metodolog\u00eda de la simulaci\u00f3n de empresas que prepare al alumnado europeo de FP para una formaci\u00f3n avanzada en el campo de la log\u00edstica o para un puesto de trabajo en una empresa log\u00edstica.<\/p>\n<\/div><div class=\"fusion-text fusion-text-2\"><p>Para aumentar la afluencia de estudiantes de FP con experiencia en los programas y empresas log\u00edsticas, queremos implementar la metodolog\u00eda de la simulaci\u00f3n de empresas (SEFED) en las formaciones log\u00edsticas y establecer proyectos pilotos de empresas simuladas log\u00edsticas en los centros de FP de los pa\u00edses socios. Mediante el uso de esta metodolog\u00eda estamos seguros de que este proyecto puede reducir el desajuste entre las competencias que se ense\u00f1an al alumnado y las competencias necesarias para el sector.<\/p>\n<\/div><div class=\"fusion-clearfix\"><\/div><\/div><\/div><div class=\"fusion-layout-column fusion_builder_column fusion-builder-column-1 fusion_builder_column_1_2 1_2 fusion-one-half fusion-column-last fusion-animated\" style=\"--awb-padding-top:15px;--awb-bg-size:cover;width:50%;width:calc(50% - ( ( 4% ) * 0.5 ) );\" data-animationType=\"fadeInRight\" data-animationDuration=\"1.6\" data-animationOffset=\"top-into-view\"><div class=\"fusion-column-wrapper fusion-column-has-shadow fusion-flex-column-wrapper-legacy\"><div class=\"fusion-image-element in-legacy-container\" style=\"--awb-caption-title-font-family:var(--h2_typography-font-family);--awb-caption-title-font-weight:var(--h2_typography-font-weight);--awb-caption-title-font-style:var(--h2_typography-font-style);--awb-caption-title-size:var(--h2_typography-font-size);--awb-caption-title-transform:var(--h2_typography-text-transform);--awb-caption-title-line-height:var(--h2_typography-line-height);--awb-caption-title-letter-spacing:var(--h2_typography-letter-spacing);\"><span class=\" fusion-imageframe imageframe-none imageframe-1 hover-type-none\" style=\"border-radius:8px;\"><img decoding=\"async\" width=\"500\" height=\"500\" title=\"Version 1 (3)\" src=\"https:\/\/inform.es\/wp-content\/uploads\/2022\/02\/Version-1-3.png\" data-orig-src=\"https:\/\/inform.es\/wp-content\/uploads\/2022\/02\/Version-1-3.png\" alt class=\"lazyload img-responsive wp-image-6135\" srcset=\"data:image\/svg+xml,%3Csvg%20xmlns%3D%27http%3A%2F%2Fwww.w3.org%2F2000%2Fsvg%27%20width%3D%27500%27%20height%3D%27500%27%20viewBox%3D%270%200%20500%20500%27%3E%3Crect%20width%3D%27500%27%20height%3D%27500%27%20fill-opacity%3D%220%22%2F%3E%3C%2Fsvg%3E\" data-srcset=\"https:\/\/inform.es\/wp-content\/uploads\/2022\/02\/Version-1-3-200x200.png 200w, https:\/\/inform.es\/wp-content\/uploads\/2022\/02\/Version-1-3-400x400.png 400w, https:\/\/inform.es\/wp-content\/uploads\/2022\/02\/Version-1-3.png 500w\" data-sizes=\"auto\" data-orig-sizes=\"(max-width: 1024px) 100vw, 500px\" \/><\/span><\/div><div class=\"fusion-clearfix\"><\/div><\/div><\/div><div class=\"fusion-layout-column fusion_builder_column fusion-builder-column-2 fusion_builder_column_1_1 1_1 fusion-one-full fusion-column-first fusion-column-last fusion-animated\" style=\"--awb-padding-top:30px;--awb-bg-size:cover;\" data-animationType=\"fadeInUp\" data-animationDuration=\"0.3\" data-animationOffset=\"top-into-view\"><div class=\"fusion-column-wrapper fusion-column-has-shadow fusion-flex-column-wrapper-legacy\"><div class=\"fusion-text fusion-text-3\"><h4><strong>Objetivos:<\/strong><\/h4>\n<ul>\n<li><strong>B\u00fasqueda de cualificaciones profesionales y objetivos laborales alcanzables:<\/strong> identificar qu\u00e9 objetivos de la formaci\u00f3n log\u00edstica se pueden conseguir al finalizar la formaci\u00f3n en Comercio internacional y log\u00edstica en un centro de FP ISCED 3-4 o ISCED 5-6.<\/li>\n<li><strong>Definici\u00f3n de las competencias requeridas en la FP superior y el mercado laboral:<\/strong> comparar los marcos de cualificaciones profesionales para estos perfiles log\u00edsticos espec\u00edficos en distintos pa\u00edses y comparar las competencias y habilidades clave de estas calificaciones con las necesidades reales de los mercados laborales nacionales, crearemos una lista de habilidades que definitivamente deber\u00edan conseguirse en las empresas simuladas log\u00edsticas. Esto se realizar\u00e1 mediante la consulta con profesionales y docentes del sector, empresas reales del sector log\u00edstico y un an\u00e1lisis exhaustivo de las ofertas de trabajo.<\/li>\n<li><strong>Creaci\u00f3n de un modelo de empresa simulada log\u00edstica + integraci\u00f3n de software y herramientas: <\/strong>Se establecer\u00e1 un curr\u00edculo com\u00fan utilizando la metodolog\u00eda SEFED para perfiles log\u00edsticos de FP en los distintos pa\u00edses junto con un modelo pedag\u00f3gico. El software y las herramientas log\u00edsticas relevantes se integrar\u00e1n en este modelo.<\/li>\n<li><strong>Creaci\u00f3n de empresas simuladas piloto:<\/strong> una vez definido el modelo, pondremos en marcha empresas simuladas piloto en los centros de FP que ofrezcan programas de formaci\u00f3n en log\u00edstica en los distintos pa\u00edses, atendiendo a las competencias t\u00e9cnicas y transversales que requiere el mercado laboral. Con alianzas comerciales con las empresas simuladas (compras y ventas) nacionales e internacionales, pero tambi\u00e9n crearemos colaboraciones entre las distintas empresas simuladas log\u00edsticas nacionales e internacionales.<\/li>\n<li><strong>Formaci\u00f3n para docentes:<\/strong> Elaboraci\u00f3n de un manual de formaci\u00f3n de los equipos docentes, la evaluaci\u00f3n del alumnado y la personalizaci\u00f3n del aprendizaje.<\/li>\n<\/ul>\n<h4 class=\"fusion-responsive-typography-calculated\" data-fontsize=\"26\" data-lineheight=\"36.4px\"><strong>Consorcio:<\/strong><\/h4>\n<p><strong>Coordinaci\u00f3n<\/strong>:\u00a0<a href=\"https:\/\/www.cofep.be\/\" target=\"_blank\" rel=\"noopener\"> CONNECTIEF \u2013 COFEP<\/a> B\u00e9lgica<\/p>\n<p><strong>Socios:<\/strong><\/p>\n<ul>\n<li><a href=\"https:\/\/www.penworldwide.org\" target=\"_blank\" rel=\"noopener\">PEN WORLDWIDE<\/a>\u00a0 \u00a0 Alemania<\/li>\n<li><a href=\"https:\/\/www.inform.es\">FUNDACIO INFORM<\/a>\u00a0 \u00a0Espa\u00f1a<\/li>\n<li><a href=\"https:\/\/www.howest.be\" target=\"_blank\" rel=\"noopener\">HOGESCHOOL WESTVLAANDEREN HOWEST\u00a0<\/a> \u00a0 B\u00e9lgica<\/li>\n<li><a href=\"https:\/\/www.sjsp.be\/\" target=\"_blank\" rel=\"noopener\">SINT-JOZEF SINT-PIETER<\/a>\u00a0 \u00a0 \u00a0B\u00e9lgica<\/li>\n<li><a href=\"https:\/\/ieselcalamot.com\/\" target=\"_blank\" rel=\"noopener\">INSTITUT EL CALAMOT\u00a0<\/a> \u00a0Espa\u00f1a<\/li>\n<\/ul>\n<p>Para m\u00e1s informaci\u00f3n <a href=\"http:\/\/logipro-project.com\/\">aqu\u00ed<\/a><\/p>\n<\/div><div class=\"awb-gallery-wrapper awb-gallery-wrapper-1 button-span-no\"><div style=\"margin:-15px;--awb-bordersize:0px;\" class=\"fusion-gallery fusion-gallery-container fusion-grid-2 fusion-columns-total-2 fusion-gallery-layout-grid fusion-gallery-1\"><div style=\"padding:15px;\" class=\"fusion-grid-column fusion-gallery-column fusion-gallery-column-2 hover-type-none\"><div class=\"fusion-gallery-image\"><a href=\"https:\/\/inform.es\/wp-content\/uploads\/2022\/04\/EN-Funded-by-the-EU-PANTONE-scaled-e1651143740623.jpg\" rel=\"noreferrer\" data-rel=\"iLightbox[gallery_image_1]\" class=\"fusion-lightbox\" target=\"_self\"><img decoding=\"async\" src=\"data:image\/svg+xml,%3Csvg%20xmlns%3D%27http%3A%2F%2Fwww.w3.org%2F2000%2Fsvg%27%20width%3D%27500%27%20height%3D%27105%27%20viewBox%3D%270%200%20500%20105%27%3E%3Crect%20width%3D%27500%27%20height%3D%27105%27%20fill-opacity%3D%220%22%2F%3E%3C%2Fsvg%3E\" data-orig-src=\"https:\/\/inform.es\/wp-content\/uploads\/2022\/04\/EN-Funded-by-the-EU-PANTONE-scaled-e1651143740623.jpg\" width=\"500\" height=\"105\" alt=\"\" title=\"EN-Funded by the EU-PANTONE\" aria-label=\"EN-Funded by the EU-PANTONE\" class=\"lazyload img-responsive wp-image-6231\"  \/><\/a><\/div><\/div><div style=\"padding:15px;\" class=\"fusion-grid-column fusion-gallery-column fusion-gallery-column-2 hover-type-none\"><div class=\"fusion-gallery-image\"><a rel=\"noreferrer\" data-rel=\"iLightbox[gallery_image_1]\" class=\"fusion-lightbox\" target=\"_self\"><img decoding=\"async\" src=\"data:image\/gif;base64,R0lGODlhAQABAAAAACH5BAEKAAEALAAAAAABAAEAAAICTAEAOw==\" data-orig-src=\"\" width=\"\" height=\"\" alt=\"\" title=\"\" aria-label=\"\" class=\"lazyload img-responsive wp-image-\"  \/><\/a><\/div><\/div><div class=\"clearfix\"><\/div><\/div><\/div><div class=\"fusion-clearfix\"><\/div><\/div><\/div><\/div><\/div>\n","protected":false},"excerpt":{"rendered":"","protected":false},"author":1,"featured_media":0,"parent":0,"menu_order":0,"comment_status":"closed","ping_status":"closed","template":"100-width.php","meta":{"_acf_changed":false,"footnotes":""},"class_list":["post-4701","page","type-page","status-publish","hentry"],"yoast_head":"<!-- This site is optimized with the Yoast SEO plugin v27.3 - https:\/\/yoast.com\/product\/yoast-seo-wordpress\/ -->\n<title>LOGIPRO - formaci\u00f3n log\u00edstica - Fundaci\u00f3 Inform<\/title>\n<meta name=\"description\" content=\"El proyecto LOGIPRO pretende desarrollar un programa de aprendizaje basado en la metodolog\u00eda de la simulaci\u00f3n de empresas.\" \/>\n<meta name=\"robots\" content=\"index, follow, max-snippet:-1, max-image-preview:large, max-video-preview:-1\" \/>\n<link rel=\"canonical\" href=\"https:\/\/inform.es\/es\/logipro\/\" \/>\n<meta property=\"og:locale\" content=\"es_ES\" \/>\n<meta property=\"og:type\" content=\"article\" \/>\n<meta property=\"og:title\" content=\"LOGIPRO - formaci\u00f3n log\u00edstica - Fundaci\u00f3 Inform\" \/>\n<meta property=\"og:description\" content=\"El proyecto LOGIPRO pretende desarrollar un programa de aprendizaje basado en la metodolog\u00eda de la simulaci\u00f3n de empresas.\" \/>\n<meta property=\"og:url\" content=\"https:\/\/inform.es\/es\/logipro\/\" \/>\n<meta property=\"og:site_name\" content=\"Fundaci\u00f3 Inform\" \/>\n<meta property=\"article:publisher\" content=\"https:\/\/www.facebook.com\/profile.php?id=100004345202006\" \/>\n<meta property=\"article:modified_time\" content=\"2022-12-04T19:33:41+00:00\" \/>\n<meta name=\"twitter:card\" content=\"summary_large_image\" \/>\n<meta name=\"twitter:site\" content=\"@FundacioInform\" \/>\n<meta name=\"twitter:label1\" content=\"Tiempo de lectura\" \/>\n\t<meta name=\"twitter:data1\" content=\"5 minutos\" \/>\n<script type=\"application\/ld+json\" class=\"yoast-schema-graph\">{\"@context\":\"https:\\\/\\\/schema.org\",\"@graph\":[{\"@type\":\"WebPage\",\"@id\":\"https:\\\/\\\/inform.es\\\/es\\\/logipro\\\/\",\"url\":\"https:\\\/\\\/inform.es\\\/es\\\/logipro\\\/\",\"name\":\"LOGIPRO - formaci\u00f3n log\u00edstica - Fundaci\u00f3 Inform\",\"isPartOf\":{\"@id\":\"https:\\\/\\\/inform.es\\\/es\\\/#website\"},\"datePublished\":\"2021-09-28T10:15:04+00:00\",\"dateModified\":\"2022-12-04T19:33:41+00:00\",\"description\":\"El proyecto LOGIPRO pretende desarrollar un programa de aprendizaje basado en la metodolog\u00eda de la simulaci\u00f3n de empresas.\",\"breadcrumb\":{\"@id\":\"https:\\\/\\\/inform.es\\\/es\\\/logipro\\\/#breadcrumb\"},\"inLanguage\":\"es\",\"potentialAction\":[{\"@type\":\"ReadAction\",\"target\":[\"https:\\\/\\\/inform.es\\\/es\\\/logipro\\\/\"]}]},{\"@type\":\"BreadcrumbList\",\"@id\":\"https:\\\/\\\/inform.es\\\/es\\\/logipro\\\/#breadcrumb\",\"itemListElement\":[{\"@type\":\"ListItem\",\"position\":1,\"name\":\"Inici\",\"item\":\"https:\\\/\\\/inform.es\\\/es\\\/\"},{\"@type\":\"ListItem\",\"position\":2,\"name\":\"LOGIPRO &#8211; formaci\u00f3n log\u00edstica\"}]},{\"@type\":\"WebSite\",\"@id\":\"https:\\\/\\\/inform.es\\\/es\\\/#website\",\"url\":\"https:\\\/\\\/inform.es\\\/es\\\/\",\"name\":\"Fundaci\u00f3 Inform\",\"description\":\"Convertim l&#039;aula en empresa per aconseguir les compet\u00e8ncies professionals de tots els llocs de treball.\",\"publisher\":{\"@id\":\"https:\\\/\\\/inform.es\\\/es\\\/#organization\"},\"potentialAction\":[{\"@type\":\"SearchAction\",\"target\":{\"@type\":\"EntryPoint\",\"urlTemplate\":\"https:\\\/\\\/inform.es\\\/es\\\/?s={search_term_string}\"},\"query-input\":{\"@type\":\"PropertyValueSpecification\",\"valueRequired\":true,\"valueName\":\"search_term_string\"}}],\"inLanguage\":\"es\"},{\"@type\":\"Organization\",\"@id\":\"https:\\\/\\\/inform.es\\\/es\\\/#organization\",\"name\":\"Fundaci\u00f3 Inform\",\"url\":\"https:\\\/\\\/inform.es\\\/es\\\/\",\"logo\":{\"@type\":\"ImageObject\",\"inLanguage\":\"es\",\"@id\":\"https:\\\/\\\/inform.es\\\/es\\\/#\\\/schema\\\/logo\\\/image\\\/\",\"url\":\"https:\\\/\\\/inform.es\\\/wp-content\\\/uploads\\\/2022\\\/07\\\/logo-inform-200x79-1.png\",\"contentUrl\":\"https:\\\/\\\/inform.es\\\/wp-content\\\/uploads\\\/2022\\\/07\\\/logo-inform-200x79-1.png\",\"width\":200,\"height\":79,\"caption\":\"Fundaci\u00f3 Inform\"},\"image\":{\"@id\":\"https:\\\/\\\/inform.es\\\/es\\\/#\\\/schema\\\/logo\\\/image\\\/\"},\"sameAs\":[\"https:\\\/\\\/www.facebook.com\\\/profile.php?id=100004345202006\",\"https:\\\/\\\/x.com\\\/FundacioInform\",\"https:\\\/\\\/www.linkedin.com\\\/company\\\/fundaci-inform\\\/\",\"https:\\\/\\\/www.youtube.com\\\/user\\\/FUNDACIOINFORM\"]}]}<\/script>\n<!-- \/ Yoast SEO plugin. -->","yoast_head_json":{"title":"LOGIPRO - formaci\u00f3n log\u00edstica - Fundaci\u00f3 Inform","description":"El proyecto LOGIPRO pretende desarrollar un programa de aprendizaje basado en la metodolog\u00eda de la simulaci\u00f3n de empresas.","robots":{"index":"index","follow":"follow","max-snippet":"max-snippet:-1","max-image-preview":"max-image-preview:large","max-video-preview":"max-video-preview:-1"},"canonical":"https:\/\/inform.es\/es\/logipro\/","og_locale":"es_ES","og_type":"article","og_title":"LOGIPRO - formaci\u00f3n log\u00edstica - Fundaci\u00f3 Inform","og_description":"El proyecto LOGIPRO pretende desarrollar un programa de aprendizaje basado en la metodolog\u00eda de la simulaci\u00f3n de empresas.","og_url":"https:\/\/inform.es\/es\/logipro\/","og_site_name":"Fundaci\u00f3 Inform","article_publisher":"https:\/\/www.facebook.com\/profile.php?id=100004345202006","article_modified_time":"2022-12-04T19:33:41+00:00","twitter_card":"summary_large_image","twitter_site":"@FundacioInform","twitter_misc":{"Tiempo de lectura":"5 minutos"},"schema":{"@context":"https:\/\/schema.org","@graph":[{"@type":"WebPage","@id":"https:\/\/inform.es\/es\/logipro\/","url":"https:\/\/inform.es\/es\/logipro\/","name":"LOGIPRO - formaci\u00f3n log\u00edstica - Fundaci\u00f3 Inform","isPartOf":{"@id":"https:\/\/inform.es\/es\/#website"},"datePublished":"2021-09-28T10:15:04+00:00","dateModified":"2022-12-04T19:33:41+00:00","description":"El proyecto LOGIPRO pretende desarrollar un programa de aprendizaje basado en la metodolog\u00eda de la simulaci\u00f3n de empresas.","breadcrumb":{"@id":"https:\/\/inform.es\/es\/logipro\/#breadcrumb"},"inLanguage":"es","potentialAction":[{"@type":"ReadAction","target":["https:\/\/inform.es\/es\/logipro\/"]}]},{"@type":"BreadcrumbList","@id":"https:\/\/inform.es\/es\/logipro\/#breadcrumb","itemListElement":[{"@type":"ListItem","position":1,"name":"Inici","item":"https:\/\/inform.es\/es\/"},{"@type":"ListItem","position":2,"name":"LOGIPRO &#8211; formaci\u00f3n log\u00edstica"}]},{"@type":"WebSite","@id":"https:\/\/inform.es\/es\/#website","url":"https:\/\/inform.es\/es\/","name":"Fundaci\u00f3 Inform","description":"Convertim l&#039;aula en empresa per aconseguir les compet\u00e8ncies professionals de tots els llocs de treball.","publisher":{"@id":"https:\/\/inform.es\/es\/#organization"},"potentialAction":[{"@type":"SearchAction","target":{"@type":"EntryPoint","urlTemplate":"https:\/\/inform.es\/es\/?s={search_term_string}"},"query-input":{"@type":"PropertyValueSpecification","valueRequired":true,"valueName":"search_term_string"}}],"inLanguage":"es"},{"@type":"Organization","@id":"https:\/\/inform.es\/es\/#organization","name":"Fundaci\u00f3 Inform","url":"https:\/\/inform.es\/es\/","logo":{"@type":"ImageObject","inLanguage":"es","@id":"https:\/\/inform.es\/es\/#\/schema\/logo\/image\/","url":"https:\/\/inform.es\/wp-content\/uploads\/2022\/07\/logo-inform-200x79-1.png","contentUrl":"https:\/\/inform.es\/wp-content\/uploads\/2022\/07\/logo-inform-200x79-1.png","width":200,"height":79,"caption":"Fundaci\u00f3 Inform"},"image":{"@id":"https:\/\/inform.es\/es\/#\/schema\/logo\/image\/"},"sameAs":["https:\/\/www.facebook.com\/profile.php?id=100004345202006","https:\/\/x.com\/FundacioInform","https:\/\/www.linkedin.com\/company\/fundaci-inform\/","https:\/\/www.youtube.com\/user\/FUNDACIOINFORM"]}]}},"acf":[],"_links":{"self":[{"href":"https:\/\/inform.es\/es\/wp-json\/wp\/v2\/pages\/4701","targetHints":{"allow":["GET"]}}],"collection":[{"href":"https:\/\/inform.es\/es\/wp-json\/wp\/v2\/pages"}],"about":[{"href":"https:\/\/inform.es\/es\/wp-json\/wp\/v2\/types\/page"}],"author":[{"embeddable":true,"href":"https:\/\/inform.es\/es\/wp-json\/wp\/v2\/users\/1"}],"replies":[{"embeddable":true,"href":"https:\/\/inform.es\/es\/wp-json\/wp\/v2\/comments?post=4701"}],"version-history":[{"count":35,"href":"https:\/\/inform.es\/es\/wp-json\/wp\/v2\/pages\/4701\/revisions"}],"predecessor-version":[{"id":6345,"href":"https:\/\/inform.es\/es\/wp-json\/wp\/v2\/pages\/4701\/revisions\/6345"}],"wp:attachment":[{"href":"https:\/\/inform.es\/es\/wp-json\/wp\/v2\/media?parent=4701"}],"curies":[{"name":"wp","href":"https:\/\/api.w.org\/{rel}","templated":true}]}}