{"id":4706,"date":"2021-09-28T12:33:30","date_gmt":"2021-09-28T10:33:30","guid":{"rendered":"https:\/\/inform.es\/abandonament-escolar-projecte-rusesl\/"},"modified":"2024-12-12T15:40:12","modified_gmt":"2024-12-12T14:40:12","slug":"inhershoes","status":"publish","type":"page","link":"https:\/\/inform.es\/es\/inhershoes\/","title":{"rendered":"IN HER SHOES: herramientas para la igualdad de g\u00e9nero"},"content":{"rendered":"<div class=\"fusion-fullwidth fullwidth-box fusion-builder-row-1 nonhundred-percent-fullwidth non-hundred-percent-height-scrolling\" style=\"--link_hover_color: #aa1a40;--link_color: #aa1a40;--awb-border-radius-top-left:0px;--awb-border-radius-top-right:0px;--awb-border-radius-bottom-right:0px;--awb-border-radius-bottom-left:0px;--awb-padding-top:4%;--awb-padding-bottom:4%;--awb-background-color:#ffffff;--awb-background-image:linear-gradient(216deg, #ffffff 0%,#ffffff 100%);--awb-flex-wrap:wrap;\" ><div class=\"fusion-builder-row fusion-row\"><div class=\"fusion-layout-column fusion_builder_column fusion-builder-column-0 fusion_builder_column_1_2 1_2 fusion-one-half fusion-column-first fusion-animated\" style=\"--awb-bg-size:cover;width:50%;width:calc(50% - ( ( 4% ) * 0.5 ) );margin-right: 4%;\" data-animationType=\"fadeInLeft\" data-animationDuration=\"1.6\" data-animationOffset=\"top-into-view\"><div class=\"fusion-column-wrapper fusion-column-has-shadow fusion-flex-column-wrapper-legacy\"><div class=\"fusion-title title fusion-title-1 fusion-sep-none fusion-title-text fusion-title-size-three\" style=\"--awb-margin-top:6px;\"><h3 class=\"fusion-title-heading title-heading-left fusion-responsive-typography-calculated\" style=\"margin:0;--fontSize:32;line-height:1.26;\">Kit de herramientas para trabajar la igualdad de g\u00e9nero en las empresas simuladas<\/h3><\/div><div class=\"fusion-text fusion-text-1\" style=\"--awb-font-size:24px;\"><p><strong>Fundaci\u00f3n Inform<\/strong>\u00a0ha participado en un proyecto Erasmus KA2 junto con la\u00a0<a href=\"https:\/\/www.hekima.sk\/\" target=\"_blank\" rel=\"noopener\"><strong>ONG Hekima<\/strong><\/a> de Eslovaquia y con la financiaci\u00f3n de la UE con el objetivo de concienciar y sensibilizar sobre las dificultades sociales que las mujeres enfrentan en su d\u00eda a d\u00eda. Este proyecto proporciona material did\u00e1ctico para trabajar el emprendimiento y la visi\u00f3n empresarial en la empresa simulada desde una perspectiva de g\u00e9nero.<\/p>\n<\/div><div class=\"fusion-clearfix\"><\/div><\/div><\/div><div class=\"fusion-layout-column fusion_builder_column fusion-builder-column-1 fusion_builder_column_1_2 1_2 fusion-one-half fusion-column-last fusion-animated\" style=\"--awb-padding-top:15px;--awb-bg-size:cover;width:50%;width:calc(50% - ( ( 4% ) * 0.5 ) );\" data-animationType=\"fadeInRight\" data-animationDuration=\"1.6\" data-animationOffset=\"top-into-view\"><div class=\"fusion-column-wrapper fusion-column-has-shadow fusion-flex-column-wrapper-legacy\"><div class=\"fusion-image-element in-legacy-container\" style=\"--awb-caption-title-font-family:var(--h2_typography-font-family);--awb-caption-title-font-weight:var(--h2_typography-font-weight);--awb-caption-title-font-style:var(--h2_typography-font-style);--awb-caption-title-size:var(--h2_typography-font-size);--awb-caption-title-transform:var(--h2_typography-text-transform);--awb-caption-title-line-height:var(--h2_typography-line-height);--awb-caption-title-letter-spacing:var(--h2_typography-letter-spacing);\"><span class=\" fusion-imageframe imageframe-none imageframe-1 hover-type-none\" style=\"border-radius:8px;\"><img decoding=\"async\" width=\"400\" height=\"497\" title=\"image_cast\" src=\"https:\/\/inform.es\/wp-content\/uploads\/2024\/12\/image_cast-1.png\" data-orig-src=\"http:\/\/inform.es\/wp-content\/uploads\/2024\/12\/image_cast-1-400x497.png\" alt class=\"lazyload img-responsive wp-image-7362\" srcset=\"data:image\/svg+xml,%3Csvg%20xmlns%3D%27http%3A%2F%2Fwww.w3.org%2F2000%2Fsvg%27%20width%3D%27713%27%20height%3D%27886%27%20viewBox%3D%270%200%20713%20886%27%3E%3Crect%20width%3D%27713%27%20height%3D%27886%27%20fill-opacity%3D%220%22%2F%3E%3C%2Fsvg%3E\" data-srcset=\"https:\/\/inform.es\/wp-content\/uploads\/2024\/12\/image_cast-1-200x249.png 200w, https:\/\/inform.es\/wp-content\/uploads\/2024\/12\/image_cast-1-400x497.png 400w, https:\/\/inform.es\/wp-content\/uploads\/2024\/12\/image_cast-1-600x746.png 600w, https:\/\/inform.es\/wp-content\/uploads\/2024\/12\/image_cast-1.png 713w\" data-sizes=\"auto\" data-orig-sizes=\"(max-width: 1024px) 100vw, 400px\" \/><\/span><\/div><div class=\"fusion-clearfix\"><\/div><\/div><\/div><div class=\"fusion-layout-column fusion_builder_column fusion-builder-column-2 fusion_builder_column_1_2 1_2 fusion-one-half fusion-column-first fusion-animated\" style=\"--awb-padding-top:30px;--awb-bg-size:cover;width:48%; margin-right: 4%;\" data-animationType=\"fadeInUp\" data-animationDuration=\"0.3\" data-animationOffset=\"top-into-view\"><div class=\"fusion-column-wrapper fusion-column-has-shadow fusion-flex-column-wrapper-legacy\"><div class=\"fusion-text fusion-text-2\" style=\"--awb-font-size:24px;\"><p><strong>Un juego de mesa para concienciar a la juventud sobre los problemas sociales que afectan la vida de las mujeres<\/strong><\/p>\n<\/div><div class=\"fusion-text fusion-text-3\"><p>Con este juego de mesa educativo\u00a0<em>Empresas Simuladas: Un Espacio para Fomentar la Igualdad de G\u00e9nero y la Inclusi\u00f3n<\/em>, abordamos temas tab\u00fa como la discriminaci\u00f3n de las mujeres, las oportunidades laborales limitadas, la brecha salarial de g\u00e9nero y la presi\u00f3n por conciliar la vida laboral y familiar, entre otros.<\/p>\n<p>Entendemos que es fundamental que principalmente los y las j\u00f3venes \u2014futuras personas emprendedoras y directivas\u2014 comprendan los problemas sociales que afectan directamente la vida cotidiana de las mujeres. Adem\u00e1s, deben ser capaces de aplicar estos conocimientos en la pr\u00e1ctica a la hora de incorporarse al mundo laboral o iniciar su propia empresa. El objetivo del juego es fortalecer la empat\u00eda y la responsabilidad social de los m\u00e1s j\u00f3venes para contribuir a una sociedad m\u00e1s justa. El juego tambi\u00e9n incluye un kit de herramientas sobre igualdad y actividades que se pueden implementar en las empresas simuladas.<\/p>\n<p>Accede al tablero de juego, al kit de herramientas y al material did\u00e1ctico en este enlace. Esperamos que sea de utilidad para vuestro centro educativo.<\/p>\n<p><em>Esta gu\u00eda fue creada dentro del proyecto In Her Shoes: Empowering Women through Game-based Innovation n.\u00ba 2023-1-SK01-KA210-VET-000166926, financiado por la Uni\u00f3n Europea. Las opiniones expresadas en esta publicaci\u00f3n no reflejan necesariamente las opiniones de la Uni\u00f3n Europea ni de la SAAIC. La Uni\u00f3n Europea y la SAAIC no son responsables de ellas.<\/em><\/p>\n<\/div><div class=\"fusion-button-wrapper\"><a class=\"fusion-button button-flat fusion-button-default-size button-default fusion-button-default button-1 fusion-button-default-span fusion-button-default-type\" target=\"_self\" href=\"https:\/\/sim.inform.es\/index.php\/s\/DCFf5rzn6zREZAD\"><span class=\"fusion-button-text awb-button__text awb-button__text--default\">Material did\u00e1ctico<\/span><\/a><\/div><div class=\"fusion-clearfix\"><\/div><\/div><\/div><div class=\"fusion-layout-column fusion_builder_column fusion-builder-column-3 fusion_builder_column_1_1 1_1 fusion-one-full fusion-column-last fusion-animated\" style=\"--awb-padding-top:30px;--awb-padding-bottom:30px;--awb-bg-size:cover;\" data-animationType=\"fadeInUp\" data-animationDuration=\"0.3\" data-animationOffset=\"top-into-view\"><div class=\"fusion-column-wrapper fusion-column-has-shadow fusion-flex-column-wrapper-legacy\"><div class=\"fusion-image-element in-legacy-container\" style=\"--awb-max-width:340px;--awb-caption-title-font-family:var(--h2_typography-font-family);--awb-caption-title-font-weight:var(--h2_typography-font-weight);--awb-caption-title-font-style:var(--h2_typography-font-style);--awb-caption-title-size:var(--h2_typography-font-size);--awb-caption-title-transform:var(--h2_typography-text-transform);--awb-caption-title-line-height:var(--h2_typography-line-height);--awb-caption-title-letter-spacing:var(--h2_typography-letter-spacing);\"><span class=\" fusion-imageframe imageframe-none imageframe-2 hover-type-none\"><img decoding=\"async\" width=\"300\" height=\"63\" title=\"EN-Funded by the EU-PANTONE (1)\" src=\"https:\/\/inform.es\/wp-content\/uploads\/2022\/06\/EN-Funded-by-the-EU-PANTONE-1-scaled.jpg\" data-orig-src=\"http:\/\/inform.es\/wp-content\/uploads\/2022\/06\/EN-Funded-by-the-EU-PANTONE-1-300x63.jpg\" alt class=\"lazyload img-responsive wp-image-6403\" srcset=\"data:image\/svg+xml,%3Csvg%20xmlns%3D%27http%3A%2F%2Fwww.w3.org%2F2000%2Fsvg%27%20width%3D%272560%27%20height%3D%27537%27%20viewBox%3D%270%200%202560%20537%27%3E%3Crect%20width%3D%272560%27%20height%3D%27537%27%20fill-opacity%3D%220%22%2F%3E%3C%2Fsvg%3E\" data-srcset=\"https:\/\/inform.es\/wp-content\/uploads\/2022\/06\/EN-Funded-by-the-EU-PANTONE-1-200x42.jpg 200w, https:\/\/inform.es\/wp-content\/uploads\/2022\/06\/EN-Funded-by-the-EU-PANTONE-1-400x84.jpg 400w, https:\/\/inform.es\/wp-content\/uploads\/2022\/06\/EN-Funded-by-the-EU-PANTONE-1-600x126.jpg 600w, https:\/\/inform.es\/wp-content\/uploads\/2022\/06\/EN-Funded-by-the-EU-PANTONE-1-800x168.jpg 800w, https:\/\/inform.es\/wp-content\/uploads\/2022\/06\/EN-Funded-by-the-EU-PANTONE-1-1200x252.jpg 1200w, https:\/\/inform.es\/wp-content\/uploads\/2022\/06\/EN-Funded-by-the-EU-PANTONE-1-scaled.jpg 2560w\" data-sizes=\"auto\" data-orig-sizes=\"(max-width: 1024px) 100vw, 300px\" \/><\/span><\/div><div class=\"fusion-clearfix\"><\/div><\/div><\/div><\/div><\/div>\n","protected":false},"excerpt":{"rendered":"","protected":false},"author":1,"featured_media":0,"parent":0,"menu_order":0,"comment_status":"closed","ping_status":"closed","template":"100-width.php","meta":{"_acf_changed":false,"footnotes":""},"class_list":["post-4706","page","type-page","status-publish","hentry"],"yoast_head":"<!-- This site is optimized with the Yoast SEO plugin v27.3 - https:\/\/yoast.com\/product\/yoast-seo-wordpress\/ -->\n<title>IN HER SHOES: herramientas para la igualdad de g\u00e9nero - Fundaci\u00f3 Inform<\/title>\n<meta name=\"description\" content=\"La Fundaci\u00f3 Inform elabora material did\u00e1ctico para la mejora de la igualdad de g\u00e9nero en las empresas simuladas\" \/>\n<meta name=\"robots\" content=\"index, follow, max-snippet:-1, max-image-preview:large, max-video-preview:-1\" \/>\n<link rel=\"canonical\" href=\"https:\/\/inform.es\/es\/inhershoes\/\" \/>\n<meta property=\"og:locale\" content=\"es_ES\" \/>\n<meta property=\"og:type\" content=\"article\" \/>\n<meta property=\"og:title\" content=\"IN HER SHOES: herramientas para la igualdad de g\u00e9nero - Fundaci\u00f3 Inform\" \/>\n<meta property=\"og:description\" content=\"La Fundaci\u00f3 Inform elabora material did\u00e1ctico para la mejora de la igualdad de g\u00e9nero en las empresas simuladas\" \/>\n<meta property=\"og:url\" content=\"https:\/\/inform.es\/es\/inhershoes\/\" \/>\n<meta property=\"og:site_name\" content=\"Fundaci\u00f3 Inform\" \/>\n<meta property=\"article:publisher\" content=\"https:\/\/www.facebook.com\/profile.php?id=100004345202006\" \/>\n<meta property=\"article:modified_time\" content=\"2024-12-12T14:40:12+00:00\" \/>\n<meta name=\"twitter:card\" content=\"summary_large_image\" \/>\n<meta name=\"twitter:site\" content=\"@FundacioInform\" \/>\n<meta name=\"twitter:label1\" content=\"Tiempo de lectura\" \/>\n\t<meta name=\"twitter:data1\" content=\"26 minutos\" \/>\n<script type=\"application\/ld+json\" class=\"yoast-schema-graph\">{\"@context\":\"https:\\\/\\\/schema.org\",\"@graph\":[{\"@type\":\"WebPage\",\"@id\":\"https:\\\/\\\/inform.es\\\/es\\\/inhershoes\\\/\",\"url\":\"https:\\\/\\\/inform.es\\\/es\\\/inhershoes\\\/\",\"name\":\"IN HER SHOES: herramientas para la igualdad de g\u00e9nero - Fundaci\u00f3 Inform\",\"isPartOf\":{\"@id\":\"https:\\\/\\\/inform.es\\\/es\\\/#website\"},\"datePublished\":\"2021-09-28T10:33:30+00:00\",\"dateModified\":\"2024-12-12T14:40:12+00:00\",\"description\":\"La Fundaci\u00f3 Inform elabora material did\u00e1ctico para la mejora de la igualdad de g\u00e9nero en las empresas simuladas\",\"breadcrumb\":{\"@id\":\"https:\\\/\\\/inform.es\\\/es\\\/inhershoes\\\/#breadcrumb\"},\"inLanguage\":\"es\",\"potentialAction\":[{\"@type\":\"ReadAction\",\"target\":[\"https:\\\/\\\/inform.es\\\/es\\\/inhershoes\\\/\"]}]},{\"@type\":\"BreadcrumbList\",\"@id\":\"https:\\\/\\\/inform.es\\\/es\\\/inhershoes\\\/#breadcrumb\",\"itemListElement\":[{\"@type\":\"ListItem\",\"position\":1,\"name\":\"Inici\",\"item\":\"https:\\\/\\\/inform.es\\\/es\\\/\"},{\"@type\":\"ListItem\",\"position\":2,\"name\":\"IN HER SHOES: herramientas para la igualdad de g\u00e9nero\"}]},{\"@type\":\"WebSite\",\"@id\":\"https:\\\/\\\/inform.es\\\/es\\\/#website\",\"url\":\"https:\\\/\\\/inform.es\\\/es\\\/\",\"name\":\"Fundaci\u00f3 Inform\",\"description\":\"Convertim l&#039;aula en empresa per aconseguir les compet\u00e8ncies professionals de tots els llocs de treball.\",\"publisher\":{\"@id\":\"https:\\\/\\\/inform.es\\\/es\\\/#organization\"},\"potentialAction\":[{\"@type\":\"SearchAction\",\"target\":{\"@type\":\"EntryPoint\",\"urlTemplate\":\"https:\\\/\\\/inform.es\\\/es\\\/?s={search_term_string}\"},\"query-input\":{\"@type\":\"PropertyValueSpecification\",\"valueRequired\":true,\"valueName\":\"search_term_string\"}}],\"inLanguage\":\"es\"},{\"@type\":\"Organization\",\"@id\":\"https:\\\/\\\/inform.es\\\/es\\\/#organization\",\"name\":\"Fundaci\u00f3 Inform\",\"url\":\"https:\\\/\\\/inform.es\\\/es\\\/\",\"logo\":{\"@type\":\"ImageObject\",\"inLanguage\":\"es\",\"@id\":\"https:\\\/\\\/inform.es\\\/es\\\/#\\\/schema\\\/logo\\\/image\\\/\",\"url\":\"https:\\\/\\\/inform.es\\\/wp-content\\\/uploads\\\/2022\\\/07\\\/logo-inform-200x79-1.png\",\"contentUrl\":\"https:\\\/\\\/inform.es\\\/wp-content\\\/uploads\\\/2022\\\/07\\\/logo-inform-200x79-1.png\",\"width\":200,\"height\":79,\"caption\":\"Fundaci\u00f3 Inform\"},\"image\":{\"@id\":\"https:\\\/\\\/inform.es\\\/es\\\/#\\\/schema\\\/logo\\\/image\\\/\"},\"sameAs\":[\"https:\\\/\\\/www.facebook.com\\\/profile.php?id=100004345202006\",\"https:\\\/\\\/x.com\\\/FundacioInform\",\"https:\\\/\\\/www.linkedin.com\\\/company\\\/fundaci-inform\\\/\",\"https:\\\/\\\/www.youtube.com\\\/user\\\/FUNDACIOINFORM\"]}]}<\/script>\n<!-- \/ Yoast SEO plugin. -->","yoast_head_json":{"title":"IN HER SHOES: herramientas para la igualdad de g\u00e9nero - Fundaci\u00f3 Inform","description":"La Fundaci\u00f3 Inform elabora material did\u00e1ctico para la mejora de la igualdad de g\u00e9nero en las empresas simuladas","robots":{"index":"index","follow":"follow","max-snippet":"max-snippet:-1","max-image-preview":"max-image-preview:large","max-video-preview":"max-video-preview:-1"},"canonical":"https:\/\/inform.es\/es\/inhershoes\/","og_locale":"es_ES","og_type":"article","og_title":"IN HER SHOES: herramientas para la igualdad de g\u00e9nero - Fundaci\u00f3 Inform","og_description":"La Fundaci\u00f3 Inform elabora material did\u00e1ctico para la mejora de la igualdad de g\u00e9nero en las empresas simuladas","og_url":"https:\/\/inform.es\/es\/inhershoes\/","og_site_name":"Fundaci\u00f3 Inform","article_publisher":"https:\/\/www.facebook.com\/profile.php?id=100004345202006","article_modified_time":"2024-12-12T14:40:12+00:00","twitter_card":"summary_large_image","twitter_site":"@FundacioInform","twitter_misc":{"Tiempo de lectura":"26 minutos"},"schema":{"@context":"https:\/\/schema.org","@graph":[{"@type":"WebPage","@id":"https:\/\/inform.es\/es\/inhershoes\/","url":"https:\/\/inform.es\/es\/inhershoes\/","name":"IN HER SHOES: herramientas para la igualdad de g\u00e9nero - Fundaci\u00f3 Inform","isPartOf":{"@id":"https:\/\/inform.es\/es\/#website"},"datePublished":"2021-09-28T10:33:30+00:00","dateModified":"2024-12-12T14:40:12+00:00","description":"La Fundaci\u00f3 Inform elabora material did\u00e1ctico para la mejora de la igualdad de g\u00e9nero en las empresas simuladas","breadcrumb":{"@id":"https:\/\/inform.es\/es\/inhershoes\/#breadcrumb"},"inLanguage":"es","potentialAction":[{"@type":"ReadAction","target":["https:\/\/inform.es\/es\/inhershoes\/"]}]},{"@type":"BreadcrumbList","@id":"https:\/\/inform.es\/es\/inhershoes\/#breadcrumb","itemListElement":[{"@type":"ListItem","position":1,"name":"Inici","item":"https:\/\/inform.es\/es\/"},{"@type":"ListItem","position":2,"name":"IN HER SHOES: herramientas para la igualdad de g\u00e9nero"}]},{"@type":"WebSite","@id":"https:\/\/inform.es\/es\/#website","url":"https:\/\/inform.es\/es\/","name":"Fundaci\u00f3 Inform","description":"Convertim l&#039;aula en empresa per aconseguir les compet\u00e8ncies professionals de tots els llocs de treball.","publisher":{"@id":"https:\/\/inform.es\/es\/#organization"},"potentialAction":[{"@type":"SearchAction","target":{"@type":"EntryPoint","urlTemplate":"https:\/\/inform.es\/es\/?s={search_term_string}"},"query-input":{"@type":"PropertyValueSpecification","valueRequired":true,"valueName":"search_term_string"}}],"inLanguage":"es"},{"@type":"Organization","@id":"https:\/\/inform.es\/es\/#organization","name":"Fundaci\u00f3 Inform","url":"https:\/\/inform.es\/es\/","logo":{"@type":"ImageObject","inLanguage":"es","@id":"https:\/\/inform.es\/es\/#\/schema\/logo\/image\/","url":"https:\/\/inform.es\/wp-content\/uploads\/2022\/07\/logo-inform-200x79-1.png","contentUrl":"https:\/\/inform.es\/wp-content\/uploads\/2022\/07\/logo-inform-200x79-1.png","width":200,"height":79,"caption":"Fundaci\u00f3 Inform"},"image":{"@id":"https:\/\/inform.es\/es\/#\/schema\/logo\/image\/"},"sameAs":["https:\/\/www.facebook.com\/profile.php?id=100004345202006","https:\/\/x.com\/FundacioInform","https:\/\/www.linkedin.com\/company\/fundaci-inform\/","https:\/\/www.youtube.com\/user\/FUNDACIOINFORM"]}]}},"acf":[],"_links":{"self":[{"href":"https:\/\/inform.es\/es\/wp-json\/wp\/v2\/pages\/4706","targetHints":{"allow":["GET"]}}],"collection":[{"href":"https:\/\/inform.es\/es\/wp-json\/wp\/v2\/pages"}],"about":[{"href":"https:\/\/inform.es\/es\/wp-json\/wp\/v2\/types\/page"}],"author":[{"embeddable":true,"href":"https:\/\/inform.es\/es\/wp-json\/wp\/v2\/users\/1"}],"replies":[{"embeddable":true,"href":"https:\/\/inform.es\/es\/wp-json\/wp\/v2\/comments?post=4706"}],"version-history":[{"count":22,"href":"https:\/\/inform.es\/es\/wp-json\/wp\/v2\/pages\/4706\/revisions"}],"predecessor-version":[{"id":7442,"href":"https:\/\/inform.es\/es\/wp-json\/wp\/v2\/pages\/4706\/revisions\/7442"}],"wp:attachment":[{"href":"https:\/\/inform.es\/es\/wp-json\/wp\/v2\/media?parent=4706"}],"curies":[{"name":"wp","href":"https:\/\/api.w.org\/{rel}","templated":true}]}}