{"id":4720,"date":"2021-09-28T12:55:09","date_gmt":"2021-09-28T10:55:09","guid":{"rendered":"https:\/\/inform.es\/competencies-de-lideratge-a-la-fp-projecte-fetled\/"},"modified":"2022-12-04T17:51:10","modified_gmt":"2022-12-04T15:51:10","slug":"competencias-emprendedoras-en-la-fp","status":"publish","type":"page","link":"https:\/\/inform.es\/es\/competencias-emprendedoras-en-la-fp\/","title":{"rendered":"Competencias emprendedoras en la FP"},"content":{"rendered":"<div class=\"fusion-fullwidth fullwidth-box fusion-builder-row-1 nonhundred-percent-fullwidth non-hundred-percent-height-scrolling\" style=\"--link_hover_color: #aa1a40;--link_color: #aa1a40;--awb-border-radius-top-left:0px;--awb-border-radius-top-right:0px;--awb-border-radius-bottom-right:0px;--awb-border-radius-bottom-left:0px;--awb-padding-top:4%;--awb-padding-bottom:4%;--awb-background-color:#ffffff;--awb-background-image:linear-gradient(216deg, #ffffff 0%,#ffffff 100%);--awb-flex-wrap:wrap;\" ><div class=\"fusion-builder-row fusion-row\"><div class=\"fusion-layout-column fusion_builder_column fusion-builder-column-0 fusion_builder_column_1_2 1_2 fusion-one-half fusion-column-first fusion-animated\" style=\"--awb-bg-size:cover;width:50%;width:calc(50% - ( ( 4% ) * 0.5 ) );margin-right: 4%;\" data-animationType=\"fadeInLeft\" data-animationDuration=\"1.6\" data-animationOffset=\"top-into-view\"><div class=\"fusion-column-wrapper fusion-column-has-shadow fusion-flex-column-wrapper-legacy\"><div class=\"fusion-title title fusion-title-1 fusion-sep-none fusion-title-text fusion-title-size-three\" style=\"--awb-margin-top:6px;\"><h3 class=\"fusion-title-heading title-heading-left fusion-responsive-typography-calculated\" style=\"margin:0;--fontSize:32;line-height:1.26;\">Proyecto Erasmus+ KA2<\/h3><\/div><div class=\"fusion-text fusion-text-1\" style=\"--awb-content-alignment:left;--awb-font-size:24px;--awb-line-height:1.48em;--awb-letter-spacing:-0.01em;\"><p>Fundaci\u00f3 Inform ha participado en un proyecto Erasmus+ KA2 para fomentar las competencias emprendedoras en la formaci\u00f3n profesional, concretamente en las familias que aplican la metodolog\u00eda de la simulaci\u00f3n de empresas SEFED. El objetivo final del proyecto ha sido desarrollar un paquete de herramientas para el profesorado SEFED que pueda utilizarse para desarrollar las competencias y habilidades del alumnado de formaci\u00f3n profesional del SEFED.<\/p>\n<\/div><div class=\"fusion-clearfix\"><\/div><\/div><\/div><div class=\"fusion-layout-column fusion_builder_column fusion-builder-column-1 fusion_builder_column_1_2 1_2 fusion-one-half fusion-column-last fusion-animated\" style=\"--awb-padding-top:15px;--awb-bg-size:cover;width:50%;width:calc(50% - ( ( 4% ) * 0.5 ) );\" data-animationType=\"fadeInRight\" data-animationDuration=\"1.6\" data-animationOffset=\"top-into-view\"><div class=\"fusion-column-wrapper fusion-column-has-shadow fusion-flex-column-wrapper-legacy\"><div class=\"fusion-image-element in-legacy-container\" style=\"--awb-caption-title-font-family:var(--h2_typography-font-family);--awb-caption-title-font-weight:var(--h2_typography-font-weight);--awb-caption-title-font-style:var(--h2_typography-font-style);--awb-caption-title-size:var(--h2_typography-font-size);--awb-caption-title-transform:var(--h2_typography-text-transform);--awb-caption-title-line-height:var(--h2_typography-line-height);--awb-caption-title-letter-spacing:var(--h2_typography-letter-spacing);\"><span class=\" fusion-imageframe imageframe-none imageframe-1 hover-type-none\" style=\"border-radius:8px;\"><img decoding=\"async\" width=\"710\" height=\"380\" title=\"FP\" src=\"https:\/\/inform.es\/wp-content\/uploads\/2021\/09\/FP.jpg\" data-orig-src=\"https:\/\/inform.es\/wp-content\/uploads\/2021\/09\/FP.jpg\" alt class=\"lazyload img-responsive wp-image-3201\" srcset=\"data:image\/svg+xml,%3Csvg%20xmlns%3D%27http%3A%2F%2Fwww.w3.org%2F2000%2Fsvg%27%20width%3D%27710%27%20height%3D%27380%27%20viewBox%3D%270%200%20710%20380%27%3E%3Crect%20width%3D%27710%27%20height%3D%27380%27%20fill-opacity%3D%220%22%2F%3E%3C%2Fsvg%3E\" data-srcset=\"https:\/\/inform.es\/wp-content\/uploads\/2021\/09\/FP-200x107.jpg 200w, https:\/\/inform.es\/wp-content\/uploads\/2021\/09\/FP-400x214.jpg 400w, https:\/\/inform.es\/wp-content\/uploads\/2021\/09\/FP-600x321.jpg 600w, https:\/\/inform.es\/wp-content\/uploads\/2021\/09\/FP.jpg 710w\" data-sizes=\"auto\" data-orig-sizes=\"(max-width: 1024px) 100vw, 710px\" \/><\/span><\/div><div class=\"fusion-clearfix\"><\/div><\/div><\/div><div class=\"fusion-layout-column fusion_builder_column fusion-builder-column-2 fusion_builder_column_1_1 1_1 fusion-one-full fusion-column-first fusion-column-last fusion-animated\" style=\"--awb-padding-top:30px;--awb-bg-size:cover;\" data-animationType=\"fadeInUp\" data-animationDuration=\"0.3\" data-animationOffset=\"top-into-view\"><div class=\"fusion-column-wrapper fusion-column-has-shadow fusion-flex-column-wrapper-legacy\"><div class=\"fusion-text fusion-text-2\"><p>El proyecto es Practice Entreprise for Leadership Skills Development y se ha trabajado conjuntamente con la <a href=\"https:\/\/liba.lt\/\" target=\"_blank\" rel=\"noopener\">Fundaci\u00f3n Liba<\/a> (Vilnius, Lituania),<a href=\"https:\/\/buct.org\/\" target=\"_blank\" rel=\"noopener\"> BUCT<\/a> (Sofia, Bulgaria) y el Centro de Coordinaci\u00f3n de Europen-Pen International.<\/p>\n<p>Para m\u00e1s informaci\u00f3n: <a href=\"https:\/\/www.penworldwide.org\/project\/erasmus-plus-leadership-training\/\">https:\/\/www.penworldwide.org\/project\/erasmus-plus-leadership-training\/<\/a><\/p>\n<\/div><div class=\"fusion-clearfix\"><\/div><\/div><\/div><div class=\"fusion-layout-column fusion_builder_column fusion-builder-column-3 fusion_builder_column_1_1 1_1 fusion-one-full fusion-column-first fusion-column-last fusion-animated\" style=\"--awb-padding-top:0px;--awb-padding-bottom:45px;--awb-bg-size:cover;--awb-margin-top:0px;--awb-margin-bottom:0px;\" data-animationType=\"fadeInUp\" data-animationDuration=\"0.3\" data-animationOffset=\"top-into-view\"><div class=\"fusion-column-wrapper fusion-column-has-shadow fusion-flex-column-wrapper-legacy\"><div class=\"fusion-image-element in-legacy-container\" style=\"--awb-max-width:250px;--awb-caption-title-font-family:var(--h2_typography-font-family);--awb-caption-title-font-weight:var(--h2_typography-font-weight);--awb-caption-title-font-style:var(--h2_typography-font-style);--awb-caption-title-size:var(--h2_typography-font-size);--awb-caption-title-transform:var(--h2_typography-text-transform);--awb-caption-title-line-height:var(--h2_typography-line-height);--awb-caption-title-letter-spacing:var(--h2_typography-letter-spacing);\"><span class=\" fusion-imageframe imageframe-none imageframe-2 hover-type-none\" style=\"border-radius:8px;\"><img decoding=\"async\" width=\"1024\" height=\"398\" title=\"erasmus-1024&#215;728-1024&#215;728\" src=\"https:\/\/inform.es\/wp-content\/uploads\/2021\/09\/erasmus-1024x728-1024x728-2.png\" data-orig-src=\"https:\/\/inform.es\/wp-content\/uploads\/2021\/09\/erasmus-1024x728-1024x728-2.png\" alt class=\"lazyload img-responsive wp-image-3211\" srcset=\"data:image\/svg+xml,%3Csvg%20xmlns%3D%27http%3A%2F%2Fwww.w3.org%2F2000%2Fsvg%27%20width%3D%271024%27%20height%3D%27398%27%20viewBox%3D%270%200%201024%20398%27%3E%3Crect%20width%3D%271024%27%20height%3D%27398%27%20fill-opacity%3D%220%22%2F%3E%3C%2Fsvg%3E\" data-srcset=\"https:\/\/inform.es\/wp-content\/uploads\/2021\/09\/erasmus-1024x728-1024x728-2-200x78.png 200w, https:\/\/inform.es\/wp-content\/uploads\/2021\/09\/erasmus-1024x728-1024x728-2-400x155.png 400w, https:\/\/inform.es\/wp-content\/uploads\/2021\/09\/erasmus-1024x728-1024x728-2-600x233.png 600w, https:\/\/inform.es\/wp-content\/uploads\/2021\/09\/erasmus-1024x728-1024x728-2-800x311.png 800w, https:\/\/inform.es\/wp-content\/uploads\/2021\/09\/erasmus-1024x728-1024x728-2.png 1024w\" data-sizes=\"auto\" data-orig-sizes=\"(max-width: 1024px) 100vw, 1024px\" \/><\/span><\/div><div class=\"fusion-clearfix\"><\/div><\/div><\/div><div class=\"fusion-layout-column fusion_builder_column fusion-builder-column-4 fusion_builder_column_1_1 1_1 fusion-one-full fusion-column-first fusion-column-last fusion-animated\" style=\"--awb-padding-top:0px;--awb-bg-size:cover;--awb-margin-top:0px;--awb-margin-bottom:0px;\" data-animationType=\"fadeInUp\" data-animationDuration=\"0.3\" data-animationOffset=\"top-into-view\"><div class=\"fusion-column-wrapper fusion-column-has-shadow fusion-flex-column-wrapper-legacy\"><div class=\"fusion-text fusion-text-3\"><p><strong>Documentos adjuntos:<\/strong><\/p>\n<\/div><div class=\"fusion-clearfix\"><\/div><\/div><\/div><div class=\"fusion-layout-column fusion_builder_column fusion-builder-column-5 fusion_builder_column_1_4 1_4 fusion-one-fourth fusion-column-first fusion-animated\" style=\"--awb-padding-top:0px;--awb-padding-bottom:0px;--awb-bg-size:cover;--awb-margin-top:0px;--awb-margin-bottom:0px;width:25%;width:calc(25% - ( ( 4% + 4% + 4% ) * 0.25 ) );margin-right: 4%;\" data-animationType=\"fadeInUp\" data-animationDuration=\"0.3\" data-animationOffset=\"top-into-view\"><div class=\"fusion-column-wrapper fusion-column-has-shadow fusion-flex-column-wrapper-legacy\"><div class=\"fusion-text fusion-text-4\"><p><a href=\"https:\/\/inform.es\/wp-content\/uploads\/2021\/09\/leader_skillbox_introduction.pdf\" target=\"_blank\" rel=\"noopener\"><i class=\"fb-icon-element-1 fb-icon-element fontawesome-icon fa-file-pdf fas circle-no fusion-text-flow\" style=\"--awb-iconcolor:#aa1a40;--awb-iconcolor-hover:#aa1a40;--awb-font-size:32px;--awb-margin-right:16px;\"><\/i>Introduction<\/a><\/p>\n<\/div><div class=\"fusion-clearfix\"><\/div><\/div><\/div><div class=\"fusion-layout-column fusion_builder_column fusion-builder-column-6 fusion_builder_column_1_4 1_4 fusion-one-fourth fusion-animated\" style=\"--awb-padding-top:0px;--awb-padding-bottom:0px;--awb-bg-size:cover;--awb-margin-top:0px;--awb-margin-bottom:0px;width:25%;width:calc(25% - ( ( 4% + 4% + 4% ) * 0.25 ) );margin-right: 4%;\" data-animationType=\"fadeInUp\" data-animationDuration=\"0.3\" data-animationOffset=\"top-into-view\"><div class=\"fusion-column-wrapper fusion-column-has-shadow fusion-flex-column-wrapper-legacy\"><div class=\"fusion-text fusion-text-5\"><p><a href=\"https:\/\/inform.es\/wp-content\/uploads\/2021\/09\/1_leader_skillbox_questionnaire.pdf\" target=\"_blank\" rel=\"noopener\"><i class=\"fb-icon-element-2 fb-icon-element fontawesome-icon fa-file-pdf fas circle-no fusion-text-flow\" style=\"--awb-iconcolor:#aa1a40;--awb-iconcolor-hover:#aa1a40;--awb-font-size:32px;--awb-margin-right:16px;\"><\/i>Questionnaire<\/a><\/p>\n<\/div><div class=\"fusion-clearfix\"><\/div><\/div><\/div><div class=\"fusion-layout-column fusion_builder_column fusion-builder-column-7 fusion_builder_column_1_4 1_4 fusion-one-fourth fusion-animated\" style=\"--awb-padding-top:0px;--awb-padding-bottom:0px;--awb-bg-size:cover;--awb-margin-top:0px;--awb-margin-bottom:0px;width:25%;width:calc(25% - ( ( 4% + 4% + 4% ) * 0.25 ) );margin-right: 4%;\" data-animationType=\"fadeInUp\" data-animationDuration=\"0.3\" data-animationOffset=\"top-into-view\"><div class=\"fusion-column-wrapper fusion-column-has-shadow fusion-flex-column-wrapper-legacy\"><div class=\"fusion-text fusion-text-6\"><p><a href=\"https:\/\/inform.es\/wp-content\/uploads\/2021\/09\/2_leader_skillbox_results.pdf\" target=\"_blank\" rel=\"noopener\"><i class=\"fb-icon-element-3 fb-icon-element fontawesome-icon fa-file-pdf fas circle-no fusion-text-flow\" style=\"--awb-iconcolor:#aa1a40;--awb-iconcolor-hover:#aa1a40;--awb-font-size:32px;--awb-margin-right:16px;\"><\/i>Results<\/a><\/p>\n<\/div><div class=\"fusion-clearfix\"><\/div><\/div><\/div><div class=\"fusion-layout-column fusion_builder_column fusion-builder-column-8 fusion_builder_column_1_4 1_4 fusion-one-fourth fusion-column-last fusion-animated\" style=\"--awb-padding-top:0px;--awb-padding-bottom:0px;--awb-bg-size:cover;--awb-margin-top:0px;--awb-margin-bottom:0px;width:25%;width:calc(25% - ( ( 4% + 4% + 4% ) * 0.25 ) );\" data-animationType=\"fadeInUp\" data-animationDuration=\"0.3\" data-animationOffset=\"top-into-view\"><div class=\"fusion-column-wrapper fusion-column-has-shadow fusion-flex-column-wrapper-legacy\"><div class=\"fusion-text fusion-text-7\"><p><a href=\"https:\/\/inform.es\/wp-content\/uploads\/2021\/09\/3_leader_skillbox_results_interpretations.pdf\" target=\"_blank\" rel=\"noopener\"><i class=\"fb-icon-element-4 fb-icon-element fontawesome-icon fa-file-pdf fas circle-no fusion-text-flow\" style=\"--awb-iconcolor:#aa1a40;--awb-iconcolor-hover:#aa1a40;--awb-font-size:32px;--awb-margin-right:16px;\"><\/i>Interpretation results<\/a><\/p>\n<\/div><div class=\"fusion-clearfix\"><\/div><\/div><\/div><div class=\"fusion-layout-column fusion_builder_column fusion-builder-column-9 fusion_builder_column_1_4 1_4 fusion-one-fourth fusion-column-first fusion-animated\" style=\"--awb-padding-top:0px;--awb-padding-bottom:0px;--awb-bg-size:cover;--awb-margin-top:0px;--awb-margin-bottom:0px;width:25%;width:calc(25% - ( ( 4% + 4% + 4% ) * 0.25 ) );margin-right: 4%;\" data-animationType=\"fadeInUp\" data-animationDuration=\"0.3\" data-animationOffset=\"top-into-view\"><div class=\"fusion-column-wrapper fusion-column-has-shadow fusion-flex-column-wrapper-legacy\"><div class=\"fusion-text fusion-text-8\"><p><a href=\"https:\/\/inform.es\/wp-content\/uploads\/2021\/09\/4_leader_skillbox_results_according_to_leader_competencies.pdf\" target=\"_blank\" rel=\"noopener\"><i class=\"fb-icon-element-5 fb-icon-element fontawesome-icon fa-file-pdf fas circle-no fusion-text-flow\" style=\"--awb-iconcolor:#aa1a40;--awb-iconcolor-hover:#aa1a40;--awb-font-size:32px;--awb-margin-right:16px;\"><\/i>Competencies<\/a><\/p>\n<\/div><div class=\"fusion-clearfix\"><\/div><\/div><\/div><div class=\"fusion-layout-column fusion_builder_column fusion-builder-column-10 fusion_builder_column_1_4 1_4 fusion-one-fourth fusion-animated\" style=\"--awb-padding-top:0px;--awb-padding-bottom:0px;--awb-bg-size:cover;--awb-margin-top:0px;--awb-margin-bottom:0px;width:25%;width:calc(25% - ( ( 4% + 4% + 4% ) * 0.25 ) );margin-right: 4%;\" data-animationType=\"fadeInUp\" data-animationDuration=\"0.3\" data-animationOffset=\"top-into-view\"><div class=\"fusion-column-wrapper fusion-column-has-shadow fusion-flex-column-wrapper-legacy\"><div class=\"fusion-text fusion-text-9\"><p><a href=\"https:\/\/inform.es\/wp-content\/uploads\/2021\/09\/5_leader_skillbox_material_for_improvement.pdf\" target=\"_blank\" rel=\"noopener\"><i class=\"fb-icon-element-6 fb-icon-element fontawesome-icon fa-file-pdf fas circle-no fusion-text-flow\" style=\"--awb-iconcolor:#aa1a40;--awb-iconcolor-hover:#aa1a40;--awb-font-size:32px;--awb-margin-right:16px;\"><\/i>Improvement<\/a><\/p>\n<\/div><div class=\"fusion-clearfix\"><\/div><\/div><\/div><div class=\"fusion-layout-column fusion_builder_column fusion-builder-column-11 fusion_builder_column_1_4 1_4 fusion-one-fourth fusion-animated\" style=\"--awb-padding-top:0px;--awb-padding-bottom:0px;--awb-bg-size:cover;--awb-margin-top:0px;--awb-margin-bottom:0px;width:25%;width:calc(25% - ( ( 4% + 4% + 4% ) * 0.25 ) );margin-right: 4%;\" data-animationType=\"fadeInUp\" data-animationDuration=\"0.3\" data-animationOffset=\"top-into-view\"><div class=\"fusion-column-wrapper fusion-column-has-shadow fusion-flex-column-wrapper-legacy\"><div class=\"fusion-text fusion-text-10\"><p><a href=\"https:\/\/inform.es\/wp-content\/uploads\/2021\/09\/leader_skillbox_version_3.2_final_esfinal.pdf\" target=\"_blank\" rel=\"noopener\"><i class=\"fb-icon-element-7 fb-icon-element fontawesome-icon fa-file-pdf fas circle-no fusion-text-flow\" style=\"--awb-iconcolor:#aa1a40;--awb-iconcolor-hover:#aa1a40;--awb-font-size:32px;--awb-margin-right:16px;\"><\/i>Kit final en espa\u00f1ol<\/a><\/p>\n<\/div><div class=\"fusion-clearfix\"><\/div><\/div><\/div><div class=\"fusion-layout-column fusion_builder_column fusion-builder-column-12 fusion_builder_column_1_4 1_4 fusion-one-fourth fusion-column-last fusion-animated\" style=\"--awb-padding-top:0px;--awb-padding-bottom:0px;--awb-bg-size:cover;--awb-margin-top:0px;--awb-margin-bottom:0px;width:25%;width:calc(25% - ( ( 4% + 4% + 4% ) * 0.25 ) );\" data-animationType=\"fadeInUp\" data-animationDuration=\"0.3\" data-animationOffset=\"top-into-view\"><div class=\"fusion-column-wrapper fusion-column-has-shadow fusion-flex-column-wrapper-legacy\"><div class=\"fusion-clearfix\"><\/div><\/div><\/div><\/div><\/div>\n","protected":false},"excerpt":{"rendered":"","protected":false},"author":1,"featured_media":0,"parent":0,"menu_order":0,"comment_status":"closed","ping_status":"closed","template":"100-width.php","meta":{"_acf_changed":false,"footnotes":""},"class_list":["post-4720","page","type-page","status-publish","hentry"],"yoast_head":"<!-- This site is optimized with the Yoast SEO plugin v27.3 - https:\/\/yoast.com\/product\/yoast-seo-wordpress\/ -->\n<title>Competencias emprendedoras en la FP - Fundaci\u00f3 Inform<\/title>\n<meta name=\"description\" content=\"Fomentamos las competencias emprendedoras en la FP mediante diversos programas como Erasmus+ o Practice Entreprise.\" \/>\n<meta name=\"robots\" content=\"index, follow, max-snippet:-1, max-image-preview:large, max-video-preview:-1\" \/>\n<link rel=\"canonical\" href=\"https:\/\/inform.es\/es\/competencias-emprendedoras-en-la-fp\/\" \/>\n<meta property=\"og:locale\" content=\"es_ES\" \/>\n<meta property=\"og:type\" content=\"article\" \/>\n<meta property=\"og:title\" content=\"Competencias emprendedoras en la FP - Fundaci\u00f3 Inform\" \/>\n<meta property=\"og:description\" content=\"Fomentamos las competencias emprendedoras en la FP mediante diversos programas como Erasmus+ o Practice Entreprise.\" \/>\n<meta property=\"og:url\" content=\"https:\/\/inform.es\/es\/competencias-emprendedoras-en-la-fp\/\" \/>\n<meta property=\"og:site_name\" content=\"Fundaci\u00f3 Inform\" \/>\n<meta property=\"article:publisher\" content=\"https:\/\/www.facebook.com\/profile.php?id=100004345202006\" \/>\n<meta property=\"article:modified_time\" content=\"2022-12-04T15:51:10+00:00\" \/>\n<meta name=\"twitter:card\" content=\"summary_large_image\" \/>\n<meta name=\"twitter:site\" content=\"@FundacioInform\" \/>\n<meta name=\"twitter:label1\" content=\"Tiempo de lectura\" \/>\n\t<meta name=\"twitter:data1\" content=\"26 minutos\" \/>\n<script type=\"application\/ld+json\" class=\"yoast-schema-graph\">{\"@context\":\"https:\\\/\\\/schema.org\",\"@graph\":[{\"@type\":\"WebPage\",\"@id\":\"https:\\\/\\\/inform.es\\\/es\\\/competencias-emprendedoras-en-la-fp\\\/\",\"url\":\"https:\\\/\\\/inform.es\\\/es\\\/competencias-emprendedoras-en-la-fp\\\/\",\"name\":\"Competencias emprendedoras en la FP - Fundaci\u00f3 Inform\",\"isPartOf\":{\"@id\":\"https:\\\/\\\/inform.es\\\/es\\\/#website\"},\"datePublished\":\"2021-09-28T10:55:09+00:00\",\"dateModified\":\"2022-12-04T15:51:10+00:00\",\"description\":\"Fomentamos las competencias emprendedoras en la FP mediante diversos programas como Erasmus+ o Practice Entreprise.\",\"breadcrumb\":{\"@id\":\"https:\\\/\\\/inform.es\\\/es\\\/competencias-emprendedoras-en-la-fp\\\/#breadcrumb\"},\"inLanguage\":\"es\",\"potentialAction\":[{\"@type\":\"ReadAction\",\"target\":[\"https:\\\/\\\/inform.es\\\/es\\\/competencias-emprendedoras-en-la-fp\\\/\"]}]},{\"@type\":\"BreadcrumbList\",\"@id\":\"https:\\\/\\\/inform.es\\\/es\\\/competencias-emprendedoras-en-la-fp\\\/#breadcrumb\",\"itemListElement\":[{\"@type\":\"ListItem\",\"position\":1,\"name\":\"Inici\",\"item\":\"https:\\\/\\\/inform.es\\\/es\\\/\"},{\"@type\":\"ListItem\",\"position\":2,\"name\":\"Competencias emprendedoras en la FP\"}]},{\"@type\":\"WebSite\",\"@id\":\"https:\\\/\\\/inform.es\\\/es\\\/#website\",\"url\":\"https:\\\/\\\/inform.es\\\/es\\\/\",\"name\":\"Fundaci\u00f3 Inform\",\"description\":\"Convertim l&#039;aula en empresa per aconseguir les compet\u00e8ncies professionals de tots els llocs de treball.\",\"publisher\":{\"@id\":\"https:\\\/\\\/inform.es\\\/es\\\/#organization\"},\"potentialAction\":[{\"@type\":\"SearchAction\",\"target\":{\"@type\":\"EntryPoint\",\"urlTemplate\":\"https:\\\/\\\/inform.es\\\/es\\\/?s={search_term_string}\"},\"query-input\":{\"@type\":\"PropertyValueSpecification\",\"valueRequired\":true,\"valueName\":\"search_term_string\"}}],\"inLanguage\":\"es\"},{\"@type\":\"Organization\",\"@id\":\"https:\\\/\\\/inform.es\\\/es\\\/#organization\",\"name\":\"Fundaci\u00f3 Inform\",\"url\":\"https:\\\/\\\/inform.es\\\/es\\\/\",\"logo\":{\"@type\":\"ImageObject\",\"inLanguage\":\"es\",\"@id\":\"https:\\\/\\\/inform.es\\\/es\\\/#\\\/schema\\\/logo\\\/image\\\/\",\"url\":\"https:\\\/\\\/inform.es\\\/wp-content\\\/uploads\\\/2022\\\/07\\\/logo-inform-200x79-1.png\",\"contentUrl\":\"https:\\\/\\\/inform.es\\\/wp-content\\\/uploads\\\/2022\\\/07\\\/logo-inform-200x79-1.png\",\"width\":200,\"height\":79,\"caption\":\"Fundaci\u00f3 Inform\"},\"image\":{\"@id\":\"https:\\\/\\\/inform.es\\\/es\\\/#\\\/schema\\\/logo\\\/image\\\/\"},\"sameAs\":[\"https:\\\/\\\/www.facebook.com\\\/profile.php?id=100004345202006\",\"https:\\\/\\\/x.com\\\/FundacioInform\",\"https:\\\/\\\/www.linkedin.com\\\/company\\\/fundaci-inform\\\/\",\"https:\\\/\\\/www.youtube.com\\\/user\\\/FUNDACIOINFORM\"]}]}<\/script>\n<!-- \/ Yoast SEO plugin. -->","yoast_head_json":{"title":"Competencias emprendedoras en la FP - Fundaci\u00f3 Inform","description":"Fomentamos las competencias emprendedoras en la FP mediante diversos programas como Erasmus+ o Practice Entreprise.","robots":{"index":"index","follow":"follow","max-snippet":"max-snippet:-1","max-image-preview":"max-image-preview:large","max-video-preview":"max-video-preview:-1"},"canonical":"https:\/\/inform.es\/es\/competencias-emprendedoras-en-la-fp\/","og_locale":"es_ES","og_type":"article","og_title":"Competencias emprendedoras en la FP - Fundaci\u00f3 Inform","og_description":"Fomentamos las competencias emprendedoras en la FP mediante diversos programas como Erasmus+ o Practice Entreprise.","og_url":"https:\/\/inform.es\/es\/competencias-emprendedoras-en-la-fp\/","og_site_name":"Fundaci\u00f3 Inform","article_publisher":"https:\/\/www.facebook.com\/profile.php?id=100004345202006","article_modified_time":"2022-12-04T15:51:10+00:00","twitter_card":"summary_large_image","twitter_site":"@FundacioInform","twitter_misc":{"Tiempo de lectura":"26 minutos"},"schema":{"@context":"https:\/\/schema.org","@graph":[{"@type":"WebPage","@id":"https:\/\/inform.es\/es\/competencias-emprendedoras-en-la-fp\/","url":"https:\/\/inform.es\/es\/competencias-emprendedoras-en-la-fp\/","name":"Competencias emprendedoras en la FP - Fundaci\u00f3 Inform","isPartOf":{"@id":"https:\/\/inform.es\/es\/#website"},"datePublished":"2021-09-28T10:55:09+00:00","dateModified":"2022-12-04T15:51:10+00:00","description":"Fomentamos las competencias emprendedoras en la FP mediante diversos programas como Erasmus+ o Practice Entreprise.","breadcrumb":{"@id":"https:\/\/inform.es\/es\/competencias-emprendedoras-en-la-fp\/#breadcrumb"},"inLanguage":"es","potentialAction":[{"@type":"ReadAction","target":["https:\/\/inform.es\/es\/competencias-emprendedoras-en-la-fp\/"]}]},{"@type":"BreadcrumbList","@id":"https:\/\/inform.es\/es\/competencias-emprendedoras-en-la-fp\/#breadcrumb","itemListElement":[{"@type":"ListItem","position":1,"name":"Inici","item":"https:\/\/inform.es\/es\/"},{"@type":"ListItem","position":2,"name":"Competencias emprendedoras en la FP"}]},{"@type":"WebSite","@id":"https:\/\/inform.es\/es\/#website","url":"https:\/\/inform.es\/es\/","name":"Fundaci\u00f3 Inform","description":"Convertim l&#039;aula en empresa per aconseguir les compet\u00e8ncies professionals de tots els llocs de treball.","publisher":{"@id":"https:\/\/inform.es\/es\/#organization"},"potentialAction":[{"@type":"SearchAction","target":{"@type":"EntryPoint","urlTemplate":"https:\/\/inform.es\/es\/?s={search_term_string}"},"query-input":{"@type":"PropertyValueSpecification","valueRequired":true,"valueName":"search_term_string"}}],"inLanguage":"es"},{"@type":"Organization","@id":"https:\/\/inform.es\/es\/#organization","name":"Fundaci\u00f3 Inform","url":"https:\/\/inform.es\/es\/","logo":{"@type":"ImageObject","inLanguage":"es","@id":"https:\/\/inform.es\/es\/#\/schema\/logo\/image\/","url":"https:\/\/inform.es\/wp-content\/uploads\/2022\/07\/logo-inform-200x79-1.png","contentUrl":"https:\/\/inform.es\/wp-content\/uploads\/2022\/07\/logo-inform-200x79-1.png","width":200,"height":79,"caption":"Fundaci\u00f3 Inform"},"image":{"@id":"https:\/\/inform.es\/es\/#\/schema\/logo\/image\/"},"sameAs":["https:\/\/www.facebook.com\/profile.php?id=100004345202006","https:\/\/x.com\/FundacioInform","https:\/\/www.linkedin.com\/company\/fundaci-inform\/","https:\/\/www.youtube.com\/user\/FUNDACIOINFORM"]}]}},"acf":[],"_links":{"self":[{"href":"https:\/\/inform.es\/es\/wp-json\/wp\/v2\/pages\/4720","targetHints":{"allow":["GET"]}}],"collection":[{"href":"https:\/\/inform.es\/es\/wp-json\/wp\/v2\/pages"}],"about":[{"href":"https:\/\/inform.es\/es\/wp-json\/wp\/v2\/types\/page"}],"author":[{"embeddable":true,"href":"https:\/\/inform.es\/es\/wp-json\/wp\/v2\/users\/1"}],"replies":[{"embeddable":true,"href":"https:\/\/inform.es\/es\/wp-json\/wp\/v2\/comments?post=4720"}],"version-history":[{"count":6,"href":"https:\/\/inform.es\/es\/wp-json\/wp\/v2\/pages\/4720\/revisions"}],"predecessor-version":[{"id":5891,"href":"https:\/\/inform.es\/es\/wp-json\/wp\/v2\/pages\/4720\/revisions\/5891"}],"wp:attachment":[{"href":"https:\/\/inform.es\/es\/wp-json\/wp\/v2\/media?parent=4720"}],"curies":[{"name":"wp","href":"https:\/\/api.w.org\/{rel}","templated":true}]}}