{"id":4740,"date":"2021-09-28T18:43:00","date_gmt":"2021-09-28T16:43:00","guid":{"rendered":"https:\/\/inform.es\/garantia-juvenil\/"},"modified":"2022-12-04T21:28:42","modified_gmt":"2022-12-04T19:28:42","slug":"garantia-juvenil","status":"publish","type":"page","link":"https:\/\/inform.es\/es\/garantia-juvenil\/","title":{"rendered":"Garant\u00eda juvenil"},"content":{"rendered":"<div class=\"fusion-fullwidth fullwidth-box fusion-builder-row-1 nonhundred-percent-fullwidth non-hundred-percent-height-scrolling\" style=\"--link_hover_color: #aa1a40;--link_color: #aa1a40;--awb-border-radius-top-left:0px;--awb-border-radius-top-right:0px;--awb-border-radius-bottom-right:0px;--awb-border-radius-bottom-left:0px;--awb-padding-top:4%;--awb-padding-bottom:4%;--awb-background-color:#ffffff;--awb-background-image:linear-gradient(216deg, #ffffff 0%,#ffffff 100%);--awb-flex-wrap:wrap;\" ><div class=\"fusion-builder-row fusion-row\"><div class=\"fusion-layout-column fusion_builder_column fusion-builder-column-0 fusion_builder_column_1_2 1_2 fusion-one-half fusion-column-first fusion-animated\" style=\"--awb-bg-size:cover;width:50%;width:calc(50% - ( ( 4% ) * 0.5 ) );margin-right: 4%;\" data-animationType=\"fadeInLeft\" data-animationDuration=\"1.6\" data-animationOffset=\"top-into-view\"><div class=\"fusion-column-wrapper fusion-column-has-shadow fusion-flex-column-wrapper-legacy\"><div class=\"fusion-title title fusion-title-1 fusion-sep-none fusion-title-text fusion-title-size-three\" style=\"--awb-margin-top:6px;\"><h3 class=\"fusion-title-heading title-heading-left fusion-responsive-typography-calculated\" style=\"margin:0;--fontSize:32;line-height:1.26;\">Colaboraci\u00f3n con Fundaci\u00f3 El Llindar<\/h3><\/div><div class=\"fusion-text fusion-text-1\" style=\"--awb-content-alignment:left;--awb-font-size:24px;--awb-line-height:1.48em;--awb-letter-spacing:-0.01em;\"><p>Fundaci\u00f3 Inform y <a href=\"http:\/\/www.elllindar.org\/\" target=\"_blank\" rel=\"noopener\">Fundaci\u00f3 El Llindar<\/a> han vuelto a firmar un acuerdo de colaboraci\u00f3n para iniciar una empresa simulada SEFED para j\u00f3venes de garant\u00eda juvenil con el objetivo de la entrada al mercado laboral o el retorno al sistema educativo. Concretamente, se impartir\u00e1 el certificado de profesionalidad de nivel 1 Operaciones Auxiliares de Servicios Administrativos y Generales con la metodolog\u00eda de la simulaci\u00f3n SEFED.<\/p>\n<\/div><div class=\"fusion-clearfix\"><\/div><\/div><\/div><div class=\"fusion-layout-column fusion_builder_column fusion-builder-column-1 fusion_builder_column_1_2 1_2 fusion-one-half fusion-column-last fusion-animated\" style=\"--awb-padding-top:15px;--awb-bg-size:cover;width:50%;width:calc(50% - ( ( 4% ) * 0.5 ) );\" data-animationType=\"fadeInRight\" data-animationDuration=\"1.6\" data-animationOffset=\"top-into-view\"><div class=\"fusion-column-wrapper fusion-column-has-shadow fusion-flex-column-wrapper-legacy\"><div class=\"fusion-image-element in-legacy-container\" style=\"--awb-caption-title-font-family:var(--h2_typography-font-family);--awb-caption-title-font-weight:var(--h2_typography-font-weight);--awb-caption-title-font-style:var(--h2_typography-font-style);--awb-caption-title-size:var(--h2_typography-font-size);--awb-caption-title-transform:var(--h2_typography-text-transform);--awb-caption-title-line-height:var(--h2_typography-line-height);--awb-caption-title-letter-spacing:var(--h2_typography-letter-spacing);\"><span class=\" fusion-imageframe imageframe-none imageframe-1 hover-type-none\" style=\"border-radius:8px;\"><img decoding=\"async\" width=\"710\" height=\"380\" title=\"garantia-juvenil\" src=\"https:\/\/inform.es\/wp-content\/uploads\/2021\/09\/garantia-juvenil.jpg\" data-orig-src=\"https:\/\/inform.es\/wp-content\/uploads\/2021\/09\/garantia-juvenil.jpg\" alt class=\"lazyload img-responsive wp-image-3307\" srcset=\"data:image\/svg+xml,%3Csvg%20xmlns%3D%27http%3A%2F%2Fwww.w3.org%2F2000%2Fsvg%27%20width%3D%27710%27%20height%3D%27380%27%20viewBox%3D%270%200%20710%20380%27%3E%3Crect%20width%3D%27710%27%20height%3D%27380%27%20fill-opacity%3D%220%22%2F%3E%3C%2Fsvg%3E\" data-srcset=\"https:\/\/inform.es\/wp-content\/uploads\/2021\/09\/garantia-juvenil-200x107.jpg 200w, https:\/\/inform.es\/wp-content\/uploads\/2021\/09\/garantia-juvenil-400x214.jpg 400w, https:\/\/inform.es\/wp-content\/uploads\/2021\/09\/garantia-juvenil-600x321.jpg 600w, https:\/\/inform.es\/wp-content\/uploads\/2021\/09\/garantia-juvenil.jpg 710w\" data-sizes=\"auto\" data-orig-sizes=\"(max-width: 1024px) 100vw, 710px\" \/><\/span><\/div><div class=\"fusion-clearfix\"><\/div><\/div><\/div><div class=\"fusion-layout-column fusion_builder_column fusion-builder-column-2 fusion_builder_column_1_2 1_2 fusion-one-half fusion-column-first fusion-animated\" style=\"--awb-padding-top:30px;--awb-bg-size:cover;width:50%;width:calc(50% - ( ( 4% ) * 0.5 ) );margin-right: 4%;\" data-animationType=\"fadeInUp\" data-animationDuration=\"0.3\" data-animationOffset=\"top-into-view\"><div class=\"fusion-column-wrapper fusion-column-has-shadow fusion-flex-column-wrapper-legacy\"><div class=\"fusion-text fusion-text-2\" style=\"--awb-content-alignment:left;--awb-font-size:24px;--awb-line-height:1.48em;--awb-letter-spacing:-0.01em;\"><p>Caracter\u00edsticas del proyecto educativo:<\/p>\n<\/div><ul style=\"--awb-iconcolor:#aa1a40;--awb-line-height:34px;--awb-icon-width:34px;--awb-icon-height:34px;--awb-icon-margin:14px;--awb-content-margin:48px;--awb-circlecolor:rgba(255,255,255,0);--awb-circle-yes-font-size:17.6px;\" class=\"fusion-checklist fusion-checklist-1 fusion-checklist-default type-icons\"><li class=\"fusion-li-item\" style=\"\"><span class=\"icon-wrapper circle-yes\"><i class=\"fusion-li-icon awb-icon-check\" aria-hidden=\"true\"><\/i><\/span><div class=\"fusion-li-item-content\">Fase orientaci\u00f3n de 50 horas.<\/div><\/li><li class=\"fusion-li-item\" style=\"\"><span class=\"icon-wrapper circle-yes\"><i class=\"fusion-li-icon awb-icon-check\" aria-hidden=\"true\"><\/i><\/span><div class=\"fusion-li-item-content\">Fase de formaci\u00f3n SEFED en una empresa simulada: 430 horas<\/div><\/li><li class=\"fusion-li-item\" style=\"\"><span class=\"icon-wrapper circle-yes\"><i class=\"fusion-li-icon awb-icon-check\" aria-hidden=\"true\"><\/i><\/span><div class=\"fusion-li-item-content\">Fase de pr\u00e1cticas en una empresa real: 40 horas<\/div><\/li><li class=\"fusion-li-item\" style=\"\"><span class=\"icon-wrapper circle-yes\"><i class=\"fusion-li-icon awb-icon-check\" aria-hidden=\"true\"><\/i><\/span><div class=\"fusion-li-item-content\">Fase de tutorizaci\u00f3n y seguimiento del alumnado: durante todo el proyecto formativo.<\/div><\/li><li class=\"fusion-li-item\" style=\"\"><span class=\"icon-wrapper circle-yes\"><i class=\"fusion-li-icon awb-icon-check\" aria-hidden=\"true\"><\/i><\/span><div class=\"fusion-li-item-content\">Fase de soporte a la escolarizaci\u00f3n e inserci\u00f3n laboral: 4 meses posteriores a la finalizaci\u00f3n de las pr\u00e1cticas.<\/div><\/li><\/ul><div class=\"fusion-clearfix\"><\/div><\/div><\/div><div class=\"fusion-layout-column fusion_builder_column fusion-builder-column-3 fusion_builder_column_1_2 1_2 fusion-one-half fusion-column-last fusion-animated\" style=\"--awb-padding-top:30px;--awb-bg-size:cover;width:50%;width:calc(50% - ( ( 4% ) * 0.5 ) );\" data-animationType=\"fadeInUp\" data-animationDuration=\"0.3\" data-animationOffset=\"top-into-view\"><div class=\"fusion-column-wrapper fusion-column-has-shadow fusion-flex-column-wrapper-legacy\"><div class=\"fusion-text fusion-text-3\" style=\"--awb-content-alignment:left;--awb-font-size:24px;--awb-line-height:1.48em;--awb-letter-spacing:-0.01em;\"><p>M\u00f3dulos formativos que se impartir\u00e1n con la metodolog\u00eda de la simulaci\u00f3n de empresas SEFED en la empresa simulada:<\/p>\n<\/div><ul style=\"--awb-iconcolor:#aa1a40;--awb-line-height:34px;--awb-icon-width:34px;--awb-icon-height:34px;--awb-icon-margin:14px;--awb-content-margin:48px;--awb-circlecolor:rgba(255,255,255,0);--awb-circle-yes-font-size:17.6px;\" class=\"fusion-checklist fusion-checklist-2 fusion-checklist-default type-icons\"><li class=\"fusion-li-item\" style=\"\"><span class=\"icon-wrapper circle-yes\"><i class=\"fusion-li-icon awb-icon-check\" aria-hidden=\"true\"><\/i><\/span><div class=\"fusion-li-item-content\">T\u00e9cnicas administrativas b\u00e1sicas de oficina<\/div><\/li><li class=\"fusion-li-item\" style=\"\"><span class=\"icon-wrapper circle-yes\"><i class=\"fusion-li-icon awb-icon-check\" aria-hidden=\"true\"><\/i><\/span><div class=\"fusion-li-item-content\">Operaciones b\u00e1sicas de comunicaci\u00f3n<\/div><\/li><li class=\"fusion-li-item\" style=\"\"><span class=\"icon-wrapper circle-yes\"><i class=\"fusion-li-icon awb-icon-check\" aria-hidden=\"true\"><\/i><\/span><div class=\"fusion-li-item-content\">Reproducci\u00f3n y archivo<\/div><\/li><li class=\"fusion-li-item\" style=\"\"><span class=\"icon-wrapper circle-yes\"><i class=\"fusion-li-icon awb-icon-check\" aria-hidden=\"true\"><\/i><\/span><div class=\"fusion-li-item-content\">M\u00f3dulo de pr\u00e1cticas<\/div><\/li><\/ul><div class=\"fusion-clearfix\"><\/div><\/div><\/div><div class=\"fusion-layout-column fusion_builder_column fusion-builder-column-4 fusion_builder_column_1_1 1_1 fusion-one-full fusion-column-first fusion-column-last fusion-animated\" style=\"--awb-padding-top:30px;--awb-bg-size:cover;\" data-animationType=\"fadeInUp\" data-animationDuration=\"0.3\" data-animationOffset=\"top-into-view\"><div class=\"fusion-column-wrapper fusion-column-has-shadow fusion-flex-column-wrapper-legacy\"><div class=\"fusion-text fusion-text-4\" style=\"--awb-content-alignment:left;--awb-font-size:24px;--awb-line-height:1.48em;--awb-letter-spacing:-0.01em;\"><p>Colectivo<\/p>\n<\/div><ul style=\"--awb-iconcolor:#aa1a40;--awb-line-height:34px;--awb-icon-width:34px;--awb-icon-height:34px;--awb-icon-margin:14px;--awb-content-margin:48px;--awb-circlecolor:rgba(255,255,255,0);--awb-circle-yes-font-size:17.6px;\" class=\"fusion-checklist fusion-checklist-3 fusion-checklist-default type-icons\"><li class=\"fusion-li-item\" style=\"\"><span class=\"icon-wrapper circle-yes\"><i class=\"fusion-li-icon awb-icon-check\" aria-hidden=\"true\"><\/i><\/span><div class=\"fusion-li-item-content\">J\u00f3venes de 16 a 24 a\u00f1os<\/div><\/li><li class=\"fusion-li-item\" style=\"\"><span class=\"icon-wrapper circle-yes\"><i class=\"fusion-li-icon awb-icon-check\" aria-hidden=\"true\"><\/i><\/span><div class=\"fusion-li-item-content\">Sin\/con certificaci\u00f3n ESO<\/div><\/li><\/ul><div class=\"fusion-clearfix\"><\/div><\/div><\/div><div class=\"fusion-layout-column fusion_builder_column fusion-builder-column-5 fusion_builder_column_1_1 1_1 fusion-one-full fusion-column-first fusion-column-last fusion-animated\" style=\"--awb-padding-top:35px;--awb-padding-bottom:44px;--awb-bg-size:cover;--awb-margin-top:0px;--awb-margin-bottom:0px;\" data-animationType=\"fadeInUp\" data-animationDuration=\"0.3\" data-animationOffset=\"top-into-view\"><div class=\"fusion-column-wrapper fusion-column-has-shadow fusion-flex-column-wrapper-legacy\"><div class=\"fusion-text fusion-text-5\"><p>Para m\u00e1s informaci\u00f3n: <a href=\"mailto:slo@elprat.cat\" target=\"_blank\" rel=\"noopener\">slo@elprat.cat<\/a> o al tel\u00e9fono <a href=\"tel:934786878\" target=\"_blank\" rel=\"noopener\">934786878<\/a> y pedir por SEFED Llindar.<\/p>\n<\/div><div class=\"fusion-clearfix\"><\/div><\/div><\/div><div class=\"fusion-layout-column fusion_builder_column fusion-builder-column-6 fusion_builder_column_1_1 1_1 fusion-one-full fusion-column-first fusion-column-last fusion-animated\" style=\"--awb-padding-top:0px;--awb-padding-bottom:45px;--awb-bg-size:cover;--awb-margin-top:0px;--awb-margin-bottom:0px;\" data-animationType=\"fadeInUp\" data-animationDuration=\"0.3\" data-animationOffset=\"top-into-view\"><div class=\"fusion-column-wrapper fusion-column-has-shadow fusion-flex-column-wrapper-legacy\"><div class=\"fusion-image-element in-legacy-container\" style=\"--awb-max-width:850px;--awb-caption-title-font-family:var(--h2_typography-font-family);--awb-caption-title-font-weight:var(--h2_typography-font-weight);--awb-caption-title-font-style:var(--h2_typography-font-style);--awb-caption-title-size:var(--h2_typography-font-size);--awb-caption-title-transform:var(--h2_typography-text-transform);--awb-caption-title-line-height:var(--h2_typography-line-height);--awb-caption-title-letter-spacing:var(--h2_typography-letter-spacing);\"><span class=\" fusion-imageframe imageframe-none imageframe-2 hover-type-none\"><img decoding=\"async\" width=\"1699\" height=\"168\" title=\"soc_2linies\" src=\"https:\/\/inform.es\/wp-content\/uploads\/2021\/09\/soc_2linies-2.jpg\" data-orig-src=\"https:\/\/inform.es\/wp-content\/uploads\/2021\/09\/soc_2linies-2.jpg\" alt class=\"lazyload img-responsive wp-image-3320\" srcset=\"data:image\/svg+xml,%3Csvg%20xmlns%3D%27http%3A%2F%2Fwww.w3.org%2F2000%2Fsvg%27%20width%3D%271699%27%20height%3D%27168%27%20viewBox%3D%270%200%201699%20168%27%3E%3Crect%20width%3D%271699%27%20height%3D%27168%27%20fill-opacity%3D%220%22%2F%3E%3C%2Fsvg%3E\" data-srcset=\"https:\/\/inform.es\/wp-content\/uploads\/2021\/09\/soc_2linies-2-200x20.jpg 200w, https:\/\/inform.es\/wp-content\/uploads\/2021\/09\/soc_2linies-2-400x40.jpg 400w, https:\/\/inform.es\/wp-content\/uploads\/2021\/09\/soc_2linies-2-600x59.jpg 600w, https:\/\/inform.es\/wp-content\/uploads\/2021\/09\/soc_2linies-2-800x79.jpg 800w, https:\/\/inform.es\/wp-content\/uploads\/2021\/09\/soc_2linies-2-1200x119.jpg 1200w, https:\/\/inform.es\/wp-content\/uploads\/2021\/09\/soc_2linies-2.jpg 1699w\" data-sizes=\"auto\" data-orig-sizes=\"(max-width: 1024px) 100vw, 1699px\" \/><\/span><\/div><div class=\"fusion-clearfix\"><\/div><\/div><\/div><\/div><\/div>\n","protected":false},"excerpt":{"rendered":"","protected":false},"author":1,"featured_media":0,"parent":0,"menu_order":0,"comment_status":"closed","ping_status":"closed","template":"100-width.php","meta":{"_acf_changed":false,"footnotes":""},"class_list":["post-4740","page","type-page","status-publish","hentry"],"yoast_head":"<!-- This site is optimized with the Yoast SEO plugin v27.3 - https:\/\/yoast.com\/product\/yoast-seo-wordpress\/ -->\n<title>Garant\u00eda juvenil - Fundaci\u00f3 Inform<\/title>\n<meta name=\"description\" content=\"Fundaci\u00f3 Inform y Fundaci\u00f3 El Llindar han vuelto a firmar un acuerdo de colaboraci\u00f3n para iniciar una empresa simulada SEFED.\" \/>\n<meta name=\"robots\" content=\"index, follow, max-snippet:-1, max-image-preview:large, max-video-preview:-1\" \/>\n<link rel=\"canonical\" href=\"https:\/\/inform.es\/es\/garantia-juvenil\/\" \/>\n<meta property=\"og:locale\" content=\"es_ES\" \/>\n<meta property=\"og:type\" content=\"article\" \/>\n<meta property=\"og:title\" content=\"Garant\u00eda juvenil - Fundaci\u00f3 Inform\" \/>\n<meta property=\"og:description\" content=\"Fundaci\u00f3 Inform y Fundaci\u00f3 El Llindar han vuelto a firmar un acuerdo de colaboraci\u00f3n para iniciar una empresa simulada SEFED.\" \/>\n<meta property=\"og:url\" content=\"https:\/\/inform.es\/es\/garantia-juvenil\/\" \/>\n<meta property=\"og:site_name\" content=\"Fundaci\u00f3 Inform\" \/>\n<meta property=\"article:publisher\" content=\"https:\/\/www.facebook.com\/profile.php?id=100004345202006\" \/>\n<meta property=\"article:modified_time\" content=\"2022-12-04T19:28:42+00:00\" \/>\n<meta name=\"twitter:card\" content=\"summary_large_image\" \/>\n<meta name=\"twitter:site\" content=\"@FundacioInform\" \/>\n<meta name=\"twitter:label1\" content=\"Tiempo de lectura\" \/>\n\t<meta name=\"twitter:data1\" content=\"26 minutos\" \/>\n<script type=\"application\/ld+json\" class=\"yoast-schema-graph\">{\"@context\":\"https:\\\/\\\/schema.org\",\"@graph\":[{\"@type\":\"WebPage\",\"@id\":\"https:\\\/\\\/inform.es\\\/es\\\/garantia-juvenil\\\/\",\"url\":\"https:\\\/\\\/inform.es\\\/es\\\/garantia-juvenil\\\/\",\"name\":\"Garant\u00eda juvenil - Fundaci\u00f3 Inform\",\"isPartOf\":{\"@id\":\"https:\\\/\\\/inform.es\\\/es\\\/#website\"},\"datePublished\":\"2021-09-28T16:43:00+00:00\",\"dateModified\":\"2022-12-04T19:28:42+00:00\",\"description\":\"Fundaci\u00f3 Inform y Fundaci\u00f3 El Llindar han vuelto a firmar un acuerdo de colaboraci\u00f3n para iniciar una empresa simulada SEFED.\",\"breadcrumb\":{\"@id\":\"https:\\\/\\\/inform.es\\\/es\\\/garantia-juvenil\\\/#breadcrumb\"},\"inLanguage\":\"es\",\"potentialAction\":[{\"@type\":\"ReadAction\",\"target\":[\"https:\\\/\\\/inform.es\\\/es\\\/garantia-juvenil\\\/\"]}]},{\"@type\":\"BreadcrumbList\",\"@id\":\"https:\\\/\\\/inform.es\\\/es\\\/garantia-juvenil\\\/#breadcrumb\",\"itemListElement\":[{\"@type\":\"ListItem\",\"position\":1,\"name\":\"Inici\",\"item\":\"https:\\\/\\\/inform.es\\\/es\\\/\"},{\"@type\":\"ListItem\",\"position\":2,\"name\":\"Garant\u00eda juvenil\"}]},{\"@type\":\"WebSite\",\"@id\":\"https:\\\/\\\/inform.es\\\/es\\\/#website\",\"url\":\"https:\\\/\\\/inform.es\\\/es\\\/\",\"name\":\"Fundaci\u00f3 Inform\",\"description\":\"Convertim l&#039;aula en empresa per aconseguir les compet\u00e8ncies professionals de tots els llocs de treball.\",\"publisher\":{\"@id\":\"https:\\\/\\\/inform.es\\\/es\\\/#organization\"},\"potentialAction\":[{\"@type\":\"SearchAction\",\"target\":{\"@type\":\"EntryPoint\",\"urlTemplate\":\"https:\\\/\\\/inform.es\\\/es\\\/?s={search_term_string}\"},\"query-input\":{\"@type\":\"PropertyValueSpecification\",\"valueRequired\":true,\"valueName\":\"search_term_string\"}}],\"inLanguage\":\"es\"},{\"@type\":\"Organization\",\"@id\":\"https:\\\/\\\/inform.es\\\/es\\\/#organization\",\"name\":\"Fundaci\u00f3 Inform\",\"url\":\"https:\\\/\\\/inform.es\\\/es\\\/\",\"logo\":{\"@type\":\"ImageObject\",\"inLanguage\":\"es\",\"@id\":\"https:\\\/\\\/inform.es\\\/es\\\/#\\\/schema\\\/logo\\\/image\\\/\",\"url\":\"https:\\\/\\\/inform.es\\\/wp-content\\\/uploads\\\/2022\\\/07\\\/logo-inform-200x79-1.png\",\"contentUrl\":\"https:\\\/\\\/inform.es\\\/wp-content\\\/uploads\\\/2022\\\/07\\\/logo-inform-200x79-1.png\",\"width\":200,\"height\":79,\"caption\":\"Fundaci\u00f3 Inform\"},\"image\":{\"@id\":\"https:\\\/\\\/inform.es\\\/es\\\/#\\\/schema\\\/logo\\\/image\\\/\"},\"sameAs\":[\"https:\\\/\\\/www.facebook.com\\\/profile.php?id=100004345202006\",\"https:\\\/\\\/x.com\\\/FundacioInform\",\"https:\\\/\\\/www.linkedin.com\\\/company\\\/fundaci-inform\\\/\",\"https:\\\/\\\/www.youtube.com\\\/user\\\/FUNDACIOINFORM\"]}]}<\/script>\n<!-- \/ Yoast SEO plugin. -->","yoast_head_json":{"title":"Garant\u00eda juvenil - Fundaci\u00f3 Inform","description":"Fundaci\u00f3 Inform y Fundaci\u00f3 El Llindar han vuelto a firmar un acuerdo de colaboraci\u00f3n para iniciar una empresa simulada SEFED.","robots":{"index":"index","follow":"follow","max-snippet":"max-snippet:-1","max-image-preview":"max-image-preview:large","max-video-preview":"max-video-preview:-1"},"canonical":"https:\/\/inform.es\/es\/garantia-juvenil\/","og_locale":"es_ES","og_type":"article","og_title":"Garant\u00eda juvenil - Fundaci\u00f3 Inform","og_description":"Fundaci\u00f3 Inform y Fundaci\u00f3 El Llindar han vuelto a firmar un acuerdo de colaboraci\u00f3n para iniciar una empresa simulada SEFED.","og_url":"https:\/\/inform.es\/es\/garantia-juvenil\/","og_site_name":"Fundaci\u00f3 Inform","article_publisher":"https:\/\/www.facebook.com\/profile.php?id=100004345202006","article_modified_time":"2022-12-04T19:28:42+00:00","twitter_card":"summary_large_image","twitter_site":"@FundacioInform","twitter_misc":{"Tiempo de lectura":"26 minutos"},"schema":{"@context":"https:\/\/schema.org","@graph":[{"@type":"WebPage","@id":"https:\/\/inform.es\/es\/garantia-juvenil\/","url":"https:\/\/inform.es\/es\/garantia-juvenil\/","name":"Garant\u00eda juvenil - Fundaci\u00f3 Inform","isPartOf":{"@id":"https:\/\/inform.es\/es\/#website"},"datePublished":"2021-09-28T16:43:00+00:00","dateModified":"2022-12-04T19:28:42+00:00","description":"Fundaci\u00f3 Inform y Fundaci\u00f3 El Llindar han vuelto a firmar un acuerdo de colaboraci\u00f3n para iniciar una empresa simulada SEFED.","breadcrumb":{"@id":"https:\/\/inform.es\/es\/garantia-juvenil\/#breadcrumb"},"inLanguage":"es","potentialAction":[{"@type":"ReadAction","target":["https:\/\/inform.es\/es\/garantia-juvenil\/"]}]},{"@type":"BreadcrumbList","@id":"https:\/\/inform.es\/es\/garantia-juvenil\/#breadcrumb","itemListElement":[{"@type":"ListItem","position":1,"name":"Inici","item":"https:\/\/inform.es\/es\/"},{"@type":"ListItem","position":2,"name":"Garant\u00eda juvenil"}]},{"@type":"WebSite","@id":"https:\/\/inform.es\/es\/#website","url":"https:\/\/inform.es\/es\/","name":"Fundaci\u00f3 Inform","description":"Convertim l&#039;aula en empresa per aconseguir les compet\u00e8ncies professionals de tots els llocs de treball.","publisher":{"@id":"https:\/\/inform.es\/es\/#organization"},"potentialAction":[{"@type":"SearchAction","target":{"@type":"EntryPoint","urlTemplate":"https:\/\/inform.es\/es\/?s={search_term_string}"},"query-input":{"@type":"PropertyValueSpecification","valueRequired":true,"valueName":"search_term_string"}}],"inLanguage":"es"},{"@type":"Organization","@id":"https:\/\/inform.es\/es\/#organization","name":"Fundaci\u00f3 Inform","url":"https:\/\/inform.es\/es\/","logo":{"@type":"ImageObject","inLanguage":"es","@id":"https:\/\/inform.es\/es\/#\/schema\/logo\/image\/","url":"https:\/\/inform.es\/wp-content\/uploads\/2022\/07\/logo-inform-200x79-1.png","contentUrl":"https:\/\/inform.es\/wp-content\/uploads\/2022\/07\/logo-inform-200x79-1.png","width":200,"height":79,"caption":"Fundaci\u00f3 Inform"},"image":{"@id":"https:\/\/inform.es\/es\/#\/schema\/logo\/image\/"},"sameAs":["https:\/\/www.facebook.com\/profile.php?id=100004345202006","https:\/\/x.com\/FundacioInform","https:\/\/www.linkedin.com\/company\/fundaci-inform\/","https:\/\/www.youtube.com\/user\/FUNDACIOINFORM"]}]}},"acf":[],"_links":{"self":[{"href":"https:\/\/inform.es\/es\/wp-json\/wp\/v2\/pages\/4740","targetHints":{"allow":["GET"]}}],"collection":[{"href":"https:\/\/inform.es\/es\/wp-json\/wp\/v2\/pages"}],"about":[{"href":"https:\/\/inform.es\/es\/wp-json\/wp\/v2\/types\/page"}],"author":[{"embeddable":true,"href":"https:\/\/inform.es\/es\/wp-json\/wp\/v2\/users\/1"}],"replies":[{"embeddable":true,"href":"https:\/\/inform.es\/es\/wp-json\/wp\/v2\/comments?post=4740"}],"version-history":[{"count":6,"href":"https:\/\/inform.es\/es\/wp-json\/wp\/v2\/pages\/4740\/revisions"}],"predecessor-version":[{"id":5893,"href":"https:\/\/inform.es\/es\/wp-json\/wp\/v2\/pages\/4740\/revisions\/5893"}],"wp:attachment":[{"href":"https:\/\/inform.es\/es\/wp-json\/wp\/v2\/media?parent=4740"}],"curies":[{"name":"wp","href":"https:\/\/api.w.org\/{rel}","templated":true}]}}