{"id":4783,"date":"2021-09-29T11:55:28","date_gmt":"2021-09-29T09:55:28","guid":{"rendered":"https:\/\/inform.es\/fires-internacionals\/"},"modified":"2025-11-19T13:41:34","modified_gmt":"2025-11-19T12:41:34","slug":"ferias-internacionales-de-empresas-simuladas","status":"publish","type":"page","link":"https:\/\/inform.es\/es\/ferias-internacionales-de-empresas-simuladas\/","title":{"rendered":"Ferias internacionales de empresas simuladas"},"content":{"rendered":"<div class=\"fusion-fullwidth fullwidth-box fusion-builder-row-1 nonhundred-percent-fullwidth non-hundred-percent-height-scrolling\" style=\"--link_hover_color: #aa1a40;--link_color: #aa1a40;--awb-border-radius-top-left:0px;--awb-border-radius-top-right:0px;--awb-border-radius-bottom-right:0px;--awb-border-radius-bottom-left:0px;--awb-padding-top:4%;--awb-padding-bottom:4%;--awb-background-color:#ffffff;--awb-background-image:linear-gradient(216deg, #ffffff 0%,#ffffff 100%);--awb-flex-wrap:wrap;\" ><div class=\"fusion-builder-row fusion-row\"><div class=\"fusion-layout-column fusion_builder_column fusion-builder-column-0 fusion_builder_column_1_2 1_2 fusion-one-half fusion-column-first fusion-animated\" style=\"--awb-bg-size:cover;width:50%;width:calc(50% - ( ( 4% ) * 0.5 ) );margin-right: 4%;\" data-animationType=\"fadeInLeft\" data-animationDuration=\"1.6\" data-animationOffset=\"top-into-view\"><div class=\"fusion-column-wrapper fusion-column-has-shadow fusion-flex-column-wrapper-legacy\"><div class=\"fusion-title title fusion-title-1 fusion-sep-none fusion-title-text fusion-title-size-three\" style=\"--awb-margin-top:6px;\"><h3 class=\"fusion-title-heading title-heading-left fusion-responsive-typography-calculated\" style=\"margin:0;--fontSize:32;line-height:1.26;\">Ferias Internacionales de Empresas Simuladas<\/h3><\/div><div class=\"fusion-text fusion-text-1\" style=\"--awb-content-alignment:left;--awb-font-size:24px;--awb-line-height:1.48em;--awb-letter-spacing:-0.01em;\"><p>Fundaci\u00f3 Inform organiz\u00f3 su primera Feria Internacional de Empresas Simuladas en 1996. El incremento de personas participantes y empresas simuladas expositoras desde sus inicios ha sido considerable, y actualmente participan m\u00e1s de 70 empresas simuladas con m\u00e1s de 5.000 visitantes durante los tres d\u00edas de feria.<\/p>\n<\/div><div class=\"fusion-clearfix\"><\/div><\/div><\/div><div class=\"fusion-layout-column fusion_builder_column fusion-builder-column-1 fusion_builder_column_1_2 1_2 fusion-one-half fusion-column-last fusion-animated\" style=\"--awb-padding-top:15px;--awb-bg-size:cover;width:50%;width:calc(50% - ( ( 4% ) * 0.5 ) );\" data-animationType=\"fadeInRight\" data-animationDuration=\"1.6\" data-animationOffset=\"top-into-view\"><div class=\"fusion-column-wrapper fusion-column-has-shadow fusion-flex-column-wrapper-legacy\"><div class=\"fusion-image-element in-legacy-container\" style=\"--awb-caption-title-font-family:var(--h2_typography-font-family);--awb-caption-title-font-weight:var(--h2_typography-font-weight);--awb-caption-title-font-style:var(--h2_typography-font-style);--awb-caption-title-size:var(--h2_typography-font-size);--awb-caption-title-transform:var(--h2_typography-text-transform);--awb-caption-title-line-height:var(--h2_typography-line-height);--awb-caption-title-letter-spacing:var(--h2_typography-letter-spacing);\"><span class=\" fusion-imageframe imageframe-none imageframe-1 hover-type-none\" style=\"border-radius:8px;\"><img decoding=\"async\" width=\"600\" height=\"321\" title=\"fires-internacionals\" src=\"https:\/\/inform.es\/wp-content\/uploads\/2021\/09\/fires-internacionals.jpg\" data-orig-src=\"http:\/\/inform.es\/wp-content\/uploads\/2021\/09\/fires-internacionals.jpg\" alt class=\"lazyload img-responsive wp-image-3363\" srcset=\"data:image\/svg+xml,%3Csvg%20xmlns%3D%27http%3A%2F%2Fwww.w3.org%2F2000%2Fsvg%27%20width%3D%27600%27%20height%3D%27321%27%20viewBox%3D%270%200%20600%20321%27%3E%3Crect%20width%3D%27600%27%20height%3D%27321%27%20fill-opacity%3D%220%22%2F%3E%3C%2Fsvg%3E\" data-srcset=\"https:\/\/inform.es\/wp-content\/uploads\/2021\/09\/fires-internacionals-200x107.jpg 200w, https:\/\/inform.es\/wp-content\/uploads\/2021\/09\/fires-internacionals-400x214.jpg 400w, https:\/\/inform.es\/wp-content\/uploads\/2021\/09\/fires-internacionals.jpg 600w\" data-sizes=\"auto\" data-orig-sizes=\"(max-width: 1024px) 100vw, 600px\" \/><\/span><\/div><div class=\"fusion-clearfix\"><\/div><\/div><\/div><div class=\"fusion-layout-column fusion_builder_column fusion-builder-column-2 fusion_builder_column_1_1 1_1 fusion-one-full fusion-column-first fusion-column-last fusion-animated\" style=\"--awb-padding-top:30px;--awb-bg-size:cover;\" data-animationType=\"fadeInUp\" data-animationDuration=\"0.3\" data-animationOffset=\"top-into-view\"><div class=\"fusion-column-wrapper fusion-column-has-shadow fusion-flex-column-wrapper-legacy\"><div class=\"fusion-text fusion-text-2\"><p>Durante la celebraci\u00f3n de estas ferias el alumnado participante, de diferentes comunidades del estado espa\u00f1ol y del extranjero, pone en pr\u00e1ctica la parte m\u00e1s comercial de su formaci\u00f3n. <a href=\"https:\/\/simulacionempresa.inform.es\/\" target=\"_blank\" rel=\"noopener\">Las empresas simuladas SEFED<\/a> muestran sus productos en directo para conseguir nuevos clientes, fidelizar a los antiguos y posicionarse en el mercado de empresas simuladas. En estas ferias s\u00ed que el producto de la empresa SEFED es real, adem\u00e1s el alumnado entra en contacto directo con su clientela potencial y negocian sus compras y ventas.<\/p>\n<p>En todos los pa\u00edses socios de la red mundial de empresas simuladas Pen Worldwide se organizan anualmente las ferias internacionales de empresas simuladas en las que las empresas pueden exponer y comercializar en directo sus productos.<\/p>\n<p>Para m\u00e1s informaci\u00f3n de la 15\u00aa Feria Internacional de Empresas Simuladas que organiza Fundaci\u00f3 Inform del 26 al 28 de marzo de 2025 en Fira Barcelona, \u200b\u200bclique <a href=\"http:\/\/feriasefed.weebly.com\/\" target=\"_blank\" rel=\"noopener\">aqu\u00ed<\/a>. Para m\u00e1s informaci\u00f3n de las Ferias Internacionales de Empresas Simuladas de la Red Internacional Pen Worldwide, por favor pinche <a href=\"https:\/\/www.penworldwide.org\/events\/\" target=\"_blank\" rel=\"noopener\">aqu\u00ed<\/a>.<\/p>\n<\/div><div class=\"fusion-clearfix\"><\/div><\/div><\/div><div class=\"fusion-layout-column fusion_builder_column fusion-builder-column-3 fusion_builder_column_1_2 1_2 fusion-one-half fusion-column-first fusion-animated\" style=\"--awb-padding-top:30px;--awb-bg-size:cover;width:50%;width:calc(50% - ( ( 4% ) * 0.5 ) );margin-right: 4%;\" data-animationType=\"fadeInUp\" data-animationDuration=\"0.3\" data-animationOffset=\"top-into-view\"><div class=\"fusion-column-wrapper fusion-column-has-shadow fusion-flex-column-wrapper-legacy\"><div class=\"fusion-image-element in-legacy-container\" style=\"--awb-caption-title-font-family:var(--h2_typography-font-family);--awb-caption-title-font-weight:var(--h2_typography-font-weight);--awb-caption-title-font-style:var(--h2_typography-font-style);--awb-caption-title-size:var(--h2_typography-font-size);--awb-caption-title-transform:var(--h2_typography-text-transform);--awb-caption-title-line-height:var(--h2_typography-line-height);--awb-caption-title-letter-spacing:var(--h2_typography-letter-spacing);\"><span class=\" fusion-imageframe imageframe-none imageframe-2 hover-type-none\" style=\"border-radius:8px;\"><img decoding=\"async\" width=\"648\" height=\"616\" alt=\"Ferias Internacionales de Empresas Simuladas\" title=\"fira5\" src=\"https:\/\/inform.es\/wp-content\/uploads\/2021\/09\/fira5.jpg\" data-orig-src=\"http:\/\/inform.es\/wp-content\/uploads\/2021\/09\/fira5.jpg\" class=\"lazyload img-responsive wp-image-3366\" srcset=\"data:image\/svg+xml,%3Csvg%20xmlns%3D%27http%3A%2F%2Fwww.w3.org%2F2000%2Fsvg%27%20width%3D%27648%27%20height%3D%27616%27%20viewBox%3D%270%200%20648%20616%27%3E%3Crect%20width%3D%27648%27%20height%3D%27616%27%20fill-opacity%3D%220%22%2F%3E%3C%2Fsvg%3E\" data-srcset=\"https:\/\/inform.es\/wp-content\/uploads\/2021\/09\/fira5-200x190.jpg 200w, https:\/\/inform.es\/wp-content\/uploads\/2021\/09\/fira5-400x380.jpg 400w, https:\/\/inform.es\/wp-content\/uploads\/2021\/09\/fira5-600x570.jpg 600w, https:\/\/inform.es\/wp-content\/uploads\/2021\/09\/fira5.jpg 648w\" data-sizes=\"auto\" data-orig-sizes=\"(max-width: 1024px) 100vw, 648px\" \/><\/span><\/div><div class=\"fusion-clearfix\"><\/div><\/div><\/div><div class=\"fusion-layout-column fusion_builder_column fusion-builder-column-4 fusion_builder_column_1_2 1_2 fusion-one-half fusion-column-last fusion-animated\" style=\"--awb-padding-top:30px;--awb-bg-size:cover;width:50%;width:calc(50% - ( ( 4% ) * 0.5 ) );\" data-animationType=\"fadeInUp\" data-animationDuration=\"0.3\" data-animationOffset=\"top-into-view\"><div class=\"fusion-column-wrapper fusion-column-has-shadow fusion-flex-column-wrapper-legacy\"><div class=\"fusion-video fusion-youtube\" style=\"--awb-max-width:600px;--awb-max-height:360px;\"><div class=\"video-shortcode\"><div class=\"fluid-width-video-wrapper\" style=\"padding-top:60%;\" ><iframe title=\"YouTube video player 1\" src=\"https:\/\/www.youtube.com\/embed\/mhxaGuvnld4?wmode=transparent&autoplay=0\" width=\"600\" height=\"360\" allowfullscreen allow=\"autoplay; clipboard-write; encrypted-media; gyroscope; picture-in-picture;\"><\/iframe><\/div><\/div><\/div><div class=\"fusion-clearfix\"><\/div><\/div><\/div><\/div><\/div>\n","protected":false},"excerpt":{"rendered":"","protected":false},"author":1,"featured_media":0,"parent":0,"menu_order":0,"comment_status":"closed","ping_status":"closed","template":"100-width.php","meta":{"_acf_changed":false,"footnotes":""},"class_list":["post-4783","page","type-page","status-publish","hentry"],"yoast_head":"<!-- This site is optimized with the Yoast SEO plugin v27.3 - https:\/\/yoast.com\/product\/yoast-seo-wordpress\/ -->\n<title>Ferias internacionales de empresas simuladas - Fundaci\u00f3 Inform<\/title>\n<meta name=\"description\" content=\"Fundaci\u00f3n Inform tiene experi\u00e9ncia en organizaci\u00f3n de Ferias Internacionales de Empresas Simuladas. El alumnado conocer\u00e1 la parte comercial.\" \/>\n<meta name=\"robots\" content=\"index, follow, max-snippet:-1, max-image-preview:large, max-video-preview:-1\" \/>\n<link rel=\"canonical\" href=\"https:\/\/inform.es\/es\/ferias-internacionales-de-empresas-simuladas\/\" \/>\n<meta property=\"og:locale\" content=\"es_ES\" \/>\n<meta property=\"og:type\" content=\"article\" \/>\n<meta property=\"og:title\" content=\"Ferias internacionales de empresas simuladas - Fundaci\u00f3 Inform\" \/>\n<meta property=\"og:description\" content=\"Fundaci\u00f3n Inform tiene experi\u00e9ncia en organizaci\u00f3n de Ferias Internacionales de Empresas Simuladas. El alumnado conocer\u00e1 la parte comercial.\" \/>\n<meta property=\"og:url\" content=\"https:\/\/inform.es\/es\/ferias-internacionales-de-empresas-simuladas\/\" \/>\n<meta property=\"og:site_name\" content=\"Fundaci\u00f3 Inform\" \/>\n<meta property=\"article:publisher\" content=\"https:\/\/www.facebook.com\/profile.php?id=100004345202006\" \/>\n<meta property=\"article:modified_time\" content=\"2025-11-19T12:41:34+00:00\" \/>\n<meta name=\"twitter:card\" content=\"summary_large_image\" \/>\n<meta name=\"twitter:site\" content=\"@FundacioInform\" \/>\n<meta name=\"twitter:label1\" content=\"Tiempo de lectura\" \/>\n\t<meta name=\"twitter:data1\" content=\"26 minutos\" \/>\n<script type=\"application\/ld+json\" class=\"yoast-schema-graph\">{\"@context\":\"https:\\\/\\\/schema.org\",\"@graph\":[{\"@type\":\"WebPage\",\"@id\":\"https:\\\/\\\/inform.es\\\/es\\\/ferias-internacionales-de-empresas-simuladas\\\/\",\"url\":\"https:\\\/\\\/inform.es\\\/es\\\/ferias-internacionales-de-empresas-simuladas\\\/\",\"name\":\"Ferias internacionales de empresas simuladas - Fundaci\u00f3 Inform\",\"isPartOf\":{\"@id\":\"https:\\\/\\\/inform.es\\\/es\\\/#website\"},\"datePublished\":\"2021-09-29T09:55:28+00:00\",\"dateModified\":\"2025-11-19T12:41:34+00:00\",\"description\":\"Fundaci\u00f3n Inform tiene experi\u00e9ncia en organizaci\u00f3n de Ferias Internacionales de Empresas Simuladas. El alumnado conocer\u00e1 la parte comercial.\",\"breadcrumb\":{\"@id\":\"https:\\\/\\\/inform.es\\\/es\\\/ferias-internacionales-de-empresas-simuladas\\\/#breadcrumb\"},\"inLanguage\":\"es\",\"potentialAction\":[{\"@type\":\"ReadAction\",\"target\":[\"https:\\\/\\\/inform.es\\\/es\\\/ferias-internacionales-de-empresas-simuladas\\\/\"]}]},{\"@type\":\"BreadcrumbList\",\"@id\":\"https:\\\/\\\/inform.es\\\/es\\\/ferias-internacionales-de-empresas-simuladas\\\/#breadcrumb\",\"itemListElement\":[{\"@type\":\"ListItem\",\"position\":1,\"name\":\"Inici\",\"item\":\"https:\\\/\\\/inform.es\\\/es\\\/\"},{\"@type\":\"ListItem\",\"position\":2,\"name\":\"Ferias internacionales de empresas simuladas\"}]},{\"@type\":\"WebSite\",\"@id\":\"https:\\\/\\\/inform.es\\\/es\\\/#website\",\"url\":\"https:\\\/\\\/inform.es\\\/es\\\/\",\"name\":\"Fundaci\u00f3 Inform\",\"description\":\"Convertim l&#039;aula en empresa per aconseguir les compet\u00e8ncies professionals de tots els llocs de treball.\",\"publisher\":{\"@id\":\"https:\\\/\\\/inform.es\\\/es\\\/#organization\"},\"potentialAction\":[{\"@type\":\"SearchAction\",\"target\":{\"@type\":\"EntryPoint\",\"urlTemplate\":\"https:\\\/\\\/inform.es\\\/es\\\/?s={search_term_string}\"},\"query-input\":{\"@type\":\"PropertyValueSpecification\",\"valueRequired\":true,\"valueName\":\"search_term_string\"}}],\"inLanguage\":\"es\"},{\"@type\":\"Organization\",\"@id\":\"https:\\\/\\\/inform.es\\\/es\\\/#organization\",\"name\":\"Fundaci\u00f3 Inform\",\"url\":\"https:\\\/\\\/inform.es\\\/es\\\/\",\"logo\":{\"@type\":\"ImageObject\",\"inLanguage\":\"es\",\"@id\":\"https:\\\/\\\/inform.es\\\/es\\\/#\\\/schema\\\/logo\\\/image\\\/\",\"url\":\"https:\\\/\\\/inform.es\\\/wp-content\\\/uploads\\\/2022\\\/07\\\/logo-inform-200x79-1.png\",\"contentUrl\":\"https:\\\/\\\/inform.es\\\/wp-content\\\/uploads\\\/2022\\\/07\\\/logo-inform-200x79-1.png\",\"width\":200,\"height\":79,\"caption\":\"Fundaci\u00f3 Inform\"},\"image\":{\"@id\":\"https:\\\/\\\/inform.es\\\/es\\\/#\\\/schema\\\/logo\\\/image\\\/\"},\"sameAs\":[\"https:\\\/\\\/www.facebook.com\\\/profile.php?id=100004345202006\",\"https:\\\/\\\/x.com\\\/FundacioInform\",\"https:\\\/\\\/www.linkedin.com\\\/company\\\/fundaci-inform\\\/\",\"https:\\\/\\\/www.youtube.com\\\/user\\\/FUNDACIOINFORM\"]}]}<\/script>\n<!-- \/ Yoast SEO plugin. -->","yoast_head_json":{"title":"Ferias internacionales de empresas simuladas - Fundaci\u00f3 Inform","description":"Fundaci\u00f3n Inform tiene experi\u00e9ncia en organizaci\u00f3n de Ferias Internacionales de Empresas Simuladas. El alumnado conocer\u00e1 la parte comercial.","robots":{"index":"index","follow":"follow","max-snippet":"max-snippet:-1","max-image-preview":"max-image-preview:large","max-video-preview":"max-video-preview:-1"},"canonical":"https:\/\/inform.es\/es\/ferias-internacionales-de-empresas-simuladas\/","og_locale":"es_ES","og_type":"article","og_title":"Ferias internacionales de empresas simuladas - Fundaci\u00f3 Inform","og_description":"Fundaci\u00f3n Inform tiene experi\u00e9ncia en organizaci\u00f3n de Ferias Internacionales de Empresas Simuladas. El alumnado conocer\u00e1 la parte comercial.","og_url":"https:\/\/inform.es\/es\/ferias-internacionales-de-empresas-simuladas\/","og_site_name":"Fundaci\u00f3 Inform","article_publisher":"https:\/\/www.facebook.com\/profile.php?id=100004345202006","article_modified_time":"2025-11-19T12:41:34+00:00","twitter_card":"summary_large_image","twitter_site":"@FundacioInform","twitter_misc":{"Tiempo de lectura":"26 minutos"},"schema":{"@context":"https:\/\/schema.org","@graph":[{"@type":"WebPage","@id":"https:\/\/inform.es\/es\/ferias-internacionales-de-empresas-simuladas\/","url":"https:\/\/inform.es\/es\/ferias-internacionales-de-empresas-simuladas\/","name":"Ferias internacionales de empresas simuladas - Fundaci\u00f3 Inform","isPartOf":{"@id":"https:\/\/inform.es\/es\/#website"},"datePublished":"2021-09-29T09:55:28+00:00","dateModified":"2025-11-19T12:41:34+00:00","description":"Fundaci\u00f3n Inform tiene experi\u00e9ncia en organizaci\u00f3n de Ferias Internacionales de Empresas Simuladas. El alumnado conocer\u00e1 la parte comercial.","breadcrumb":{"@id":"https:\/\/inform.es\/es\/ferias-internacionales-de-empresas-simuladas\/#breadcrumb"},"inLanguage":"es","potentialAction":[{"@type":"ReadAction","target":["https:\/\/inform.es\/es\/ferias-internacionales-de-empresas-simuladas\/"]}]},{"@type":"BreadcrumbList","@id":"https:\/\/inform.es\/es\/ferias-internacionales-de-empresas-simuladas\/#breadcrumb","itemListElement":[{"@type":"ListItem","position":1,"name":"Inici","item":"https:\/\/inform.es\/es\/"},{"@type":"ListItem","position":2,"name":"Ferias internacionales de empresas simuladas"}]},{"@type":"WebSite","@id":"https:\/\/inform.es\/es\/#website","url":"https:\/\/inform.es\/es\/","name":"Fundaci\u00f3 Inform","description":"Convertim l&#039;aula en empresa per aconseguir les compet\u00e8ncies professionals de tots els llocs de treball.","publisher":{"@id":"https:\/\/inform.es\/es\/#organization"},"potentialAction":[{"@type":"SearchAction","target":{"@type":"EntryPoint","urlTemplate":"https:\/\/inform.es\/es\/?s={search_term_string}"},"query-input":{"@type":"PropertyValueSpecification","valueRequired":true,"valueName":"search_term_string"}}],"inLanguage":"es"},{"@type":"Organization","@id":"https:\/\/inform.es\/es\/#organization","name":"Fundaci\u00f3 Inform","url":"https:\/\/inform.es\/es\/","logo":{"@type":"ImageObject","inLanguage":"es","@id":"https:\/\/inform.es\/es\/#\/schema\/logo\/image\/","url":"https:\/\/inform.es\/wp-content\/uploads\/2022\/07\/logo-inform-200x79-1.png","contentUrl":"https:\/\/inform.es\/wp-content\/uploads\/2022\/07\/logo-inform-200x79-1.png","width":200,"height":79,"caption":"Fundaci\u00f3 Inform"},"image":{"@id":"https:\/\/inform.es\/es\/#\/schema\/logo\/image\/"},"sameAs":["https:\/\/www.facebook.com\/profile.php?id=100004345202006","https:\/\/x.com\/FundacioInform","https:\/\/www.linkedin.com\/company\/fundaci-inform\/","https:\/\/www.youtube.com\/user\/FUNDACIOINFORM"]}]}},"acf":[],"_links":{"self":[{"href":"https:\/\/inform.es\/es\/wp-json\/wp\/v2\/pages\/4783","targetHints":{"allow":["GET"]}}],"collection":[{"href":"https:\/\/inform.es\/es\/wp-json\/wp\/v2\/pages"}],"about":[{"href":"https:\/\/inform.es\/es\/wp-json\/wp\/v2\/types\/page"}],"author":[{"embeddable":true,"href":"https:\/\/inform.es\/es\/wp-json\/wp\/v2\/users\/1"}],"replies":[{"embeddable":true,"href":"https:\/\/inform.es\/es\/wp-json\/wp\/v2\/comments?post=4783"}],"version-history":[{"count":11,"href":"https:\/\/inform.es\/es\/wp-json\/wp\/v2\/pages\/4783\/revisions"}],"predecessor-version":[{"id":7724,"href":"https:\/\/inform.es\/es\/wp-json\/wp\/v2\/pages\/4783\/revisions\/7724"}],"wp:attachment":[{"href":"https:\/\/inform.es\/es\/wp-json\/wp\/v2\/media?parent=4783"}],"curies":[{"name":"wp","href":"https:\/\/api.w.org\/{rel}","templated":true}]}}