{"id":4787,"date":"2021-09-29T12:18:38","date_gmt":"2021-09-29T10:18:38","guid":{"rendered":"https:\/\/inform.es\/projectes-internacionals\/"},"modified":"2024-12-02T15:15:40","modified_gmt":"2024-12-02T14:15:40","slug":"la-simulacion-sefed-internacional","status":"publish","type":"page","link":"https:\/\/inform.es\/es\/la-simulacion-sefed-internacional\/","title":{"rendered":"La simulaci\u00f3n SEFED internacional"},"content":{"rendered":"<div class=\"fusion-fullwidth fullwidth-box fusion-builder-row-1 nonhundred-percent-fullwidth non-hundred-percent-height-scrolling\" style=\"--link_hover_color: #aa1a40;--link_color: #aa1a40;--awb-border-radius-top-left:0px;--awb-border-radius-top-right:0px;--awb-border-radius-bottom-right:0px;--awb-border-radius-bottom-left:0px;--awb-padding-top:4%;--awb-padding-bottom:4%;--awb-background-color:#ffffff;--awb-background-image:linear-gradient(216deg, #ffffff 0%,#ffffff 100%);--awb-flex-wrap:wrap;\" ><div class=\"fusion-builder-row fusion-row\"><div class=\"fusion-layout-column fusion_builder_column fusion-builder-column-0 fusion_builder_column_1_2 1_2 fusion-one-half fusion-column-first fusion-animated\" style=\"--awb-bg-size:cover;width:50%;width:calc(50% - ( ( 4% ) * 0.5 ) );margin-right: 4%;\" data-animationType=\"fadeInLeft\" data-animationDuration=\"1.6\" data-animationOffset=\"top-into-view\"><div class=\"fusion-column-wrapper fusion-column-has-shadow fusion-flex-column-wrapper-legacy\"><div class=\"fusion-title title fusion-title-1 fusion-sep-none fusion-title-text fusion-title-size-three\" style=\"--awb-margin-top:6px;\"><h3 class=\"fusion-title-heading title-heading-left fusion-responsive-typography-calculated\" style=\"margin:0;--fontSize:32;line-height:1.26;\">La metodolog\u00eda SEFED en otros pa\u00edses<\/h3><\/div><div class=\"fusion-text fusion-text-1\" style=\"--awb-content-alignment:left;--awb-font-size:24px;--awb-line-height:1.48em;--awb-letter-spacing:-0.01em;\"><p>Fundaci\u00f3 Inform participa y coordina diferentes proyectos internacionales y transfiere <a href=\"\/es\/proyecto-sefed\/\">la metodolog\u00eda de la simulaci\u00f3n de empresas SEFED<\/a> para diferentes colectivos en pa\u00edses como Argentina, Colombia, Italia, Marruecos, Palestina, Portugal y Chile.<\/p>\n<\/div><div class=\"fusion-clearfix\"><\/div><\/div><\/div><div class=\"fusion-layout-column fusion_builder_column fusion-builder-column-1 fusion_builder_column_1_2 1_2 fusion-one-half fusion-column-last fusion-animated\" style=\"--awb-padding-top:15px;--awb-bg-size:cover;width:50%;width:calc(50% - ( ( 4% ) * 0.5 ) );\" data-animationType=\"fadeInRight\" data-animationDuration=\"1.6\" data-animationOffset=\"top-into-view\"><div class=\"fusion-column-wrapper fusion-column-has-shadow fusion-flex-column-wrapper-legacy\"><div class=\"fusion-image-element in-legacy-container\" style=\"--awb-caption-title-font-family:var(--h2_typography-font-family);--awb-caption-title-font-weight:var(--h2_typography-font-weight);--awb-caption-title-font-style:var(--h2_typography-font-style);--awb-caption-title-size:var(--h2_typography-font-size);--awb-caption-title-transform:var(--h2_typography-text-transform);--awb-caption-title-line-height:var(--h2_typography-line-height);--awb-caption-title-letter-spacing:var(--h2_typography-letter-spacing);\"><span class=\" fusion-imageframe imageframe-none imageframe-1 hover-type-none\" style=\"border-radius:8px;\"><img decoding=\"async\" width=\"710\" height=\"380\" title=\"internacional_3\" src=\"https:\/\/inform.es\/wp-content\/uploads\/2021\/09\/internacional_3.jpg\" data-orig-src=\"http:\/\/inform.es\/wp-content\/uploads\/2021\/09\/internacional_3.jpg\" alt class=\"lazyload img-responsive wp-image-2906\" srcset=\"data:image\/svg+xml,%3Csvg%20xmlns%3D%27http%3A%2F%2Fwww.w3.org%2F2000%2Fsvg%27%20width%3D%27710%27%20height%3D%27380%27%20viewBox%3D%270%200%20710%20380%27%3E%3Crect%20width%3D%27710%27%20height%3D%27380%27%20fill-opacity%3D%220%22%2F%3E%3C%2Fsvg%3E\" data-srcset=\"https:\/\/inform.es\/wp-content\/uploads\/2021\/09\/internacional_3-200x107.jpg 200w, https:\/\/inform.es\/wp-content\/uploads\/2021\/09\/internacional_3-400x214.jpg 400w, https:\/\/inform.es\/wp-content\/uploads\/2021\/09\/internacional_3-600x321.jpg 600w, https:\/\/inform.es\/wp-content\/uploads\/2021\/09\/internacional_3.jpg 710w\" data-sizes=\"auto\" data-orig-sizes=\"(max-width: 1024px) 100vw, 710px\" \/><\/span><\/div><div class=\"fusion-clearfix\"><\/div><\/div><\/div><div class=\"fusion-layout-column fusion_builder_column fusion-builder-column-2 fusion_builder_column_1_2 1_2 fusion-one-half fusion-column-first fusion-animated\" style=\"--awb-padding-top:30px;--awb-bg-size:cover;width:50%;width:calc(50% - ( ( 4% ) * 0.5 ) );margin-right: 4%;\" data-animationType=\"fadeInUp\" data-animationDuration=\"0.3\" data-animationOffset=\"top-into-view\"><div class=\"fusion-column-wrapper fusion-column-has-shadow fusion-flex-column-wrapper-legacy\"><div class=\"fusion-text fusion-text-2\" style=\"--awb-content-alignment:left;--awb-font-size:24px;--awb-line-height:1.48em;--awb-letter-spacing:-0.01em;\"><p><strong>SEFED Colombia<\/strong><\/p>\n<\/div><div class=\"fusion-text fusion-text-3\"><p>Fundaci\u00f3 Inform ha llegado a un acuerdo con el Polit\u00e9cnico Gran Colombiano de Bogot\u00e1 para abrir su primera empresa simulada en su universidad con el objetivo de ofrecer la empresa simulada para mejorar la formaci\u00f3n de su alumnado de gesti\u00f3n empresarial.<\/p>\n<\/div><div class=\"fusion-clearfix\"><\/div><\/div><\/div><div class=\"fusion-layout-column fusion_builder_column fusion-builder-column-3 fusion_builder_column_1_2 1_2 fusion-one-half fusion-column-last fusion-animated\" style=\"--awb-padding-top:30px;--awb-bg-size:cover;width:50%;width:calc(50% - ( ( 4% ) * 0.5 ) );\" data-animationType=\"fadeInUp\" data-animationDuration=\"0.3\" data-animationOffset=\"top-into-view\"><div class=\"fusion-column-wrapper fusion-column-has-shadow fusion-flex-column-wrapper-legacy\"><div class=\"fusion-text fusion-text-4\" style=\"--awb-content-alignment:left;--awb-font-size:24px;--awb-line-height:1.48em;--awb-letter-spacing:-0.01em;\"><p><strong>SEFED Chile<\/strong><\/p>\n<\/div><div class=\"fusion-text fusion-text-5\"><p>Fundaci\u00f3 Inform ha asesorado a la instituci\u00f3n Virginio G\u00f3mez de Concepci\u00f3n para iniciar la primera red de empresas simuladas en Chile. Virginio G\u00f3mez inici\u00f3 la primera empresa simulada en uno de sus centros educativos con sede en Concepci\u00f3n y posteriormente traspas\u00f3 este conocimiento a las otras sedes de la entidad, en Chill\u00e1n y en Los \u00c1ngeles. Actualmente 2024, la instituci\u00f3n Virginio G\u00f3mez ya forma parte como socio activo de Pen Worldwide y continuamos colaborando con ellos en la mejora de la metodolog\u00eda de la simulaci\u00f3n de empresas.<\/p>\n<\/div><div class=\"fusion-clearfix\"><\/div><\/div><\/div><div class=\"fusion-layout-column fusion_builder_column fusion-builder-column-4 fusion_builder_column_1_2 1_2 fusion-one-half fusion-column-first fusion-animated\" style=\"--awb-padding-top:30px;--awb-bg-size:cover;width:50%;width:calc(50% - ( ( 4% ) * 0.5 ) );margin-right: 4%;\" data-animationType=\"fadeInUp\" data-animationDuration=\"0.3\" data-animationOffset=\"top-into-view\"><div class=\"fusion-column-wrapper fusion-column-has-shadow fusion-flex-column-wrapper-legacy\"><div class=\"fusion-text fusion-text-6\" style=\"--awb-content-alignment:left;--awb-font-size:24px;--awb-line-height:1.48em;--awb-letter-spacing:-0.01em;\"><p><strong>SEFED en Marruecos<\/strong><\/p>\n<\/div><div class=\"fusion-text fusion-text-7\"><p>La colaboraci\u00f3n se ha enmarcado en los proyectos de formaci\u00f3n en gesti\u00f3n econ\u00f3mica que impulsa el \u00c1rea Internacional de la <a href=\"http:\/\/obrasocial.lacaixa.es\/home\/obrasocial2_ca.html\" data-cke-saved-href=\"http:\/\/obrasocial.lacaixa.es\/home\/obrasocial2_ca.html\">Obra Social La Caixa<\/a>\u00a0en \u00c1frica. En este marco, el programa pretend\u00eda reforzar el desarrollo de los pa\u00edses africanos mediante el fomento de la formaci\u00f3n de su capital humano y siempre a trav\u00e9s de organizaciones sin \u00e1nimo de lucro nacionales. El proyecto se inici\u00f3 en octubre de 2014 y finaliz\u00f3 en abril de 2016. El objetivo concreto era la apertura de dos empresas simuladas SEFED en T\u00e1nger y en Larache para formar a 70 j\u00f3venes en gesti\u00f3n administrativa y fomentar sus competencias emprendedoras.<\/p>\n<\/div><div class=\"fusion-image-element in-legacy-container\" style=\"--awb-max-width:200px;--awb-caption-title-font-family:var(--h2_typography-font-family);--awb-caption-title-font-weight:var(--h2_typography-font-weight);--awb-caption-title-font-style:var(--h2_typography-font-style);--awb-caption-title-size:var(--h2_typography-font-size);--awb-caption-title-transform:var(--h2_typography-text-transform);--awb-caption-title-line-height:var(--h2_typography-line-height);--awb-caption-title-letter-spacing:var(--h2_typography-letter-spacing);\"><span class=\" fusion-imageframe imageframe-none imageframe-2 hover-type-none\" style=\"border-radius:8px;\"><img decoding=\"async\" width=\"630\" height=\"301\" title=\"caixa_negre\" src=\"https:\/\/inform.es\/wp-content\/uploads\/2021\/09\/caixa_negre.jpg\" data-orig-src=\"http:\/\/inform.es\/wp-content\/uploads\/2021\/09\/caixa_negre.jpg\" alt class=\"lazyload img-responsive wp-image-3373\" srcset=\"data:image\/svg+xml,%3Csvg%20xmlns%3D%27http%3A%2F%2Fwww.w3.org%2F2000%2Fsvg%27%20width%3D%27630%27%20height%3D%27301%27%20viewBox%3D%270%200%20630%20301%27%3E%3Crect%20width%3D%27630%27%20height%3D%27301%27%20fill-opacity%3D%220%22%2F%3E%3C%2Fsvg%3E\" data-srcset=\"https:\/\/inform.es\/wp-content\/uploads\/2021\/09\/caixa_negre-200x96.jpg 200w, https:\/\/inform.es\/wp-content\/uploads\/2021\/09\/caixa_negre-400x191.jpg 400w, https:\/\/inform.es\/wp-content\/uploads\/2021\/09\/caixa_negre-600x287.jpg 600w, https:\/\/inform.es\/wp-content\/uploads\/2021\/09\/caixa_negre.jpg 630w\" data-sizes=\"auto\" data-orig-sizes=\"(max-width: 1024px) 100vw, 630px\" \/><\/span><\/div><div class=\"fusion-clearfix\"><\/div><\/div><\/div><div class=\"fusion-layout-column fusion_builder_column fusion-builder-column-5 fusion_builder_column_1_2 1_2 fusion-one-half fusion-column-last fusion-animated\" style=\"--awb-padding-top:30px;--awb-bg-size:cover;width:50%;width:calc(50% - ( ( 4% ) * 0.5 ) );\" data-animationType=\"fadeInUp\" data-animationDuration=\"0.3\" data-animationOffset=\"top-into-view\"><div class=\"fusion-column-wrapper fusion-column-has-shadow fusion-flex-column-wrapper-legacy\"><div class=\"fusion-video fusion-youtube\" style=\"--awb-max-width:600px;--awb-max-height:360px;\"><div class=\"video-shortcode\"><div class=\"fluid-width-video-wrapper\" style=\"padding-top:60%;\" ><iframe title=\"YouTube video player 1\" src=\"https:\/\/www.youtube.com\/embed\/rbtUP2l8G6I?wmode=transparent&autoplay=0\" width=\"600\" height=\"360\" allowfullscreen allow=\"autoplay; clipboard-write; encrypted-media; gyroscope; picture-in-picture;\"><\/iframe><\/div><\/div><\/div><div class=\"fusion-clearfix\"><\/div><\/div><\/div><div class=\"fusion-layout-column fusion_builder_column fusion-builder-column-6 fusion_builder_column_1_2 1_2 fusion-one-half fusion-column-first fusion-animated\" style=\"--awb-padding-top:30px;--awb-bg-size:cover;width:50%;width:calc(50% - ( ( 4% ) * 0.5 ) );margin-right: 4%;\" data-animationType=\"fadeInUp\" data-animationDuration=\"0.3\" data-animationOffset=\"top-into-view\"><div class=\"fusion-column-wrapper fusion-column-has-shadow fusion-flex-column-wrapper-legacy\"><div class=\"fusion-image-element in-legacy-container\" style=\"--awb-margin-bottom:30px;--awb-caption-title-font-family:var(--h2_typography-font-family);--awb-caption-title-font-weight:var(--h2_typography-font-weight);--awb-caption-title-font-style:var(--h2_typography-font-style);--awb-caption-title-size:var(--h2_typography-font-size);--awb-caption-title-transform:var(--h2_typography-text-transform);--awb-caption-title-line-height:var(--h2_typography-line-height);--awb-caption-title-letter-spacing:var(--h2_typography-letter-spacing);\"><span class=\" fusion-imageframe imageframe-none imageframe-3 hover-type-none\" style=\"border-radius:8px;\"><img decoding=\"async\" width=\"600\" height=\"321\" title=\"palestina\" src=\"https:\/\/inform.es\/wp-content\/uploads\/2021\/09\/palestina.jpg\" data-orig-src=\"http:\/\/inform.es\/wp-content\/uploads\/2021\/09\/palestina.jpg\" alt class=\"lazyload img-responsive wp-image-3377\" srcset=\"data:image\/svg+xml,%3Csvg%20xmlns%3D%27http%3A%2F%2Fwww.w3.org%2F2000%2Fsvg%27%20width%3D%27600%27%20height%3D%27321%27%20viewBox%3D%270%200%20600%20321%27%3E%3Crect%20width%3D%27600%27%20height%3D%27321%27%20fill-opacity%3D%220%22%2F%3E%3C%2Fsvg%3E\" data-srcset=\"https:\/\/inform.es\/wp-content\/uploads\/2021\/09\/palestina-200x107.jpg 200w, https:\/\/inform.es\/wp-content\/uploads\/2021\/09\/palestina-400x214.jpg 400w, https:\/\/inform.es\/wp-content\/uploads\/2021\/09\/palestina.jpg 600w\" data-sizes=\"auto\" data-orig-sizes=\"(max-width: 1024px) 100vw, 600px\" \/><\/span><\/div><div class=\"fusion-text fusion-text-8\" style=\"--awb-content-alignment:left;--awb-font-size:24px;--awb-line-height:1.48em;--awb-letter-spacing:-0.01em;\"><p><strong>SEFED en Palestina<\/strong><\/p>\n<\/div><div class=\"fusion-text fusion-text-9\"><p>Fundaci\u00f3 Inform firma diferentes convenios de colaboraci\u00f3n con Universidades de Palestina para utilizar la metodolog\u00eda SEFED para formar a alumnado universitario en gesti\u00f3n de empresa internacional.<\/p>\n<\/div><div class=\"fusion-clearfix\"><\/div><\/div><\/div><div class=\"fusion-layout-column fusion_builder_column fusion-builder-column-7 fusion_builder_column_1_2 1_2 fusion-one-half fusion-column-last fusion-animated\" style=\"--awb-padding-top:30px;--awb-bg-size:cover;width:50%;width:calc(50% - ( ( 4% ) * 0.5 ) );\" data-animationType=\"fadeInUp\" data-animationDuration=\"0.3\" data-animationOffset=\"top-into-view\"><div class=\"fusion-column-wrapper fusion-column-has-shadow fusion-flex-column-wrapper-legacy\"><div class=\"fusion-image-element in-legacy-container\" style=\"--awb-margin-bottom:30px;--awb-caption-title-font-family:var(--h2_typography-font-family);--awb-caption-title-font-weight:var(--h2_typography-font-weight);--awb-caption-title-font-style:var(--h2_typography-font-style);--awb-caption-title-size:var(--h2_typography-font-size);--awb-caption-title-transform:var(--h2_typography-text-transform);--awb-caption-title-line-height:var(--h2_typography-line-height);--awb-caption-title-letter-spacing:var(--h2_typography-letter-spacing);\"><span class=\" fusion-imageframe imageframe-none imageframe-4 hover-type-none\" style=\"border-radius:8px;\"><img decoding=\"async\" width=\"600\" height=\"321\" title=\"portugal\" src=\"https:\/\/inform.es\/wp-content\/uploads\/2021\/09\/portugal.jpg\" data-orig-src=\"http:\/\/inform.es\/wp-content\/uploads\/2021\/09\/portugal.jpg\" alt class=\"lazyload img-responsive wp-image-3383\" srcset=\"data:image\/svg+xml,%3Csvg%20xmlns%3D%27http%3A%2F%2Fwww.w3.org%2F2000%2Fsvg%27%20width%3D%27600%27%20height%3D%27321%27%20viewBox%3D%270%200%20600%20321%27%3E%3Crect%20width%3D%27600%27%20height%3D%27321%27%20fill-opacity%3D%220%22%2F%3E%3C%2Fsvg%3E\" data-srcset=\"https:\/\/inform.es\/wp-content\/uploads\/2021\/09\/portugal-200x107.jpg 200w, https:\/\/inform.es\/wp-content\/uploads\/2021\/09\/portugal-400x214.jpg 400w, https:\/\/inform.es\/wp-content\/uploads\/2021\/09\/portugal.jpg 600w\" data-sizes=\"auto\" data-orig-sizes=\"(max-width: 1024px) 100vw, 600px\" \/><\/span><\/div><div class=\"fusion-text fusion-text-10\" style=\"--awb-content-alignment:left;--awb-font-size:24px;--awb-line-height:1.48em;--awb-letter-spacing:-0.01em;\"><p><strong>SEFED en Portugal<\/strong><\/p>\n<\/div><div class=\"fusion-text fusion-text-11\"><p>Fundaci\u00f3 Inform ha colaborado durante los \u00faltimos a\u00f1os con la organizaci\u00f3n OIKOS de Portugal para abrir la primera empresa simulada en la ciudad de Braga para j\u00f3venes desempleados.<\/p>\n<ol>\n<li><a href=\"https:\/\/pt.scribd.com\/document\/377472425\/Practice-Busines-1-Guia-Metodologico-Empresas-Simuladas\" target=\"_blank\" rel=\"noopener\">Guide to the application of the Practice Enterprises methodology<\/a><\/li>\n<li><a href=\"https:\/\/pt.scribd.com\/document\/377474162\/Practice-Business-3-Programa-Empresas-Simuladas\" target=\"_blank\" rel=\"noopener\">Pedagogical plan to the application of the Practice Enterprises methodology<\/a><\/li>\n<li><a href=\"https:\/\/pt.scribd.com\/document\/377474013\/Practice-Business-2-Referencial-de-Desenvolvimento-Empresas-Simuladas\" target=\"_blank\" rel=\"noopener\">Developmental benchmark &#8211; Practice Enterprises methodology<\/a><\/li>\n<\/ol>\n<\/div><div class=\"fusion-clearfix\"><\/div><\/div><\/div><\/div><\/div>\n","protected":false},"excerpt":{"rendered":"","protected":false},"author":1,"featured_media":0,"parent":0,"menu_order":0,"comment_status":"closed","ping_status":"closed","template":"100-width.php","meta":{"_acf_changed":false,"footnotes":""},"class_list":["post-4787","page","type-page","status-publish","hentry"],"yoast_head":"<!-- This site is optimized with the Yoast SEO plugin v27.3 - https:\/\/yoast.com\/product\/yoast-seo-wordpress\/ -->\n<title>La simulaci\u00f3n SEFED internacional - Fundaci\u00f3 Inform<\/title>\n<meta name=\"description\" content=\"Fundaci\u00f3 Inform transfiere la metodolog\u00eda de la simulaci\u00f3n de empresas SEFED para diferentes colectivos de diferentes pa\u00edses.\" \/>\n<meta name=\"robots\" content=\"index, follow, max-snippet:-1, max-image-preview:large, max-video-preview:-1\" \/>\n<link rel=\"canonical\" href=\"https:\/\/inform.es\/es\/la-simulacion-sefed-internacional\/\" \/>\n<meta property=\"og:locale\" content=\"es_ES\" \/>\n<meta property=\"og:type\" content=\"article\" \/>\n<meta property=\"og:title\" content=\"La simulaci\u00f3n SEFED internacional - Fundaci\u00f3 Inform\" \/>\n<meta property=\"og:description\" content=\"Fundaci\u00f3 Inform transfiere la metodolog\u00eda de la simulaci\u00f3n de empresas SEFED para diferentes colectivos de diferentes pa\u00edses.\" \/>\n<meta property=\"og:url\" content=\"https:\/\/inform.es\/es\/la-simulacion-sefed-internacional\/\" \/>\n<meta property=\"og:site_name\" content=\"Fundaci\u00f3 Inform\" \/>\n<meta property=\"article:publisher\" content=\"https:\/\/www.facebook.com\/profile.php?id=100004345202006\" \/>\n<meta property=\"article:modified_time\" content=\"2024-12-02T14:15:40+00:00\" \/>\n<meta name=\"twitter:card\" content=\"summary_large_image\" \/>\n<meta name=\"twitter:site\" content=\"@FundacioInform\" \/>\n<meta name=\"twitter:label1\" content=\"Tiempo de lectura\" \/>\n\t<meta name=\"twitter:data1\" content=\"26 minutos\" \/>\n<script type=\"application\/ld+json\" class=\"yoast-schema-graph\">{\"@context\":\"https:\\\/\\\/schema.org\",\"@graph\":[{\"@type\":\"WebPage\",\"@id\":\"https:\\\/\\\/inform.es\\\/es\\\/la-simulacion-sefed-internacional\\\/\",\"url\":\"https:\\\/\\\/inform.es\\\/es\\\/la-simulacion-sefed-internacional\\\/\",\"name\":\"La simulaci\u00f3n SEFED internacional - Fundaci\u00f3 Inform\",\"isPartOf\":{\"@id\":\"https:\\\/\\\/inform.es\\\/es\\\/#website\"},\"datePublished\":\"2021-09-29T10:18:38+00:00\",\"dateModified\":\"2024-12-02T14:15:40+00:00\",\"description\":\"Fundaci\u00f3 Inform transfiere la metodolog\u00eda de la simulaci\u00f3n de empresas SEFED para diferentes colectivos de diferentes pa\u00edses.\",\"breadcrumb\":{\"@id\":\"https:\\\/\\\/inform.es\\\/es\\\/la-simulacion-sefed-internacional\\\/#breadcrumb\"},\"inLanguage\":\"es\",\"potentialAction\":[{\"@type\":\"ReadAction\",\"target\":[\"https:\\\/\\\/inform.es\\\/es\\\/la-simulacion-sefed-internacional\\\/\"]}]},{\"@type\":\"BreadcrumbList\",\"@id\":\"https:\\\/\\\/inform.es\\\/es\\\/la-simulacion-sefed-internacional\\\/#breadcrumb\",\"itemListElement\":[{\"@type\":\"ListItem\",\"position\":1,\"name\":\"Inici\",\"item\":\"https:\\\/\\\/inform.es\\\/es\\\/\"},{\"@type\":\"ListItem\",\"position\":2,\"name\":\"La simulaci\u00f3n SEFED internacional\"}]},{\"@type\":\"WebSite\",\"@id\":\"https:\\\/\\\/inform.es\\\/es\\\/#website\",\"url\":\"https:\\\/\\\/inform.es\\\/es\\\/\",\"name\":\"Fundaci\u00f3 Inform\",\"description\":\"Convertim l&#039;aula en empresa per aconseguir les compet\u00e8ncies professionals de tots els llocs de treball.\",\"publisher\":{\"@id\":\"https:\\\/\\\/inform.es\\\/es\\\/#organization\"},\"potentialAction\":[{\"@type\":\"SearchAction\",\"target\":{\"@type\":\"EntryPoint\",\"urlTemplate\":\"https:\\\/\\\/inform.es\\\/es\\\/?s={search_term_string}\"},\"query-input\":{\"@type\":\"PropertyValueSpecification\",\"valueRequired\":true,\"valueName\":\"search_term_string\"}}],\"inLanguage\":\"es\"},{\"@type\":\"Organization\",\"@id\":\"https:\\\/\\\/inform.es\\\/es\\\/#organization\",\"name\":\"Fundaci\u00f3 Inform\",\"url\":\"https:\\\/\\\/inform.es\\\/es\\\/\",\"logo\":{\"@type\":\"ImageObject\",\"inLanguage\":\"es\",\"@id\":\"https:\\\/\\\/inform.es\\\/es\\\/#\\\/schema\\\/logo\\\/image\\\/\",\"url\":\"https:\\\/\\\/inform.es\\\/wp-content\\\/uploads\\\/2022\\\/07\\\/logo-inform-200x79-1.png\",\"contentUrl\":\"https:\\\/\\\/inform.es\\\/wp-content\\\/uploads\\\/2022\\\/07\\\/logo-inform-200x79-1.png\",\"width\":200,\"height\":79,\"caption\":\"Fundaci\u00f3 Inform\"},\"image\":{\"@id\":\"https:\\\/\\\/inform.es\\\/es\\\/#\\\/schema\\\/logo\\\/image\\\/\"},\"sameAs\":[\"https:\\\/\\\/www.facebook.com\\\/profile.php?id=100004345202006\",\"https:\\\/\\\/x.com\\\/FundacioInform\",\"https:\\\/\\\/www.linkedin.com\\\/company\\\/fundaci-inform\\\/\",\"https:\\\/\\\/www.youtube.com\\\/user\\\/FUNDACIOINFORM\"]}]}<\/script>\n<!-- \/ Yoast SEO plugin. -->","yoast_head_json":{"title":"La simulaci\u00f3n SEFED internacional - Fundaci\u00f3 Inform","description":"Fundaci\u00f3 Inform transfiere la metodolog\u00eda de la simulaci\u00f3n de empresas SEFED para diferentes colectivos de diferentes pa\u00edses.","robots":{"index":"index","follow":"follow","max-snippet":"max-snippet:-1","max-image-preview":"max-image-preview:large","max-video-preview":"max-video-preview:-1"},"canonical":"https:\/\/inform.es\/es\/la-simulacion-sefed-internacional\/","og_locale":"es_ES","og_type":"article","og_title":"La simulaci\u00f3n SEFED internacional - Fundaci\u00f3 Inform","og_description":"Fundaci\u00f3 Inform transfiere la metodolog\u00eda de la simulaci\u00f3n de empresas SEFED para diferentes colectivos de diferentes pa\u00edses.","og_url":"https:\/\/inform.es\/es\/la-simulacion-sefed-internacional\/","og_site_name":"Fundaci\u00f3 Inform","article_publisher":"https:\/\/www.facebook.com\/profile.php?id=100004345202006","article_modified_time":"2024-12-02T14:15:40+00:00","twitter_card":"summary_large_image","twitter_site":"@FundacioInform","twitter_misc":{"Tiempo de lectura":"26 minutos"},"schema":{"@context":"https:\/\/schema.org","@graph":[{"@type":"WebPage","@id":"https:\/\/inform.es\/es\/la-simulacion-sefed-internacional\/","url":"https:\/\/inform.es\/es\/la-simulacion-sefed-internacional\/","name":"La simulaci\u00f3n SEFED internacional - Fundaci\u00f3 Inform","isPartOf":{"@id":"https:\/\/inform.es\/es\/#website"},"datePublished":"2021-09-29T10:18:38+00:00","dateModified":"2024-12-02T14:15:40+00:00","description":"Fundaci\u00f3 Inform transfiere la metodolog\u00eda de la simulaci\u00f3n de empresas SEFED para diferentes colectivos de diferentes pa\u00edses.","breadcrumb":{"@id":"https:\/\/inform.es\/es\/la-simulacion-sefed-internacional\/#breadcrumb"},"inLanguage":"es","potentialAction":[{"@type":"ReadAction","target":["https:\/\/inform.es\/es\/la-simulacion-sefed-internacional\/"]}]},{"@type":"BreadcrumbList","@id":"https:\/\/inform.es\/es\/la-simulacion-sefed-internacional\/#breadcrumb","itemListElement":[{"@type":"ListItem","position":1,"name":"Inici","item":"https:\/\/inform.es\/es\/"},{"@type":"ListItem","position":2,"name":"La simulaci\u00f3n SEFED internacional"}]},{"@type":"WebSite","@id":"https:\/\/inform.es\/es\/#website","url":"https:\/\/inform.es\/es\/","name":"Fundaci\u00f3 Inform","description":"Convertim l&#039;aula en empresa per aconseguir les compet\u00e8ncies professionals de tots els llocs de treball.","publisher":{"@id":"https:\/\/inform.es\/es\/#organization"},"potentialAction":[{"@type":"SearchAction","target":{"@type":"EntryPoint","urlTemplate":"https:\/\/inform.es\/es\/?s={search_term_string}"},"query-input":{"@type":"PropertyValueSpecification","valueRequired":true,"valueName":"search_term_string"}}],"inLanguage":"es"},{"@type":"Organization","@id":"https:\/\/inform.es\/es\/#organization","name":"Fundaci\u00f3 Inform","url":"https:\/\/inform.es\/es\/","logo":{"@type":"ImageObject","inLanguage":"es","@id":"https:\/\/inform.es\/es\/#\/schema\/logo\/image\/","url":"https:\/\/inform.es\/wp-content\/uploads\/2022\/07\/logo-inform-200x79-1.png","contentUrl":"https:\/\/inform.es\/wp-content\/uploads\/2022\/07\/logo-inform-200x79-1.png","width":200,"height":79,"caption":"Fundaci\u00f3 Inform"},"image":{"@id":"https:\/\/inform.es\/es\/#\/schema\/logo\/image\/"},"sameAs":["https:\/\/www.facebook.com\/profile.php?id=100004345202006","https:\/\/x.com\/FundacioInform","https:\/\/www.linkedin.com\/company\/fundaci-inform\/","https:\/\/www.youtube.com\/user\/FUNDACIOINFORM"]}]}},"acf":[],"_links":{"self":[{"href":"https:\/\/inform.es\/es\/wp-json\/wp\/v2\/pages\/4787","targetHints":{"allow":["GET"]}}],"collection":[{"href":"https:\/\/inform.es\/es\/wp-json\/wp\/v2\/pages"}],"about":[{"href":"https:\/\/inform.es\/es\/wp-json\/wp\/v2\/types\/page"}],"author":[{"embeddable":true,"href":"https:\/\/inform.es\/es\/wp-json\/wp\/v2\/users\/1"}],"replies":[{"embeddable":true,"href":"https:\/\/inform.es\/es\/wp-json\/wp\/v2\/comments?post=4787"}],"version-history":[{"count":12,"href":"https:\/\/inform.es\/es\/wp-json\/wp\/v2\/pages\/4787\/revisions"}],"predecessor-version":[{"id":7351,"href":"https:\/\/inform.es\/es\/wp-json\/wp\/v2\/pages\/4787\/revisions\/7351"}],"wp:attachment":[{"href":"https:\/\/inform.es\/es\/wp-json\/wp\/v2\/media?parent=4787"}],"curies":[{"name":"wp","href":"https:\/\/api.w.org\/{rel}","templated":true}]}}