{"id":6377,"date":"2022-06-23T16:13:20","date_gmt":"2022-06-23T14:13:20","guid":{"rendered":"https:\/\/inform.es\/?page_id=6377"},"modified":"2024-02-26T15:11:13","modified_gmt":"2024-02-26T13:11:13","slug":"fempower-empoderamiento-femenino","status":"publish","type":"page","link":"https:\/\/inform.es\/es\/fempower-empoderamiento-femenino\/","title":{"rendered":"FEMPOWER &#8211; empoderamiento femenino"},"content":{"rendered":"<div class=\"fusion-fullwidth fullwidth-box fusion-builder-row-1 nonhundred-percent-fullwidth non-hundred-percent-height-scrolling\" style=\"--link_hover_color: #aa1a40;--link_color: #aa1a40;--awb-border-radius-top-left:0px;--awb-border-radius-top-right:0px;--awb-border-radius-bottom-right:0px;--awb-border-radius-bottom-left:0px;--awb-padding-top:4%;--awb-padding-bottom:4%;--awb-background-color:#ffffff;--awb-background-image:linear-gradient(216deg, #ffffff 0%,#ffffff 100%);--awb-flex-wrap:wrap;\" ><div class=\"fusion-builder-row fusion-row\"><div class=\"fusion-layout-column fusion_builder_column fusion-builder-column-0 fusion_builder_column_1_2 1_2 fusion-one-half fusion-column-first fusion-animated\" style=\"--awb-bg-size:cover;width:50%;width:calc(50% - ( ( 4% ) * 0.5 ) );margin-right: 4%;\" data-animationType=\"fadeInLeft\" data-animationDuration=\"1.6\" data-animationOffset=\"top-into-view\"><div class=\"fusion-column-wrapper fusion-column-has-shadow fusion-flex-column-wrapper-legacy\"><div class=\"fusion-title title fusion-title-1 fusion-sep-none fusion-title-text fusion-title-size-three\" style=\"--awb-margin-top:6px;\"><h3 class=\"fusion-title-heading title-heading-left fusion-responsive-typography-calculated\" style=\"margin:0;--fontSize:32;line-height:1.26;\">Proyecto Erasmus+ KA2<\/h3><\/div><div class=\"fusion-text fusion-text-1\" style=\"--awb-content-alignment:left;--awb-font-size:24px;--awb-line-height:1.48em;--awb-letter-spacing:-0.01em;\"><p>El objetivo clave del proyecto FEMPOWER \u2013 Empoderamiento Femenino: L\u00edderes del Futuro es desarrollar y reforzar las habilidades de liderazgo femenino y empoderar a las mujeres j\u00f3venes dentro del innovador entorno de aprendizaje basado en el trabajo de la empresa simulada. El objetivo secundario es implementar elementos en el programa para abordar las expectativas de los estereotipos de g\u00e9nero y crear conciencia sobre la discriminaci\u00f3n basada en el g\u00e9nero en el mercado laboral. El consorcio cooperar\u00e1 para desarrollar un programa de minicursos de empoderamiento y liderazgo femenino a trav\u00e9s del cual los participantes j\u00f3venes, especialmente las aprendices, tengan m\u00e1s probabilidades de emerger como l\u00edderes y comprender las realidades del mercado laboral y adaptarse mejor a las nuevas tendencias en el proceso de contrataci\u00f3n.<\/p>\n<\/div><div class=\"fusion-clearfix\"><\/div><\/div><\/div><div class=\"fusion-layout-column fusion_builder_column fusion-builder-column-1 fusion_builder_column_1_2 1_2 fusion-one-half fusion-column-last fusion-animated\" style=\"--awb-padding-top:15px;--awb-bg-size:cover;width:50%;width:calc(50% - ( ( 4% ) * 0.5 ) );\" data-animationType=\"fadeInRight\" data-animationDuration=\"1.6\" data-animationOffset=\"top-into-view\"><div class=\"fusion-column-wrapper fusion-column-has-shadow fusion-flex-column-wrapper-legacy\"><div class=\"fusion-image-element in-legacy-container\" style=\"--awb-caption-title-font-family:var(--h2_typography-font-family);--awb-caption-title-font-weight:var(--h2_typography-font-weight);--awb-caption-title-font-style:var(--h2_typography-font-style);--awb-caption-title-size:var(--h2_typography-font-size);--awb-caption-title-transform:var(--h2_typography-text-transform);--awb-caption-title-line-height:var(--h2_typography-line-height);--awb-caption-title-letter-spacing:var(--h2_typography-letter-spacing);\"><span class=\" fusion-imageframe imageframe-none imageframe-1 hover-type-none\" style=\"border-radius:8px;\"><img decoding=\"async\" width=\"500\" height=\"500\" title=\"FEMPOWER Logo Square Option 1\" src=\"https:\/\/inform.es\/wp-content\/uploads\/2022\/06\/FEMPOWER-Logo-Square-Option-1.jpg\" data-orig-src=\"http:\/\/inform.es\/wp-content\/uploads\/2022\/06\/FEMPOWER-Logo-Square-Option-1.jpg\" alt class=\"lazyload img-responsive wp-image-6393\" srcset=\"data:image\/svg+xml,%3Csvg%20xmlns%3D%27http%3A%2F%2Fwww.w3.org%2F2000%2Fsvg%27%20width%3D%27500%27%20height%3D%27500%27%20viewBox%3D%270%200%20500%20500%27%3E%3Crect%20width%3D%27500%27%20height%3D%27500%27%20fill-opacity%3D%220%22%2F%3E%3C%2Fsvg%3E\" data-srcset=\"https:\/\/inform.es\/wp-content\/uploads\/2022\/06\/FEMPOWER-Logo-Square-Option-1-200x200.jpg 200w, https:\/\/inform.es\/wp-content\/uploads\/2022\/06\/FEMPOWER-Logo-Square-Option-1-400x400.jpg 400w, https:\/\/inform.es\/wp-content\/uploads\/2022\/06\/FEMPOWER-Logo-Square-Option-1.jpg 500w\" data-sizes=\"auto\" data-orig-sizes=\"(max-width: 1024px) 100vw, 500px\" \/><\/span><\/div><div class=\"fusion-clearfix\"><\/div><\/div><\/div><div class=\"fusion-layout-column fusion_builder_column fusion-builder-column-2 fusion_builder_column_1_1 1_1 fusion-one-full fusion-column-first fusion-column-last fusion-animated\" style=\"--awb-padding-top:30px;--awb-bg-size:cover;\" data-animationType=\"fadeInUp\" data-animationDuration=\"0.3\" data-animationOffset=\"top-into-view\"><div class=\"fusion-column-wrapper fusion-column-has-shadow fusion-flex-column-wrapper-legacy\"><div class=\"fusion-text fusion-text-2\"><p>El programa de minicursos de liderazgo y empoderamiento femenino aumentar\u00e1 la conciencia local, nacional e internacional sobre los desaf\u00edos que enfrentan las mujeres j\u00f3venes al ingresar al lugar de trabajo del siglo XXI. El proyecto FEMPOWER brindar\u00e1 una experiencia de capacitaci\u00f3n \u00fanica para mujeres j\u00f3venes al incluir modelos a seguir del mundo real que de otro modo no estar\u00edan disponibles para ellas y al desarrollar modelos innovadores para la adquisici\u00f3n de habilidades comerciales y de liderazgo para abordar la discrepancia entre la empleabilidad de hombres y mujeres j\u00f3venes.<\/p>\n<p>Pera m\u00e1s informaci\u00f3n <a href=\"https:\/\/fempower.penworldwide.org\/\" target=\"_blank\" rel=\"noopener\">aqu\u00ed<\/a>.<\/p>\n<div class=\"fl-module fl-module-rich-text fl-node-5c6586f6dfe08\" data-node=\"5c6586f6dfe08\">\n<div class=\"fl-module-content fl-node-content\">\n<div class=\"fl-rich-text\">\n<p><strong>Socios del proyecto:<\/strong><\/p>\n<\/div>\n<\/div>\n<\/div>\n<div class=\"fl-module fl-module-rich-text fl-node-5c6598d34874f\" data-node=\"5c6598d34874f\">\n<div class=\"fl-module-content fl-node-content\">\n<div class=\"fl-rich-text\">\n<p><a href=\"https:\/\/www.inform.es\/\" target=\"_blank\" rel=\"noopener\">Fundaci\u00f3 Inform (ES)<\/a><br \/>\n<a href=\"https:\/\/www.act.at\/en\/\" target=\"_blank\" rel=\"noopener\">ACTIF (AT)<\/a><br \/>\n<a href=\"http:\/\/www.viko.lt\/\" target=\"_blank\" rel=\"noopener\">Vilniaus Kolegija (LT)<\/a><br \/>\n<a href=\"http:\/\/www.connectief.be\/\" target=\"_blank\" rel=\"noopener\">Connectief vzw (BE)<\/a><br \/>\n<a href=\"https:\/\/penworldwide.org\/\">Pen Worldwide (DE \u2013 l\u00edder)<\/a><\/p>\n<\/div>\n<\/div>\n<\/div>\n<\/div><div class=\"fusion-clearfix\"><\/div><\/div><\/div><div class=\"fusion-layout-column fusion_builder_column fusion-builder-column-3 fusion_builder_column_1_1 1_1 fusion-one-full fusion-column-first fusion-column-last fusion-animated\" style=\"--awb-padding-top:0px;--awb-padding-bottom:45px;--awb-bg-size:cover;--awb-margin-top:0px;--awb-margin-bottom:0px;\" data-animationType=\"fadeInUp\" data-animationDuration=\"0.3\" data-animationOffset=\"top-into-view\"><div class=\"fusion-column-wrapper fusion-column-has-shadow fusion-flex-column-wrapper-legacy\"><div class=\"fusion-image-element in-legacy-container\" style=\"--awb-max-width:250px;--awb-caption-title-font-family:var(--h2_typography-font-family);--awb-caption-title-font-weight:var(--h2_typography-font-weight);--awb-caption-title-font-style:var(--h2_typography-font-style);--awb-caption-title-size:var(--h2_typography-font-size);--awb-caption-title-transform:var(--h2_typography-text-transform);--awb-caption-title-line-height:var(--h2_typography-line-height);--awb-caption-title-letter-spacing:var(--h2_typography-letter-spacing);\"><span class=\" fusion-imageframe imageframe-none imageframe-2 hover-type-none\" style=\"border-radius:8px;\"><img decoding=\"async\" width=\"1024\" height=\"215\" title=\"EN-Funded by the EU-PANTONE (1)\" src=\"https:\/\/inform.es\/wp-content\/uploads\/2022\/06\/EN-Funded-by-the-EU-PANTONE-1-scaled.jpg\" data-orig-src=\"http:\/\/inform.es\/wp-content\/uploads\/2022\/06\/EN-Funded-by-the-EU-PANTONE-1-1024x215.jpg\" alt class=\"lazyload img-responsive wp-image-6403\" srcset=\"data:image\/svg+xml,%3Csvg%20xmlns%3D%27http%3A%2F%2Fwww.w3.org%2F2000%2Fsvg%27%20width%3D%272560%27%20height%3D%27537%27%20viewBox%3D%270%200%202560%20537%27%3E%3Crect%20width%3D%272560%27%20height%3D%27537%27%20fill-opacity%3D%220%22%2F%3E%3C%2Fsvg%3E\" data-srcset=\"https:\/\/inform.es\/wp-content\/uploads\/2022\/06\/EN-Funded-by-the-EU-PANTONE-1-200x42.jpg 200w, https:\/\/inform.es\/wp-content\/uploads\/2022\/06\/EN-Funded-by-the-EU-PANTONE-1-400x84.jpg 400w, https:\/\/inform.es\/wp-content\/uploads\/2022\/06\/EN-Funded-by-the-EU-PANTONE-1-600x126.jpg 600w, https:\/\/inform.es\/wp-content\/uploads\/2022\/06\/EN-Funded-by-the-EU-PANTONE-1-800x168.jpg 800w, https:\/\/inform.es\/wp-content\/uploads\/2022\/06\/EN-Funded-by-the-EU-PANTONE-1-1200x252.jpg 1200w, https:\/\/inform.es\/wp-content\/uploads\/2022\/06\/EN-Funded-by-the-EU-PANTONE-1-scaled.jpg 2560w\" data-sizes=\"auto\" data-orig-sizes=\"(max-width: 1024px) 100vw, 1024px\" \/><\/span><\/div><div class=\"fusion-clearfix\"><\/div><\/div><\/div><div class=\"fusion-layout-column fusion_builder_column fusion-builder-column-4 fusion_builder_column_1_1 1_1 fusion-one-full fusion-column-first fusion-column-last fusion-animated\" style=\"--awb-padding-top:0px;--awb-bg-size:cover;--awb-margin-top:0px;--awb-margin-bottom:0px;\" data-animationType=\"fadeInUp\" data-animationDuration=\"0.3\" data-animationOffset=\"top-into-view\"><div class=\"fusion-column-wrapper fusion-column-has-shadow fusion-flex-column-wrapper-legacy\"><div class=\"fusion-clearfix\"><\/div><\/div><\/div><\/div><\/div>\n","protected":false},"excerpt":{"rendered":"","protected":false},"author":2,"featured_media":0,"parent":0,"menu_order":0,"comment_status":"closed","ping_status":"closed","template":"100-width.php","meta":{"_acf_changed":false,"footnotes":""},"class_list":["post-6377","page","type-page","status-publish","hentry"],"yoast_head":"<!-- This site is optimized with the Yoast SEO plugin v27.3 - https:\/\/yoast.com\/product\/yoast-seo-wordpress\/ -->\n<title>FEMPOWER - empoderamiento femenino - Fundaci\u00f3 Inform<\/title>\n<meta name=\"description\" content=\"El objetivo clave del proyecto FEMPOWER \u2013 Empoderamiento Femenino: L\u00edderes del Futuro es desarrollar y reforzar las habilidades de liderazgo femenino.\" \/>\n<meta name=\"robots\" content=\"index, follow, max-snippet:-1, max-image-preview:large, max-video-preview:-1\" \/>\n<link rel=\"canonical\" href=\"https:\/\/inform.es\/es\/fempower-empoderamiento-femenino\/\" \/>\n<meta property=\"og:locale\" content=\"es_ES\" \/>\n<meta property=\"og:type\" content=\"article\" \/>\n<meta property=\"og:title\" content=\"FEMPOWER - empoderamiento femenino - Fundaci\u00f3 Inform\" \/>\n<meta property=\"og:description\" content=\"El objetivo clave del proyecto FEMPOWER \u2013 Empoderamiento Femenino: L\u00edderes del Futuro es desarrollar y reforzar las habilidades de liderazgo femenino.\" \/>\n<meta property=\"og:url\" content=\"https:\/\/inform.es\/es\/fempower-empoderamiento-femenino\/\" \/>\n<meta property=\"og:site_name\" content=\"Fundaci\u00f3 Inform\" \/>\n<meta property=\"article:publisher\" content=\"https:\/\/www.facebook.com\/profile.php?id=100004345202006\" \/>\n<meta property=\"article:modified_time\" content=\"2024-02-26T13:11:13+00:00\" \/>\n<meta name=\"twitter:card\" content=\"summary_large_image\" \/>\n<meta name=\"twitter:site\" content=\"@FundacioInform\" \/>\n<meta name=\"twitter:label1\" content=\"Tiempo de lectura\" \/>\n\t<meta name=\"twitter:data1\" content=\"26 minutos\" \/>\n<script type=\"application\/ld+json\" class=\"yoast-schema-graph\">{\"@context\":\"https:\\\/\\\/schema.org\",\"@graph\":[{\"@type\":\"WebPage\",\"@id\":\"https:\\\/\\\/inform.es\\\/es\\\/fempower-empoderamiento-femenino\\\/\",\"url\":\"https:\\\/\\\/inform.es\\\/es\\\/fempower-empoderamiento-femenino\\\/\",\"name\":\"FEMPOWER - empoderamiento femenino - Fundaci\u00f3 Inform\",\"isPartOf\":{\"@id\":\"https:\\\/\\\/inform.es\\\/es\\\/#website\"},\"datePublished\":\"2022-06-23T14:13:20+00:00\",\"dateModified\":\"2024-02-26T13:11:13+00:00\",\"description\":\"El objetivo clave del proyecto FEMPOWER \u2013 Empoderamiento Femenino: L\u00edderes del Futuro es desarrollar y reforzar las habilidades de liderazgo femenino.\",\"breadcrumb\":{\"@id\":\"https:\\\/\\\/inform.es\\\/es\\\/fempower-empoderamiento-femenino\\\/#breadcrumb\"},\"inLanguage\":\"es\",\"potentialAction\":[{\"@type\":\"ReadAction\",\"target\":[\"https:\\\/\\\/inform.es\\\/es\\\/fempower-empoderamiento-femenino\\\/\"]}]},{\"@type\":\"BreadcrumbList\",\"@id\":\"https:\\\/\\\/inform.es\\\/es\\\/fempower-empoderamiento-femenino\\\/#breadcrumb\",\"itemListElement\":[{\"@type\":\"ListItem\",\"position\":1,\"name\":\"Inici\",\"item\":\"https:\\\/\\\/inform.es\\\/es\\\/\"},{\"@type\":\"ListItem\",\"position\":2,\"name\":\"FEMPOWER &#8211; empoderamiento femenino\"}]},{\"@type\":\"WebSite\",\"@id\":\"https:\\\/\\\/inform.es\\\/es\\\/#website\",\"url\":\"https:\\\/\\\/inform.es\\\/es\\\/\",\"name\":\"Fundaci\u00f3 Inform\",\"description\":\"Convertim l&#039;aula en empresa per aconseguir les compet\u00e8ncies professionals de tots els llocs de treball.\",\"publisher\":{\"@id\":\"https:\\\/\\\/inform.es\\\/es\\\/#organization\"},\"potentialAction\":[{\"@type\":\"SearchAction\",\"target\":{\"@type\":\"EntryPoint\",\"urlTemplate\":\"https:\\\/\\\/inform.es\\\/es\\\/?s={search_term_string}\"},\"query-input\":{\"@type\":\"PropertyValueSpecification\",\"valueRequired\":true,\"valueName\":\"search_term_string\"}}],\"inLanguage\":\"es\"},{\"@type\":\"Organization\",\"@id\":\"https:\\\/\\\/inform.es\\\/es\\\/#organization\",\"name\":\"Fundaci\u00f3 Inform\",\"url\":\"https:\\\/\\\/inform.es\\\/es\\\/\",\"logo\":{\"@type\":\"ImageObject\",\"inLanguage\":\"es\",\"@id\":\"https:\\\/\\\/inform.es\\\/es\\\/#\\\/schema\\\/logo\\\/image\\\/\",\"url\":\"https:\\\/\\\/inform.es\\\/wp-content\\\/uploads\\\/2022\\\/07\\\/logo-inform-200x79-1.png\",\"contentUrl\":\"https:\\\/\\\/inform.es\\\/wp-content\\\/uploads\\\/2022\\\/07\\\/logo-inform-200x79-1.png\",\"width\":200,\"height\":79,\"caption\":\"Fundaci\u00f3 Inform\"},\"image\":{\"@id\":\"https:\\\/\\\/inform.es\\\/es\\\/#\\\/schema\\\/logo\\\/image\\\/\"},\"sameAs\":[\"https:\\\/\\\/www.facebook.com\\\/profile.php?id=100004345202006\",\"https:\\\/\\\/x.com\\\/FundacioInform\",\"https:\\\/\\\/www.linkedin.com\\\/company\\\/fundaci-inform\\\/\",\"https:\\\/\\\/www.youtube.com\\\/user\\\/FUNDACIOINFORM\"]}]}<\/script>\n<!-- \/ Yoast SEO plugin. -->","yoast_head_json":{"title":"FEMPOWER - empoderamiento femenino - Fundaci\u00f3 Inform","description":"El objetivo clave del proyecto FEMPOWER \u2013 Empoderamiento Femenino: L\u00edderes del Futuro es desarrollar y reforzar las habilidades de liderazgo femenino.","robots":{"index":"index","follow":"follow","max-snippet":"max-snippet:-1","max-image-preview":"max-image-preview:large","max-video-preview":"max-video-preview:-1"},"canonical":"https:\/\/inform.es\/es\/fempower-empoderamiento-femenino\/","og_locale":"es_ES","og_type":"article","og_title":"FEMPOWER - empoderamiento femenino - Fundaci\u00f3 Inform","og_description":"El objetivo clave del proyecto FEMPOWER \u2013 Empoderamiento Femenino: L\u00edderes del Futuro es desarrollar y reforzar las habilidades de liderazgo femenino.","og_url":"https:\/\/inform.es\/es\/fempower-empoderamiento-femenino\/","og_site_name":"Fundaci\u00f3 Inform","article_publisher":"https:\/\/www.facebook.com\/profile.php?id=100004345202006","article_modified_time":"2024-02-26T13:11:13+00:00","twitter_card":"summary_large_image","twitter_site":"@FundacioInform","twitter_misc":{"Tiempo de lectura":"26 minutos"},"schema":{"@context":"https:\/\/schema.org","@graph":[{"@type":"WebPage","@id":"https:\/\/inform.es\/es\/fempower-empoderamiento-femenino\/","url":"https:\/\/inform.es\/es\/fempower-empoderamiento-femenino\/","name":"FEMPOWER - empoderamiento femenino - Fundaci\u00f3 Inform","isPartOf":{"@id":"https:\/\/inform.es\/es\/#website"},"datePublished":"2022-06-23T14:13:20+00:00","dateModified":"2024-02-26T13:11:13+00:00","description":"El objetivo clave del proyecto FEMPOWER \u2013 Empoderamiento Femenino: L\u00edderes del Futuro es desarrollar y reforzar las habilidades de liderazgo femenino.","breadcrumb":{"@id":"https:\/\/inform.es\/es\/fempower-empoderamiento-femenino\/#breadcrumb"},"inLanguage":"es","potentialAction":[{"@type":"ReadAction","target":["https:\/\/inform.es\/es\/fempower-empoderamiento-femenino\/"]}]},{"@type":"BreadcrumbList","@id":"https:\/\/inform.es\/es\/fempower-empoderamiento-femenino\/#breadcrumb","itemListElement":[{"@type":"ListItem","position":1,"name":"Inici","item":"https:\/\/inform.es\/es\/"},{"@type":"ListItem","position":2,"name":"FEMPOWER &#8211; empoderamiento femenino"}]},{"@type":"WebSite","@id":"https:\/\/inform.es\/es\/#website","url":"https:\/\/inform.es\/es\/","name":"Fundaci\u00f3 Inform","description":"Convertim l&#039;aula en empresa per aconseguir les compet\u00e8ncies professionals de tots els llocs de treball.","publisher":{"@id":"https:\/\/inform.es\/es\/#organization"},"potentialAction":[{"@type":"SearchAction","target":{"@type":"EntryPoint","urlTemplate":"https:\/\/inform.es\/es\/?s={search_term_string}"},"query-input":{"@type":"PropertyValueSpecification","valueRequired":true,"valueName":"search_term_string"}}],"inLanguage":"es"},{"@type":"Organization","@id":"https:\/\/inform.es\/es\/#organization","name":"Fundaci\u00f3 Inform","url":"https:\/\/inform.es\/es\/","logo":{"@type":"ImageObject","inLanguage":"es","@id":"https:\/\/inform.es\/es\/#\/schema\/logo\/image\/","url":"https:\/\/inform.es\/wp-content\/uploads\/2022\/07\/logo-inform-200x79-1.png","contentUrl":"https:\/\/inform.es\/wp-content\/uploads\/2022\/07\/logo-inform-200x79-1.png","width":200,"height":79,"caption":"Fundaci\u00f3 Inform"},"image":{"@id":"https:\/\/inform.es\/es\/#\/schema\/logo\/image\/"},"sameAs":["https:\/\/www.facebook.com\/profile.php?id=100004345202006","https:\/\/x.com\/FundacioInform","https:\/\/www.linkedin.com\/company\/fundaci-inform\/","https:\/\/www.youtube.com\/user\/FUNDACIOINFORM"]}]}},"acf":[],"_links":{"self":[{"href":"https:\/\/inform.es\/es\/wp-json\/wp\/v2\/pages\/6377","targetHints":{"allow":["GET"]}}],"collection":[{"href":"https:\/\/inform.es\/es\/wp-json\/wp\/v2\/pages"}],"about":[{"href":"https:\/\/inform.es\/es\/wp-json\/wp\/v2\/types\/page"}],"author":[{"embeddable":true,"href":"https:\/\/inform.es\/es\/wp-json\/wp\/v2\/users\/2"}],"replies":[{"embeddable":true,"href":"https:\/\/inform.es\/es\/wp-json\/wp\/v2\/comments?post=6377"}],"version-history":[{"count":7,"href":"https:\/\/inform.es\/es\/wp-json\/wp\/v2\/pages\/6377\/revisions"}],"predecessor-version":[{"id":7226,"href":"https:\/\/inform.es\/es\/wp-json\/wp\/v2\/pages\/6377\/revisions\/7226"}],"wp:attachment":[{"href":"https:\/\/inform.es\/es\/wp-json\/wp\/v2\/media?parent=6377"}],"curies":[{"name":"wp","href":"https:\/\/api.w.org\/{rel}","templated":true}]}}