{"id":6418,"date":"2022-09-14T10:18:08","date_gmt":"2022-09-14T08:18:08","guid":{"rendered":"https:\/\/inform.es\/?page_id=6418"},"modified":"2024-02-26T15:16:36","modified_gmt":"2024-02-26T13:16:36","slug":"joinus-actividades-digitales-para-las-empresas-simuladas-sefed","status":"publish","type":"page","link":"https:\/\/inform.es\/es\/joinus-actividades-digitales-para-las-empresas-simuladas-sefed\/","title":{"rendered":"JOINUS &#8211; actividades digitales para las empresas simuladas SEFED"},"content":{"rendered":"<div class=\"fusion-fullwidth fullwidth-box fusion-builder-row-1 nonhundred-percent-fullwidth non-hundred-percent-height-scrolling\" style=\"--link_hover_color: #aa1a40;--link_color: #aa1a40;--awb-border-radius-top-left:0px;--awb-border-radius-top-right:0px;--awb-border-radius-bottom-right:0px;--awb-border-radius-bottom-left:0px;--awb-padding-top:4%;--awb-padding-bottom:4%;--awb-background-color:#ffffff;--awb-background-image:linear-gradient(216deg, #ffffff 0%,#ffffff 100%);--awb-flex-wrap:wrap;\" ><div class=\"fusion-builder-row fusion-row\"><div class=\"fusion-layout-column fusion_builder_column fusion-builder-column-0 fusion_builder_column_1_2 1_2 fusion-one-half fusion-column-first fusion-animated\" style=\"--awb-bg-size:cover;width:50%;width:calc(50% - ( ( 4% ) * 0.5 ) );margin-right: 4%;\" data-animationType=\"fadeInLeft\" data-animationDuration=\"1.6\" data-animationOffset=\"top-into-view\"><div class=\"fusion-column-wrapper fusion-column-has-shadow fusion-flex-column-wrapper-legacy\"><div class=\"fusion-title title fusion-title-1 fusion-sep-none fusion-title-text fusion-title-size-three\" style=\"--awb-margin-top:6px;\"><h3 class=\"fusion-title-heading title-heading-left fusion-responsive-typography-calculated\" style=\"margin:0;--fontSize:32;line-height:1.26;\"><b>Eventos digitales para las empresas simuladas SEFED<\/b><\/h3><\/div><div class=\"fusion-text fusion-text-1\" style=\"--awb-content-alignment:left;--awb-font-size:24px;--awb-line-height:1.48em;--awb-letter-spacing:-0.01em;\"><p>Las empresas simuladas crean un puente entre la educaci\u00f3n y el mundo empresarial. Fortalecen la inclusi\u00f3n en el proceso de aprendizaje y capacita a los y las\u00a0 j\u00f3venes para que se hagan cargo de sus propios itinerarios de aprendizaje y aprendan a su propio ritmo.<\/p>\n<p>Esto significa que pueden desempe\u00f1ar tareas comunes una y otra vez sin temer las consecuencias de cometer errores asociados a los eventos del mundo real. Tendr\u00e1n las ventajas de la pr\u00e1ctica pr\u00e1ctica virtual a la vez que evitan los riesgos caracterizados en la realidad, a la vez que mejoran su movilidad virtual y aprenden nuevas formas de trabajar, incluido el aprendizaje a distancia.<\/p>\n<\/div><div class=\"fusion-clearfix\"><\/div><\/div><\/div><div class=\"fusion-layout-column fusion_builder_column fusion-builder-column-1 fusion_builder_column_1_2 1_2 fusion-one-half fusion-column-last fusion-animated\" style=\"--awb-padding-top:15px;--awb-bg-size:cover;width:50%;width:calc(50% - ( ( 4% ) * 0.5 ) );\" data-animationType=\"fadeInRight\" data-animationDuration=\"1.6\" data-animationOffset=\"top-into-view\"><div class=\"fusion-column-wrapper fusion-column-has-shadow fusion-flex-column-wrapper-legacy\"><div class=\"fusion-image-element in-legacy-container\" style=\"--awb-caption-title-font-family:var(--h2_typography-font-family);--awb-caption-title-font-weight:var(--h2_typography-font-weight);--awb-caption-title-font-style:var(--h2_typography-font-style);--awb-caption-title-size:var(--h2_typography-font-size);--awb-caption-title-transform:var(--h2_typography-text-transform);--awb-caption-title-line-height:var(--h2_typography-line-height);--awb-caption-title-letter-spacing:var(--h2_typography-letter-spacing);\"><span class=\" fusion-imageframe imageframe-none imageframe-1 hover-type-none\" style=\"border-radius:8px;\"><img decoding=\"async\" width=\"126\" height=\"600\" title=\"JOINUS Logo vertical 1\" src=\"data:image\/svg+xml,%3Csvg%20xmlns%3D%27http%3A%2F%2Fwww.w3.org%2F2000%2Fsvg%27%20width%3D%27126%27%20height%3D%27600%27%20viewBox%3D%270%200%20126%20600%27%3E%3Crect%20width%3D%27126%27%20height%3D%27600%27%20fill-opacity%3D%220%22%2F%3E%3C%2Fsvg%3E\" data-orig-src=\"https:\/\/inform.es\/wp-content\/uploads\/2022\/09\/JOINUS-Logo-vertical-1-e1663141701683.png\" alt class=\"lazyload img-responsive wp-image-6443\"\/><\/span><\/div><div class=\"fusion-clearfix\"><\/div><\/div><\/div><div class=\"fusion-layout-column fusion_builder_column fusion-builder-column-2 fusion_builder_column_1_1 1_1 fusion-one-full fusion-column-first fusion-column-last fusion-animated\" style=\"--awb-padding-top:30px;--awb-bg-size:cover;\" data-animationType=\"fadeInUp\" data-animationDuration=\"0.3\" data-animationOffset=\"top-into-view\"><div class=\"fusion-column-wrapper fusion-column-has-shadow fusion-flex-column-wrapper-legacy\"><div class=\"fusion-text fusion-text-2\"><p data-fontsize=\"26\" data-lineheight=\"36.4px\">Las empresas pr\u00e1cticas refuerzan las habilidades y los logros acad\u00e9micos, reactivan el inter\u00e9s por la educaci\u00f3n y aumentan el deseo de los estudiantes de autodesarrollo y la b\u00fasqueda del aprendizaje a lo largo de la vida. El acceso a la formaci\u00f3n y las calificaciones para todos se mejorar\u00e1 con el proyecto JOINUS \u2013 Alliance for Digital Practice Enterprise Events, proporcionando un entorno de eventos online seguro para los j\u00f3venes.<\/p>\n<p class=\"fusion-responsive-typography-calculated\" data-fontsize=\"26\" data-lineheight=\"36.4px\"><strong>Socios del proyecto<\/strong><\/p>\n<div class=\"fl-module fl-module-rich-text fl-node-5c6598d34874f\" data-node=\"5c6598d34874f\">\n<div class=\"fl-module-content fl-node-content\">\n<div class=\"fl-rich-text\">\n<p><a href=\"https:\/\/www.ibc.dk\/\" target=\"_blank\" rel=\"noopener\">International Business College (DK \u2013 l\u00edder)<\/a><br \/>\n<a href=\"https:\/\/www.inform.es\/\" target=\"_blank\" rel=\"noopener\">Fundacio Privada Inform (ES)<\/a><br \/>\n<a href=\"https:\/\/www.centrostudi-odc.it\/\" target=\"_blank\" rel=\"noopener\">Centro Studi Opera Don Calabria (IT)<\/a><br \/>\n<a href=\"https:\/\/www.euroentent.net\/\" target=\"_blank\" rel=\"noopener\">REEP (FR)<\/a><br \/>\n<a href=\"https:\/\/www.liba.lt\/\" target=\"_blank\" rel=\"noopener\">Lietuvos Imitaciniu Bendroviu Asociacija LIBA (LT)<\/a><br \/>\n<a href=\"https:\/\/penworldwide.org\/\">Pen Worldwide (DE)<\/a><\/p>\n<\/div>\n<\/div>\n<\/div>\n<p>Para m\u00e1s informaci\u00f3n <a href=\"https:\/\/joinus.penworldwide.org\/\" target=\"_blank\" rel=\"noopener\">here<\/a><\/p>\n<\/div><div class=\"awb-gallery-wrapper awb-gallery-wrapper-1 button-span-no\" style=\"--more-btn-alignment:center;\"><div style=\"margin:-15px;--awb-bordersize:0px;\" class=\"fusion-gallery fusion-gallery-container fusion-grid-2 fusion-columns-total-2 fusion-gallery-layout-grid fusion-gallery-1\"><div style=\"padding:15px;\" class=\"fusion-grid-column fusion-gallery-column fusion-gallery-column-2 hover-type-none\"><div class=\"fusion-gallery-image\"><a href=\"https:\/\/inform.es\/wp-content\/uploads\/2022\/09\/logo_Erasmus.jpg\" rel=\"noreferrer\" data-rel=\"iLightbox[gallery_image_1]\" class=\"fusion-lightbox\" target=\"_self\"><img decoding=\"async\" src=\"https:\/\/inform.es\/wp-content\/uploads\/2022\/09\/logo_Erasmus.jpg\" data-orig-src=\"https:\/\/inform.es\/wp-content\/uploads\/2022\/09\/logo_Erasmus.jpg\" width=\"525\" height=\"212\" alt=\"\" title=\"logo_Erasmus\" aria-label=\"logo_Erasmus\" class=\"lazyload img-responsive wp-image-6528\" srcset=\"data:image\/svg+xml,%3Csvg%20xmlns%3D%27http%3A%2F%2Fwww.w3.org%2F2000%2Fsvg%27%20width%3D%27525%27%20height%3D%27212%27%20viewBox%3D%270%200%20525%20212%27%3E%3Crect%20width%3D%27525%27%20height%3D%27212%27%20fill-opacity%3D%220%22%2F%3E%3C%2Fsvg%3E\" data-srcset=\"https:\/\/inform.es\/wp-content\/uploads\/2022\/09\/logo_Erasmus-200x81.jpg 200w, https:\/\/inform.es\/wp-content\/uploads\/2022\/09\/logo_Erasmus-400x162.jpg 400w, https:\/\/inform.es\/wp-content\/uploads\/2022\/09\/logo_Erasmus.jpg 525w\" data-sizes=\"auto\" data-orig-sizes=\"(min-width: 2200px) 100vw, (min-width: 717px) 653px, (min-width: 640px) 717px, \" \/><\/a><\/div><\/div><div style=\"padding:15px;\" class=\"fusion-grid-column fusion-gallery-column fusion-gallery-column-2 hover-type-none\"><div class=\"fusion-gallery-image\"><a rel=\"noreferrer\" data-rel=\"iLightbox[gallery_image_1]\" class=\"fusion-lightbox\" target=\"_self\"><img decoding=\"async\" src=\"data:image\/gif;base64,R0lGODlhAQABAAAAACH5BAEKAAEALAAAAAABAAEAAAICTAEAOw==\" data-orig-src=\"\" width=\"\" height=\"\" alt=\"\" title=\"\" aria-label=\"\" class=\"lazyload img-responsive wp-image-\"  \/><\/a><\/div><\/div><div class=\"clearfix\"><\/div><\/div><\/div><div class=\"fusion-clearfix\"><\/div><\/div><\/div><\/div><\/div>\n","protected":false},"excerpt":{"rendered":"","protected":false},"author":2,"featured_media":0,"parent":0,"menu_order":0,"comment_status":"closed","ping_status":"closed","template":"100-width.php","meta":{"_acf_changed":false,"footnotes":""},"class_list":["post-6418","page","type-page","status-publish","hentry"],"yoast_head":"<!-- This site is optimized with the Yoast SEO plugin v27.3 - https:\/\/yoast.com\/product\/yoast-seo-wordpress\/ -->\n<title>JOINUS - actividades digitales para las empresas simuladas SEFED - Fundaci\u00f3 Inform<\/title>\n<meta name=\"description\" content=\"Las empresas simuladas crean un puente entre la educaci\u00f3n y el mundo empresarial. El acceso a la formaci\u00f3n y las calificaciones para todos se mejorar\u00e1 con el proyecto JOINUS \u2013 Alliance for Digital Practice Enterprise Events.\" \/>\n<meta name=\"robots\" content=\"index, follow, max-snippet:-1, max-image-preview:large, max-video-preview:-1\" \/>\n<link rel=\"canonical\" href=\"https:\/\/inform.es\/es\/joinus-actividades-digitales-para-las-empresas-simuladas-sefed\/\" \/>\n<meta property=\"og:locale\" content=\"es_ES\" \/>\n<meta property=\"og:type\" content=\"article\" \/>\n<meta property=\"og:title\" content=\"JOINUS - actividades digitales para las empresas simuladas SEFED - Fundaci\u00f3 Inform\" \/>\n<meta property=\"og:description\" content=\"Las empresas simuladas crean un puente entre la educaci\u00f3n y el mundo empresarial. El acceso a la formaci\u00f3n y las calificaciones para todos se mejorar\u00e1 con el proyecto JOINUS \u2013 Alliance for Digital Practice Enterprise Events.\" \/>\n<meta property=\"og:url\" content=\"https:\/\/inform.es\/es\/joinus-actividades-digitales-para-las-empresas-simuladas-sefed\/\" \/>\n<meta property=\"og:site_name\" content=\"Fundaci\u00f3 Inform\" \/>\n<meta property=\"article:publisher\" content=\"https:\/\/www.facebook.com\/profile.php?id=100004345202006\" \/>\n<meta property=\"article:modified_time\" content=\"2024-02-26T13:16:36+00:00\" \/>\n<meta name=\"twitter:card\" content=\"summary_large_image\" \/>\n<meta name=\"twitter:site\" content=\"@FundacioInform\" \/>\n<meta name=\"twitter:label1\" content=\"Tiempo de lectura\" \/>\n\t<meta name=\"twitter:data1\" content=\"5 minutos\" \/>\n<script type=\"application\/ld+json\" class=\"yoast-schema-graph\">{\"@context\":\"https:\\\/\\\/schema.org\",\"@graph\":[{\"@type\":\"WebPage\",\"@id\":\"https:\\\/\\\/inform.es\\\/es\\\/joinus-actividades-digitales-para-las-empresas-simuladas-sefed\\\/\",\"url\":\"https:\\\/\\\/inform.es\\\/es\\\/joinus-actividades-digitales-para-las-empresas-simuladas-sefed\\\/\",\"name\":\"JOINUS - actividades digitales para las empresas simuladas SEFED - Fundaci\u00f3 Inform\",\"isPartOf\":{\"@id\":\"https:\\\/\\\/inform.es\\\/es\\\/#website\"},\"datePublished\":\"2022-09-14T08:18:08+00:00\",\"dateModified\":\"2024-02-26T13:16:36+00:00\",\"description\":\"Las empresas simuladas crean un puente entre la educaci\u00f3n y el mundo empresarial. El acceso a la formaci\u00f3n y las calificaciones para todos se mejorar\u00e1 con el proyecto JOINUS \u2013 Alliance for Digital Practice Enterprise Events.\",\"breadcrumb\":{\"@id\":\"https:\\\/\\\/inform.es\\\/es\\\/joinus-actividades-digitales-para-las-empresas-simuladas-sefed\\\/#breadcrumb\"},\"inLanguage\":\"es\",\"potentialAction\":[{\"@type\":\"ReadAction\",\"target\":[\"https:\\\/\\\/inform.es\\\/es\\\/joinus-actividades-digitales-para-las-empresas-simuladas-sefed\\\/\"]}]},{\"@type\":\"BreadcrumbList\",\"@id\":\"https:\\\/\\\/inform.es\\\/es\\\/joinus-actividades-digitales-para-las-empresas-simuladas-sefed\\\/#breadcrumb\",\"itemListElement\":[{\"@type\":\"ListItem\",\"position\":1,\"name\":\"Inici\",\"item\":\"https:\\\/\\\/inform.es\\\/es\\\/\"},{\"@type\":\"ListItem\",\"position\":2,\"name\":\"JOINUS &#8211; actividades digitales para las empresas simuladas SEFED\"}]},{\"@type\":\"WebSite\",\"@id\":\"https:\\\/\\\/inform.es\\\/es\\\/#website\",\"url\":\"https:\\\/\\\/inform.es\\\/es\\\/\",\"name\":\"Fundaci\u00f3 Inform\",\"description\":\"Convertim l&#039;aula en empresa per aconseguir les compet\u00e8ncies professionals de tots els llocs de treball.\",\"publisher\":{\"@id\":\"https:\\\/\\\/inform.es\\\/es\\\/#organization\"},\"potentialAction\":[{\"@type\":\"SearchAction\",\"target\":{\"@type\":\"EntryPoint\",\"urlTemplate\":\"https:\\\/\\\/inform.es\\\/es\\\/?s={search_term_string}\"},\"query-input\":{\"@type\":\"PropertyValueSpecification\",\"valueRequired\":true,\"valueName\":\"search_term_string\"}}],\"inLanguage\":\"es\"},{\"@type\":\"Organization\",\"@id\":\"https:\\\/\\\/inform.es\\\/es\\\/#organization\",\"name\":\"Fundaci\u00f3 Inform\",\"url\":\"https:\\\/\\\/inform.es\\\/es\\\/\",\"logo\":{\"@type\":\"ImageObject\",\"inLanguage\":\"es\",\"@id\":\"https:\\\/\\\/inform.es\\\/es\\\/#\\\/schema\\\/logo\\\/image\\\/\",\"url\":\"https:\\\/\\\/inform.es\\\/wp-content\\\/uploads\\\/2022\\\/07\\\/logo-inform-200x79-1.png\",\"contentUrl\":\"https:\\\/\\\/inform.es\\\/wp-content\\\/uploads\\\/2022\\\/07\\\/logo-inform-200x79-1.png\",\"width\":200,\"height\":79,\"caption\":\"Fundaci\u00f3 Inform\"},\"image\":{\"@id\":\"https:\\\/\\\/inform.es\\\/es\\\/#\\\/schema\\\/logo\\\/image\\\/\"},\"sameAs\":[\"https:\\\/\\\/www.facebook.com\\\/profile.php?id=100004345202006\",\"https:\\\/\\\/x.com\\\/FundacioInform\",\"https:\\\/\\\/www.linkedin.com\\\/company\\\/fundaci-inform\\\/\",\"https:\\\/\\\/www.youtube.com\\\/user\\\/FUNDACIOINFORM\"]}]}<\/script>\n<!-- \/ Yoast SEO plugin. -->","yoast_head_json":{"title":"JOINUS - actividades digitales para las empresas simuladas SEFED - Fundaci\u00f3 Inform","description":"Las empresas simuladas crean un puente entre la educaci\u00f3n y el mundo empresarial. El acceso a la formaci\u00f3n y las calificaciones para todos se mejorar\u00e1 con el proyecto JOINUS \u2013 Alliance for Digital Practice Enterprise Events.","robots":{"index":"index","follow":"follow","max-snippet":"max-snippet:-1","max-image-preview":"max-image-preview:large","max-video-preview":"max-video-preview:-1"},"canonical":"https:\/\/inform.es\/es\/joinus-actividades-digitales-para-las-empresas-simuladas-sefed\/","og_locale":"es_ES","og_type":"article","og_title":"JOINUS - actividades digitales para las empresas simuladas SEFED - Fundaci\u00f3 Inform","og_description":"Las empresas simuladas crean un puente entre la educaci\u00f3n y el mundo empresarial. El acceso a la formaci\u00f3n y las calificaciones para todos se mejorar\u00e1 con el proyecto JOINUS \u2013 Alliance for Digital Practice Enterprise Events.","og_url":"https:\/\/inform.es\/es\/joinus-actividades-digitales-para-las-empresas-simuladas-sefed\/","og_site_name":"Fundaci\u00f3 Inform","article_publisher":"https:\/\/www.facebook.com\/profile.php?id=100004345202006","article_modified_time":"2024-02-26T13:16:36+00:00","twitter_card":"summary_large_image","twitter_site":"@FundacioInform","twitter_misc":{"Tiempo de lectura":"5 minutos"},"schema":{"@context":"https:\/\/schema.org","@graph":[{"@type":"WebPage","@id":"https:\/\/inform.es\/es\/joinus-actividades-digitales-para-las-empresas-simuladas-sefed\/","url":"https:\/\/inform.es\/es\/joinus-actividades-digitales-para-las-empresas-simuladas-sefed\/","name":"JOINUS - actividades digitales para las empresas simuladas SEFED - Fundaci\u00f3 Inform","isPartOf":{"@id":"https:\/\/inform.es\/es\/#website"},"datePublished":"2022-09-14T08:18:08+00:00","dateModified":"2024-02-26T13:16:36+00:00","description":"Las empresas simuladas crean un puente entre la educaci\u00f3n y el mundo empresarial. El acceso a la formaci\u00f3n y las calificaciones para todos se mejorar\u00e1 con el proyecto JOINUS \u2013 Alliance for Digital Practice Enterprise Events.","breadcrumb":{"@id":"https:\/\/inform.es\/es\/joinus-actividades-digitales-para-las-empresas-simuladas-sefed\/#breadcrumb"},"inLanguage":"es","potentialAction":[{"@type":"ReadAction","target":["https:\/\/inform.es\/es\/joinus-actividades-digitales-para-las-empresas-simuladas-sefed\/"]}]},{"@type":"BreadcrumbList","@id":"https:\/\/inform.es\/es\/joinus-actividades-digitales-para-las-empresas-simuladas-sefed\/#breadcrumb","itemListElement":[{"@type":"ListItem","position":1,"name":"Inici","item":"https:\/\/inform.es\/es\/"},{"@type":"ListItem","position":2,"name":"JOINUS &#8211; actividades digitales para las empresas simuladas SEFED"}]},{"@type":"WebSite","@id":"https:\/\/inform.es\/es\/#website","url":"https:\/\/inform.es\/es\/","name":"Fundaci\u00f3 Inform","description":"Convertim l&#039;aula en empresa per aconseguir les compet\u00e8ncies professionals de tots els llocs de treball.","publisher":{"@id":"https:\/\/inform.es\/es\/#organization"},"potentialAction":[{"@type":"SearchAction","target":{"@type":"EntryPoint","urlTemplate":"https:\/\/inform.es\/es\/?s={search_term_string}"},"query-input":{"@type":"PropertyValueSpecification","valueRequired":true,"valueName":"search_term_string"}}],"inLanguage":"es"},{"@type":"Organization","@id":"https:\/\/inform.es\/es\/#organization","name":"Fundaci\u00f3 Inform","url":"https:\/\/inform.es\/es\/","logo":{"@type":"ImageObject","inLanguage":"es","@id":"https:\/\/inform.es\/es\/#\/schema\/logo\/image\/","url":"https:\/\/inform.es\/wp-content\/uploads\/2022\/07\/logo-inform-200x79-1.png","contentUrl":"https:\/\/inform.es\/wp-content\/uploads\/2022\/07\/logo-inform-200x79-1.png","width":200,"height":79,"caption":"Fundaci\u00f3 Inform"},"image":{"@id":"https:\/\/inform.es\/es\/#\/schema\/logo\/image\/"},"sameAs":["https:\/\/www.facebook.com\/profile.php?id=100004345202006","https:\/\/x.com\/FundacioInform","https:\/\/www.linkedin.com\/company\/fundaci-inform\/","https:\/\/www.youtube.com\/user\/FUNDACIOINFORM"]}]}},"acf":[],"_links":{"self":[{"href":"https:\/\/inform.es\/es\/wp-json\/wp\/v2\/pages\/6418","targetHints":{"allow":["GET"]}}],"collection":[{"href":"https:\/\/inform.es\/es\/wp-json\/wp\/v2\/pages"}],"about":[{"href":"https:\/\/inform.es\/es\/wp-json\/wp\/v2\/types\/page"}],"author":[{"embeddable":true,"href":"https:\/\/inform.es\/es\/wp-json\/wp\/v2\/users\/2"}],"replies":[{"embeddable":true,"href":"https:\/\/inform.es\/es\/wp-json\/wp\/v2\/comments?post=6418"}],"version-history":[{"count":7,"href":"https:\/\/inform.es\/es\/wp-json\/wp\/v2\/pages\/6418\/revisions"}],"predecessor-version":[{"id":7230,"href":"https:\/\/inform.es\/es\/wp-json\/wp\/v2\/pages\/6418\/revisions\/7230"}],"wp:attachment":[{"href":"https:\/\/inform.es\/es\/wp-json\/wp\/v2\/media?parent=6418"}],"curies":[{"name":"wp","href":"https:\/\/api.w.org\/{rel}","templated":true}]}}