{"id":6481,"date":"2022-09-14T12:41:36","date_gmt":"2022-09-14T10:41:36","guid":{"rendered":"https:\/\/inform.es\/?page_id=6481"},"modified":"2024-02-26T15:23:24","modified_gmt":"2024-02-26T13:23:24","slug":"engage-practicas-en-las-empresas-simuladas","status":"publish","type":"page","link":"https:\/\/inform.es\/es\/engage-practicas-en-las-empresas-simuladas\/","title":{"rendered":"ENGAGE &#8211; pr\u00e1cticas en las empresas simuladas"},"content":{"rendered":"<div class=\"fusion-fullwidth fullwidth-box fusion-builder-row-1 nonhundred-percent-fullwidth non-hundred-percent-height-scrolling\" style=\"--link_hover_color: #aa1a40;--link_color: #aa1a40;--awb-border-radius-top-left:0px;--awb-border-radius-top-right:0px;--awb-border-radius-bottom-right:0px;--awb-border-radius-bottom-left:0px;--awb-padding-top:4%;--awb-padding-bottom:4%;--awb-background-color:#ffffff;--awb-background-image:linear-gradient(216deg, #ffffff 0%,#ffffff 100%);--awb-flex-wrap:wrap;\" ><div class=\"fusion-builder-row fusion-row\"><div class=\"fusion-layout-column fusion_builder_column fusion-builder-column-0 fusion_builder_column_1_2 1_2 fusion-one-half fusion-column-first fusion-animated\" style=\"--awb-bg-size:cover;width:50%;width:calc(50% - ( ( 4% ) * 0.5 ) );margin-right: 4%;\" data-animationType=\"fadeInLeft\" data-animationDuration=\"1.6\" data-animationOffset=\"top-into-view\"><div class=\"fusion-column-wrapper fusion-column-has-shadow fusion-flex-column-wrapper-legacy\"><div class=\"fusion-title title fusion-title-1 fusion-sep-none fusion-title-text fusion-title-size-three\" style=\"--awb-margin-top:6px;\"><h3 class=\"fusion-title-heading title-heading-left fusion-responsive-typography-calculated\" style=\"margin:0;--fontSize:32;line-height:1.26;\"><h4>Preparados para el trabajo: pr\u00e1cticas en las empresas simuladas SEFED<\/h4><\/h3><\/div><div class=\"fusion-text fusion-text-1\" style=\"--awb-content-alignment:left;--awb-font-size:24px;--awb-line-height:1.48em;--awb-letter-spacing:-0.01em;\"><p>El proyecto Job Ready \u2013 Traineeships with Practice Enterprise (ENGAGE) surge de la necesidad de responder a la creciente demanda de pr\u00e1cticas integradas y basadas en el trabajo de los estudiantes de FP debido a la falta de posibilidades de pr\u00e1cticas en empresas en el mercado laboral real durante el a\u00f1o escolar 2020-21. El 90% del alumnado no asisti\u00f3 al centro educativo debido al cierre por Covid-19 y eso significa que casi ninguno tuvo la oportunidad de realizar sus pr\u00e1cticas.<\/p>\n<\/div><div class=\"fusion-clearfix\"><\/div><\/div><\/div><div class=\"fusion-layout-column fusion_builder_column fusion-builder-column-1 fusion_builder_column_1_2 1_2 fusion-one-half fusion-column-last fusion-animated\" style=\"--awb-padding-top:15px;--awb-bg-size:cover;width:50%;width:calc(50% - ( ( 4% ) * 0.5 ) );\" data-animationType=\"fadeInRight\" data-animationDuration=\"1.6\" data-animationOffset=\"top-into-view\"><div class=\"fusion-column-wrapper fusion-column-has-shadow fusion-flex-column-wrapper-legacy\"><div class=\"fusion-image-element in-legacy-container\" style=\"--awb-caption-title-font-family:var(--h2_typography-font-family);--awb-caption-title-font-weight:var(--h2_typography-font-weight);--awb-caption-title-font-style:var(--h2_typography-font-style);--awb-caption-title-size:var(--h2_typography-font-size);--awb-caption-title-transform:var(--h2_typography-text-transform);--awb-caption-title-line-height:var(--h2_typography-line-height);--awb-caption-title-letter-spacing:var(--h2_typography-letter-spacing);\"><span class=\" fusion-imageframe imageframe-none imageframe-1 hover-type-none\" style=\"border-radius:8px;\"><img decoding=\"async\" width=\"300\" height=\"300\" title=\"ENGAGE-Logo-Square-300&#215;300-square\" src=\"https:\/\/inform.es\/wp-content\/uploads\/2022\/09\/ENGAGE-Logo-Square-300x300-square.jpg\" data-orig-src=\"https:\/\/inform.es\/wp-content\/uploads\/2022\/09\/ENGAGE-Logo-Square-300x300-square.jpg\" alt class=\"lazyload img-responsive wp-image-6487\" srcset=\"data:image\/svg+xml,%3Csvg%20xmlns%3D%27http%3A%2F%2Fwww.w3.org%2F2000%2Fsvg%27%20width%3D%27300%27%20height%3D%27300%27%20viewBox%3D%270%200%20300%20300%27%3E%3Crect%20width%3D%27300%27%20height%3D%27300%27%20fill-opacity%3D%220%22%2F%3E%3C%2Fsvg%3E\" data-srcset=\"https:\/\/inform.es\/wp-content\/uploads\/2022\/09\/ENGAGE-Logo-Square-300x300-square-200x200.jpg 200w, https:\/\/inform.es\/wp-content\/uploads\/2022\/09\/ENGAGE-Logo-Square-300x300-square.jpg 300w\" data-sizes=\"auto\" data-orig-sizes=\"(max-width: 1024px) 100vw, 300px\" \/><\/span><\/div><div class=\"fusion-clearfix\"><\/div><\/div><\/div><div class=\"fusion-layout-column fusion_builder_column fusion-builder-column-2 fusion_builder_column_1_1 1_1 fusion-one-full fusion-column-first fusion-column-last fusion-animated\" style=\"--awb-padding-top:30px;--awb-bg-size:cover;\" data-animationType=\"fadeInUp\" data-animationDuration=\"0.3\" data-animationOffset=\"top-into-view\"><div class=\"fusion-column-wrapper fusion-column-has-shadow fusion-flex-column-wrapper-legacy\"><div class=\"fusion-text fusion-text-2\"><p data-fontsize=\"26\" data-lineheight=\"36.4px\">ENGAGE tiene como objetivo ofrecer pr\u00e1cticas flexibles, innovadoras e inclusivas que se adapte a las necesidades y requisitos futuros del mercado laboral. Los programas combinados basados en la escuela y el trabajo, en los que la mayor\u00eda del plan de estudios est\u00e1 organizado como aprendizaje basado en el trabajo en las empresas, se han visto particularmente afectados a medida que las empresas han cerrado o reducido sus operaciones. Con una crisis econ\u00f3mica que se avecina, sigue siendo una pregunta abierta si las empresas podr\u00e1n contratar estudiantes en pr\u00e1cticas mientras luchan por recuperarse del rev\u00e9s econ\u00f3mico. Con los desarrollos mundiales actuales que afectan la educaci\u00f3n, la econom\u00eda y el empleo, la necesidad de modelos alternativos de pr\u00e1cticas aparece en el panorama actual. Los desaf\u00edos en educaci\u00f3n en los \u00faltimos a\u00f1os han hecho que la necesidad de pr\u00e1cticas accesibles sea a\u00fan m\u00e1s apremiante y a algunos grupos de estudiantes les resulta cada vez m\u00e1s dif\u00edcil encontrar buenas ubicaciones para sus pr\u00e1cticas.<\/p>\n<p data-fontsize=\"26\" data-lineheight=\"36.4px\">El objetivo del proyecto no es crear un sustituto de las pr\u00e1cticas en empresas, sino proporcionar una oportunidad alternativa de pr\u00e1cticas complementaria que ofrezca una opci\u00f3n de aprendizaje en el trabajo inclusiva y flexible para los aprendices de FP. El proyecto ENGAGE adaptar\u00e1 el programa Practice Enterprise tradicional a un modelo de pr\u00e1cticas para ofrecer una soluci\u00f3n alternativa de pr\u00e1cticas laborales que coincidan estrechamente con una empresa del mundo real, en los casos en que el alumnado de FP no pueda obtener pr\u00e1cticas que incluyan componentes basados \u200b\u200ben el trabajo. Las pr\u00e1cticas en las empresas simuladas mejorar\u00e1n el acceso a pr\u00e1cticas para alumnado de FP de entornos desfavorecidos, ya que las instituciones educativas pueden priorizar al alumnado marginado y desfavorecido. Esto incluye superar cualquier barrera geogr\u00e1fica o econ\u00f3mica para que los j\u00f3venes de \u00e1reas remotas participen en actividades de pr\u00e1cticas. El desarrollo de un modelo de pr\u00e1cticas inclusivo para el alumnado que proviene de diferentes entornos econ\u00f3micos y sociales ofrece la posibilidad de itinerarios de pr\u00e1cticas individualizados, ya que las pr\u00e1cticas se llevan a cabo directamente en la instituci\u00f3n de FP y son seguidas de cerca por los mismos equipos docentes en la clase. El desarrollo de un sistema de certificaci\u00f3n y reconocimiento de pr\u00e1cticas, basado en las necesidades y requisitos reales de los empleadores, ofrecer\u00e1 una herramienta de empleo que los aprendices pueden agregar directamente a su CV y \u200b\u200bpresentar a posibles empleadores como experiencia laboral.<\/p>\n<p data-fontsize=\"26\" data-lineheight=\"36.4px\">Para m\u00e1s informaci\u00f3n <a href=\"https:\/\/engage.penworldwide.org\/\" target=\"_blank\" rel=\"noopener\">aqu\u00ed<\/a><\/p>\n<div class=\"fl-module fl-module-rich-text fl-node-5c6586f6dfe08\" data-node=\"5c6586f6dfe08\">\n<div class=\"fl-module-content fl-node-content\">\n<div class=\"fl-rich-text\">\n<p><strong>Socios en el proyecto<\/strong><\/p>\n<\/div>\n<\/div>\n<\/div>\n<div class=\"fl-module fl-module-rich-text fl-node-5c6598d34874f\" data-node=\"5c6598d34874f\">\n<div class=\"fl-module-content fl-node-content\">\n<div class=\"fl-rich-text\">\n<p><a href=\"http:\/\/www.connectief.be\/\" target=\"_blank\" rel=\"noopener\">Connectief vzw (BE)<\/a><br \/>\n<a href=\"http:\/\/www.inform.es\/\" target=\"_blank\" rel=\"noopener\">Fundaci\u00f3 Inform (ES)<\/a><br \/>\n<a href=\"https:\/\/www.stichtingpraktijkleren.nl\/\" target=\"_blank\" rel=\"noopener\">Stichting Praktijkleren (NL)<\/a><br \/>\n<a href=\"https:\/\/www.centrostudi-odc.it\/\" target=\"_blank\" rel=\"noopener\">Centro Studi Opera Don Calabria (IT)<\/a><br \/>\n<a href=\"https:\/\/penworldwide.org\/\">Pen Worldwide (DE &#8211; l\u00edder)<\/a><\/p>\n<\/div>\n<\/div>\n<\/div>\n<\/div><div class=\"awb-gallery-wrapper awb-gallery-wrapper-1 button-span-no\"><div style=\"margin:-15px;--awb-bordersize:0px;\" class=\"fusion-gallery fusion-gallery-container fusion-grid-2 fusion-columns-total-2 fusion-gallery-layout-grid fusion-gallery-1\"><div style=\"padding:15px;\" class=\"fusion-grid-column fusion-gallery-column fusion-gallery-column-2 hover-type-none\"><div class=\"fusion-gallery-image\"><a href=\"https:\/\/inform.es\/wp-content\/uploads\/2022\/04\/EN-Funded-by-the-EU-PANTONE-scaled-e1651143740623.jpg\" rel=\"noreferrer\" data-rel=\"iLightbox[gallery_image_1]\" class=\"fusion-lightbox\" target=\"_self\"><img decoding=\"async\" src=\"data:image\/svg+xml,%3Csvg%20xmlns%3D%27http%3A%2F%2Fwww.w3.org%2F2000%2Fsvg%27%20width%3D%271000%27%20height%3D%27210%27%20viewBox%3D%270%200%201000%20210%27%3E%3Crect%20width%3D%271000%27%20height%3D%27210%27%20fill-opacity%3D%220%22%2F%3E%3C%2Fsvg%3E\" data-orig-src=\"https:\/\/inform.es\/wp-content\/uploads\/2022\/04\/EN-Funded-by-the-EU-PANTONE-scaled-e1651143740623.jpg\" width=\"500\" height=\"105\" alt=\"\" title=\"EN-Funded by the EU-PANTONE\" aria-label=\"EN-Funded by the EU-PANTONE\" class=\"lazyload img-responsive wp-image-6233\"  \/><\/a><\/div><\/div><div style=\"padding:15px;\" class=\"fusion-grid-column fusion-gallery-column fusion-gallery-column-2 hover-type-none\"><div class=\"fusion-gallery-image\"><a rel=\"noreferrer\" data-rel=\"iLightbox[gallery_image_1]\" class=\"fusion-lightbox\" target=\"_self\"><img decoding=\"async\" src=\"data:image\/gif;base64,R0lGODlhAQABAAAAACH5BAEKAAEALAAAAAABAAEAAAICTAEAOw==\" data-orig-src=\"\" width=\"\" height=\"\" alt=\"\" title=\"\" aria-label=\"\" class=\"lazyload img-responsive wp-image-\"  \/><\/a><\/div><\/div><div class=\"clearfix\"><\/div><\/div><\/div><div class=\"fusion-clearfix\"><\/div><\/div><\/div><\/div><\/div>\n","protected":false},"excerpt":{"rendered":"","protected":false},"author":2,"featured_media":0,"parent":0,"menu_order":0,"comment_status":"closed","ping_status":"closed","template":"100-width.php","meta":{"_acf_changed":false,"footnotes":""},"class_list":["post-6481","page","type-page","status-publish","hentry"],"yoast_head":"<!-- This site is optimized with the Yoast SEO plugin v27.3 - https:\/\/yoast.com\/product\/yoast-seo-wordpress\/ -->\n<title>ENGAGE - pr\u00e1cticas en las empresas simuladas - Fundaci\u00f3 Inform<\/title>\n<meta name=\"description\" content=\"El proyecto Job Ready \u2013 Traineeships with Practice Enterprise surge de la creciente demanda de pr\u00e1cticas integradas.\" \/>\n<meta name=\"robots\" content=\"index, follow, max-snippet:-1, max-image-preview:large, max-video-preview:-1\" \/>\n<link rel=\"canonical\" href=\"https:\/\/inform.es\/es\/engage-practicas-en-las-empresas-simuladas\/\" \/>\n<meta property=\"og:locale\" content=\"es_ES\" \/>\n<meta property=\"og:type\" content=\"article\" \/>\n<meta property=\"og:title\" content=\"ENGAGE - pr\u00e1cticas en las empresas simuladas - Fundaci\u00f3 Inform\" \/>\n<meta property=\"og:description\" content=\"El proyecto Job Ready \u2013 Traineeships with Practice Enterprise surge de la creciente demanda de pr\u00e1cticas integradas.\" \/>\n<meta property=\"og:url\" content=\"https:\/\/inform.es\/es\/engage-practicas-en-las-empresas-simuladas\/\" \/>\n<meta property=\"og:site_name\" content=\"Fundaci\u00f3 Inform\" \/>\n<meta property=\"article:publisher\" content=\"https:\/\/www.facebook.com\/profile.php?id=100004345202006\" \/>\n<meta property=\"article:modified_time\" content=\"2024-02-26T13:23:24+00:00\" \/>\n<meta name=\"twitter:card\" content=\"summary_large_image\" \/>\n<meta name=\"twitter:site\" content=\"@FundacioInform\" \/>\n<meta name=\"twitter:label1\" content=\"Tiempo de lectura\" \/>\n\t<meta name=\"twitter:data1\" content=\"5 minutos\" \/>\n<script type=\"application\/ld+json\" class=\"yoast-schema-graph\">{\"@context\":\"https:\\\/\\\/schema.org\",\"@graph\":[{\"@type\":\"WebPage\",\"@id\":\"https:\\\/\\\/inform.es\\\/es\\\/engage-practicas-en-las-empresas-simuladas\\\/\",\"url\":\"https:\\\/\\\/inform.es\\\/es\\\/engage-practicas-en-las-empresas-simuladas\\\/\",\"name\":\"ENGAGE - pr\u00e1cticas en las empresas simuladas - Fundaci\u00f3 Inform\",\"isPartOf\":{\"@id\":\"https:\\\/\\\/inform.es\\\/es\\\/#website\"},\"datePublished\":\"2022-09-14T10:41:36+00:00\",\"dateModified\":\"2024-02-26T13:23:24+00:00\",\"description\":\"El proyecto Job Ready \u2013 Traineeships with Practice Enterprise surge de la creciente demanda de pr\u00e1cticas integradas.\",\"breadcrumb\":{\"@id\":\"https:\\\/\\\/inform.es\\\/es\\\/engage-practicas-en-las-empresas-simuladas\\\/#breadcrumb\"},\"inLanguage\":\"es\",\"potentialAction\":[{\"@type\":\"ReadAction\",\"target\":[\"https:\\\/\\\/inform.es\\\/es\\\/engage-practicas-en-las-empresas-simuladas\\\/\"]}]},{\"@type\":\"BreadcrumbList\",\"@id\":\"https:\\\/\\\/inform.es\\\/es\\\/engage-practicas-en-las-empresas-simuladas\\\/#breadcrumb\",\"itemListElement\":[{\"@type\":\"ListItem\",\"position\":1,\"name\":\"Inici\",\"item\":\"https:\\\/\\\/inform.es\\\/es\\\/\"},{\"@type\":\"ListItem\",\"position\":2,\"name\":\"ENGAGE &#8211; pr\u00e1cticas en las empresas simuladas\"}]},{\"@type\":\"WebSite\",\"@id\":\"https:\\\/\\\/inform.es\\\/es\\\/#website\",\"url\":\"https:\\\/\\\/inform.es\\\/es\\\/\",\"name\":\"Fundaci\u00f3 Inform\",\"description\":\"Convertim l&#039;aula en empresa per aconseguir les compet\u00e8ncies professionals de tots els llocs de treball.\",\"publisher\":{\"@id\":\"https:\\\/\\\/inform.es\\\/es\\\/#organization\"},\"potentialAction\":[{\"@type\":\"SearchAction\",\"target\":{\"@type\":\"EntryPoint\",\"urlTemplate\":\"https:\\\/\\\/inform.es\\\/es\\\/?s={search_term_string}\"},\"query-input\":{\"@type\":\"PropertyValueSpecification\",\"valueRequired\":true,\"valueName\":\"search_term_string\"}}],\"inLanguage\":\"es\"},{\"@type\":\"Organization\",\"@id\":\"https:\\\/\\\/inform.es\\\/es\\\/#organization\",\"name\":\"Fundaci\u00f3 Inform\",\"url\":\"https:\\\/\\\/inform.es\\\/es\\\/\",\"logo\":{\"@type\":\"ImageObject\",\"inLanguage\":\"es\",\"@id\":\"https:\\\/\\\/inform.es\\\/es\\\/#\\\/schema\\\/logo\\\/image\\\/\",\"url\":\"https:\\\/\\\/inform.es\\\/wp-content\\\/uploads\\\/2022\\\/07\\\/logo-inform-200x79-1.png\",\"contentUrl\":\"https:\\\/\\\/inform.es\\\/wp-content\\\/uploads\\\/2022\\\/07\\\/logo-inform-200x79-1.png\",\"width\":200,\"height\":79,\"caption\":\"Fundaci\u00f3 Inform\"},\"image\":{\"@id\":\"https:\\\/\\\/inform.es\\\/es\\\/#\\\/schema\\\/logo\\\/image\\\/\"},\"sameAs\":[\"https:\\\/\\\/www.facebook.com\\\/profile.php?id=100004345202006\",\"https:\\\/\\\/x.com\\\/FundacioInform\",\"https:\\\/\\\/www.linkedin.com\\\/company\\\/fundaci-inform\\\/\",\"https:\\\/\\\/www.youtube.com\\\/user\\\/FUNDACIOINFORM\"]}]}<\/script>\n<!-- \/ Yoast SEO plugin. -->","yoast_head_json":{"title":"ENGAGE - pr\u00e1cticas en las empresas simuladas - Fundaci\u00f3 Inform","description":"El proyecto Job Ready \u2013 Traineeships with Practice Enterprise surge de la creciente demanda de pr\u00e1cticas integradas.","robots":{"index":"index","follow":"follow","max-snippet":"max-snippet:-1","max-image-preview":"max-image-preview:large","max-video-preview":"max-video-preview:-1"},"canonical":"https:\/\/inform.es\/es\/engage-practicas-en-las-empresas-simuladas\/","og_locale":"es_ES","og_type":"article","og_title":"ENGAGE - pr\u00e1cticas en las empresas simuladas - Fundaci\u00f3 Inform","og_description":"El proyecto Job Ready \u2013 Traineeships with Practice Enterprise surge de la creciente demanda de pr\u00e1cticas integradas.","og_url":"https:\/\/inform.es\/es\/engage-practicas-en-las-empresas-simuladas\/","og_site_name":"Fundaci\u00f3 Inform","article_publisher":"https:\/\/www.facebook.com\/profile.php?id=100004345202006","article_modified_time":"2024-02-26T13:23:24+00:00","twitter_card":"summary_large_image","twitter_site":"@FundacioInform","twitter_misc":{"Tiempo de lectura":"5 minutos"},"schema":{"@context":"https:\/\/schema.org","@graph":[{"@type":"WebPage","@id":"https:\/\/inform.es\/es\/engage-practicas-en-las-empresas-simuladas\/","url":"https:\/\/inform.es\/es\/engage-practicas-en-las-empresas-simuladas\/","name":"ENGAGE - pr\u00e1cticas en las empresas simuladas - Fundaci\u00f3 Inform","isPartOf":{"@id":"https:\/\/inform.es\/es\/#website"},"datePublished":"2022-09-14T10:41:36+00:00","dateModified":"2024-02-26T13:23:24+00:00","description":"El proyecto Job Ready \u2013 Traineeships with Practice Enterprise surge de la creciente demanda de pr\u00e1cticas integradas.","breadcrumb":{"@id":"https:\/\/inform.es\/es\/engage-practicas-en-las-empresas-simuladas\/#breadcrumb"},"inLanguage":"es","potentialAction":[{"@type":"ReadAction","target":["https:\/\/inform.es\/es\/engage-practicas-en-las-empresas-simuladas\/"]}]},{"@type":"BreadcrumbList","@id":"https:\/\/inform.es\/es\/engage-practicas-en-las-empresas-simuladas\/#breadcrumb","itemListElement":[{"@type":"ListItem","position":1,"name":"Inici","item":"https:\/\/inform.es\/es\/"},{"@type":"ListItem","position":2,"name":"ENGAGE &#8211; pr\u00e1cticas en las empresas simuladas"}]},{"@type":"WebSite","@id":"https:\/\/inform.es\/es\/#website","url":"https:\/\/inform.es\/es\/","name":"Fundaci\u00f3 Inform","description":"Convertim l&#039;aula en empresa per aconseguir les compet\u00e8ncies professionals de tots els llocs de treball.","publisher":{"@id":"https:\/\/inform.es\/es\/#organization"},"potentialAction":[{"@type":"SearchAction","target":{"@type":"EntryPoint","urlTemplate":"https:\/\/inform.es\/es\/?s={search_term_string}"},"query-input":{"@type":"PropertyValueSpecification","valueRequired":true,"valueName":"search_term_string"}}],"inLanguage":"es"},{"@type":"Organization","@id":"https:\/\/inform.es\/es\/#organization","name":"Fundaci\u00f3 Inform","url":"https:\/\/inform.es\/es\/","logo":{"@type":"ImageObject","inLanguage":"es","@id":"https:\/\/inform.es\/es\/#\/schema\/logo\/image\/","url":"https:\/\/inform.es\/wp-content\/uploads\/2022\/07\/logo-inform-200x79-1.png","contentUrl":"https:\/\/inform.es\/wp-content\/uploads\/2022\/07\/logo-inform-200x79-1.png","width":200,"height":79,"caption":"Fundaci\u00f3 Inform"},"image":{"@id":"https:\/\/inform.es\/es\/#\/schema\/logo\/image\/"},"sameAs":["https:\/\/www.facebook.com\/profile.php?id=100004345202006","https:\/\/x.com\/FundacioInform","https:\/\/www.linkedin.com\/company\/fundaci-inform\/","https:\/\/www.youtube.com\/user\/FUNDACIOINFORM"]}]}},"acf":[],"_links":{"self":[{"href":"https:\/\/inform.es\/es\/wp-json\/wp\/v2\/pages\/6481","targetHints":{"allow":["GET"]}}],"collection":[{"href":"https:\/\/inform.es\/es\/wp-json\/wp\/v2\/pages"}],"about":[{"href":"https:\/\/inform.es\/es\/wp-json\/wp\/v2\/types\/page"}],"author":[{"embeddable":true,"href":"https:\/\/inform.es\/es\/wp-json\/wp\/v2\/users\/2"}],"replies":[{"embeddable":true,"href":"https:\/\/inform.es\/es\/wp-json\/wp\/v2\/comments?post=6481"}],"version-history":[{"count":5,"href":"https:\/\/inform.es\/es\/wp-json\/wp\/v2\/pages\/6481\/revisions"}],"predecessor-version":[{"id":7235,"href":"https:\/\/inform.es\/es\/wp-json\/wp\/v2\/pages\/6481\/revisions\/7235"}],"wp:attachment":[{"href":"https:\/\/inform.es\/es\/wp-json\/wp\/v2\/media?parent=6481"}],"curies":[{"name":"wp","href":"https:\/\/api.w.org\/{rel}","templated":true}]}}