{"id":7499,"date":"2025-03-04T09:50:34","date_gmt":"2025-03-04T08:50:34","guid":{"rendered":"https:\/\/inform.es\/seminari-ia-sefed\/"},"modified":"2026-02-09T11:33:36","modified_gmt":"2026-02-09T10:33:36","slug":"seminari-ia-sefed","status":"publish","type":"page","link":"https:\/\/inform.es\/es\/seminari-ia-sefed\/","title":{"rendered":"Seminario de Realidad Virtual en SEFED"},"content":{"rendered":"<p><strong>La realidad virtual permite crear experiencias formativas en el \u00e1mbito empresarial<\/strong><\/p>\n<p><strong><a href=\"https:\/\/inform.es\/seminari-ia-sefed\/img_4730\/\"><img decoding=\"async\" class=\"lazyload wp-image-7763 size-fusion-400 alignright\" src=\"http:\/\/inform.es\/wp-content\/uploads\/2026\/02\/IMG_4730-400x533.jpg\" data-orig-src=\"http:\/\/inform.es\/wp-content\/uploads\/2026\/02\/IMG_4730-400x533.jpg\" alt=\"\" width=\"400\" height=\"533\" srcset=\"data:image\/svg+xml,%3Csvg%20xmlns%3D%27http%3A%2F%2Fwww.w3.org%2F2000%2Fsvg%27%20width%3D%27400%27%20height%3D%27533%27%20viewBox%3D%270%200%20400%20533%27%3E%3Crect%20width%3D%27400%27%20height%3D%27533%27%20fill-opacity%3D%220%22%2F%3E%3C%2Fsvg%3E\" data-srcset=\"https:\/\/inform.es\/wp-content\/uploads\/2026\/02\/IMG_4730-200x267.jpg 200w, https:\/\/inform.es\/wp-content\/uploads\/2026\/02\/IMG_4730-225x300.jpg 225w, https:\/\/inform.es\/wp-content\/uploads\/2026\/02\/IMG_4730-400x533.jpg 400w, https:\/\/inform.es\/wp-content\/uploads\/2026\/02\/IMG_4730-600x800.jpg 600w, https:\/\/inform.es\/wp-content\/uploads\/2026\/02\/IMG_4730-768x1024.jpg 768w, https:\/\/inform.es\/wp-content\/uploads\/2026\/02\/IMG_4730-800x1067.jpg 800w, https:\/\/inform.es\/wp-content\/uploads\/2026\/02\/IMG_4730-1152x1536.jpg 1152w, https:\/\/inform.es\/wp-content\/uploads\/2026\/02\/IMG_4730-1200x1600.jpg 1200w, https:\/\/inform.es\/wp-content\/uploads\/2026\/02\/IMG_4730-1536x2048.jpg 1536w, https:\/\/inform.es\/wp-content\/uploads\/2026\/02\/IMG_4730-scaled.jpg 1920w\" data-sizes=\"auto\" data-orig-sizes=\"(max-width: 400px) 100vw, 400px\" \/><\/a><\/strong><\/p>\n<p data-start=\"84\" data-end=\"318\">El Seminario de Realidad Virtual aplicado al programa SEFED se celebr\u00f3 el pasado 17 de diciembre 2025 en el espacio COE-CAT de El Prat de Llobregat, Centro de Orientaci\u00f3n, Emprendimiento, Acompa\u00f1amiento e Innovaci\u00f3n para el Empleo.<\/p>\n<p data-start=\"320\" data-end=\"659\">La jornada reuni\u00f3 a cuarenta y siete personas vinculadas a la coordinaci\u00f3n del SEFED y personal t\u00e9cnico de los ayuntamientos, con el objetivo de explorar c\u00f3mo la realidad virtual puede contribuir a actualizar la metodolog\u00eda de la simulaci\u00f3n de empresas y hacerla m\u00e1s inmersiva, pr\u00e1ctica y alineada con la realidad del mundo laboral actual.<\/p>\n<p><strong>Metodolog\u00eda<\/strong><\/p>\n<p data-start=\"677\" data-end=\"819\">El seminario se bas\u00f3 en una metodolog\u00eda participativa y colaborativa, combinando contenidos te\u00f3ricos, din\u00e1micas pr\u00e1cticas y trabajo en equipo.<\/p>\n<p data-start=\"821\" data-end=\"1235\">El enfoque permiti\u00f3 que las personas participantes reflexionaran de manera conjunta sobre los retos formativos del SEFED y experimentaran c\u00f3mo la realidad virtual puede convertirse en una herramienta \u00fatil dentro de la empresa simulada. La metodolog\u00eda foment\u00f3 el intercambio de experiencias entre equipos docentes, coordinaciones y personal t\u00e9cnico, favoreciendo una visi\u00f3n compartida sobre la innovaci\u00f3n educativa.<\/p>\n<p><strong>Actividades realizadas<\/strong><\/p>\n<ul>\n<li data-start=\"1264\" data-end=\"1363\">\n<p data-start=\"1266\" data-end=\"1363\">Introducci\u00f3n a la realidad virtual, la realidad extendida y su aplicaci\u00f3n en el \u00e1mbito formativo.<\/p>\n<\/li>\n<li data-start=\"1364\" data-end=\"1477\">\n<p data-start=\"1366\" data-end=\"1477\">Hackat\u00f3n colaborativo en grupos mixtos por \u00e1reas de la empresa simulada: comercial, almac\u00e9n y recursos humanos.<\/p>\n<\/li>\n<li data-start=\"1478\" data-end=\"1578\">\n<p data-start=\"1480\" data-end=\"1578\">Identificaci\u00f3n de cinco retos formativos por \u00e1rea susceptibles de trabajarse con realidad virtual.<\/p>\n<\/li>\n<li data-start=\"1579\" data-end=\"1670\">\n<p data-start=\"1581\" data-end=\"1670\">Puesta en com\u00fan de los retos detectados y recogida de conclusiones en una pizarra visual.<\/p>\n<\/li>\n<li data-start=\"1671\" data-end=\"1761\">\n<p data-start=\"1673\" data-end=\"1761\">Dise\u00f1o de tres actividades formativas con realidad virtual aplicables al programa SEFED.<\/p>\n<\/li>\n<li data-start=\"1762\" data-end=\"1876\">\n<p data-start=\"1764\" data-end=\"1876\">Espacio de debate e intercambio de ideas entre el profesorado y la coordinaci\u00f3n de los diferentes centros SEFED.<\/p>\n<\/li>\n<li data-start=\"1877\" data-end=\"1984\">\n<p data-start=\"1879\" data-end=\"1984\">Experiencia con gafas de realidad virtual orientada principalmente al desarrollo de competencias blandas.<\/p>\n<\/li>\n<\/ul>\n<p><strong>Impacto i futuro<\/strong><\/p>\n<p data-start=\"2007\" data-end=\"2322\">El seminario ha tenido un impacto directo en la manera en que las personas participantes entienden el potencial de la realidad virtual dentro del programa SEFED. Se han identificado retos formativos concretos y se han generado propuestas de actividades que constituyen una base s\u00f3lida para futuras implementaciones.<\/p>\n<p data-start=\"2324\" data-end=\"2662\" data-is-last-node=\"\" data-is-only-node=\"\">Esta acci\u00f3n marca un primer paso hacia la incorporaci\u00f3n progresiva de la realidad virtual en la metodolog\u00eda de simulaci\u00f3n de empresas, con la voluntad de seguir desarrollando experiencias formativas m\u00e1s inmersivas, innovadoras y alineadas con las necesidades del mercado laboral, sin perder de vista la responsabilidad social y educativa.<\/p>\n<p><a href=\"https:\/\/inform.es\/seminari-ia-sefed\/logotip_diputacio_de_barcelona\/\" rel=\"attachment wp-att-7491\"><img decoding=\"async\" class=\"lazyload alignnone size-medium wp-image-7491\" src=\"http:\/\/inform.es\/wp-content\/uploads\/2025\/03\/Logotip_Diputacio_de_Barcelona-300x99.png\" data-orig-src=\"http:\/\/inform.es\/wp-content\/uploads\/2025\/03\/Logotip_Diputacio_de_Barcelona-300x99.png\" alt=\"\" width=\"300\" height=\"99\" srcset=\"data:image\/svg+xml,%3Csvg%20xmlns%3D%27http%3A%2F%2Fwww.w3.org%2F2000%2Fsvg%27%20width%3D%27300%27%20height%3D%2799%27%20viewBox%3D%270%200%20300%2099%27%3E%3Crect%20width%3D%27300%27%20height%3D%2799%27%20fill-opacity%3D%220%22%2F%3E%3C%2Fsvg%3E\" data-srcset=\"https:\/\/inform.es\/wp-content\/uploads\/2025\/03\/Logotip_Diputacio_de_Barcelona-200x66.png 200w, https:\/\/inform.es\/wp-content\/uploads\/2025\/03\/Logotip_Diputacio_de_Barcelona-300x99.png 300w, https:\/\/inform.es\/wp-content\/uploads\/2025\/03\/Logotip_Diputacio_de_Barcelona-400x133.png 400w, https:\/\/inform.es\/wp-content\/uploads\/2025\/03\/Logotip_Diputacio_de_Barcelona.png 513w\" data-sizes=\"auto\" data-orig-sizes=\"(max-width: 300px) 100vw, 300px\" \/><\/a><\/p>\n","protected":false},"excerpt":{"rendered":"<p>La realidad virtual permite crear experiencias formativas en el \u00e1mbito empresarial El Seminario de Realidad Virtual aplicado al programa SEFED se celebr\u00f3 el pasado 17 de diciembre 2025 en el espacio COE-CAT de El Prat de Llobregat, Centro de Orientaci\u00f3n, Emprendimiento, Acompa\u00f1amiento e Innovaci\u00f3n para el  &#8230;<\/p>\n","protected":false},"author":6,"featured_media":0,"parent":0,"menu_order":0,"comment_status":"closed","ping_status":"closed","template":"","meta":{"_acf_changed":false,"footnotes":""},"class_list":["post-7499","page","type-page","status-publish","hentry"],"yoast_head":"<!-- This site is optimized with the Yoast SEO plugin v27.3 - https:\/\/yoast.com\/product\/yoast-seo-wordpress\/ -->\n<title>Seminario de Realidad Virtual en SEFED - Fundaci\u00f3 Inform<\/title>\n<meta name=\"robots\" content=\"index, follow, max-snippet:-1, max-image-preview:large, max-video-preview:-1\" \/>\n<link rel=\"canonical\" href=\"https:\/\/inform.es\/es\/seminari-ia-sefed\/\" \/>\n<meta property=\"og:locale\" content=\"es_ES\" \/>\n<meta property=\"og:type\" content=\"article\" \/>\n<meta property=\"og:title\" content=\"Seminario de Realidad Virtual en SEFED - Fundaci\u00f3 Inform\" \/>\n<meta property=\"og:description\" content=\"La realidad virtual permite crear experiencias formativas en el \u00e1mbito empresarial El Seminario de Realidad Virtual aplicado al programa SEFED se celebr\u00f3 el pasado 17 de diciembre 2025 en el espacio COE-CAT de El Prat de Llobregat, Centro de Orientaci\u00f3n, Emprendimiento, Acompa\u00f1amiento e Innovaci\u00f3n para el ...\" \/>\n<meta property=\"og:url\" content=\"https:\/\/inform.es\/es\/seminari-ia-sefed\/\" \/>\n<meta property=\"og:site_name\" content=\"Fundaci\u00f3 Inform\" \/>\n<meta property=\"article:publisher\" content=\"https:\/\/www.facebook.com\/profile.php?id=100004345202006\" \/>\n<meta property=\"article:modified_time\" content=\"2026-02-09T10:33:36+00:00\" \/>\n<meta property=\"og:image\" content=\"https:\/\/inform.es\/wp-content\/uploads\/2026\/02\/IMG_4730-scaled.jpg\" \/>\n\t<meta property=\"og:image:width\" content=\"1920\" \/>\n\t<meta property=\"og:image:height\" content=\"2560\" \/>\n\t<meta property=\"og:image:type\" content=\"image\/jpeg\" \/>\n<meta name=\"twitter:card\" content=\"summary_large_image\" \/>\n<meta name=\"twitter:site\" content=\"@FundacioInform\" \/>\n<meta name=\"twitter:label1\" content=\"Tiempo de lectura\" \/>\n\t<meta name=\"twitter:data1\" content=\"2 minutos\" \/>\n<script type=\"application\/ld+json\" class=\"yoast-schema-graph\">{\"@context\":\"https:\\\/\\\/schema.org\",\"@graph\":[{\"@type\":\"WebPage\",\"@id\":\"https:\\\/\\\/inform.es\\\/es\\\/seminari-ia-sefed\\\/\",\"url\":\"https:\\\/\\\/inform.es\\\/es\\\/seminari-ia-sefed\\\/\",\"name\":\"Seminario de Realidad Virtual en SEFED - Fundaci\u00f3 Inform\",\"isPartOf\":{\"@id\":\"https:\\\/\\\/inform.es\\\/es\\\/#website\"},\"primaryImageOfPage\":{\"@id\":\"https:\\\/\\\/inform.es\\\/es\\\/seminari-ia-sefed\\\/#primaryimage\"},\"image\":{\"@id\":\"https:\\\/\\\/inform.es\\\/es\\\/seminari-ia-sefed\\\/#primaryimage\"},\"thumbnailUrl\":\"http:\\\/\\\/inform.es\\\/wp-content\\\/uploads\\\/2026\\\/02\\\/IMG_4730-400x533.jpg\",\"datePublished\":\"2025-03-04T08:50:34+00:00\",\"dateModified\":\"2026-02-09T10:33:36+00:00\",\"breadcrumb\":{\"@id\":\"https:\\\/\\\/inform.es\\\/es\\\/seminari-ia-sefed\\\/#breadcrumb\"},\"inLanguage\":\"es\",\"potentialAction\":[{\"@type\":\"ReadAction\",\"target\":[\"https:\\\/\\\/inform.es\\\/es\\\/seminari-ia-sefed\\\/\"]}]},{\"@type\":\"ImageObject\",\"inLanguage\":\"es\",\"@id\":\"https:\\\/\\\/inform.es\\\/es\\\/seminari-ia-sefed\\\/#primaryimage\",\"url\":\"http:\\\/\\\/inform.es\\\/wp-content\\\/uploads\\\/2026\\\/02\\\/IMG_4730-400x533.jpg\",\"contentUrl\":\"http:\\\/\\\/inform.es\\\/wp-content\\\/uploads\\\/2026\\\/02\\\/IMG_4730-400x533.jpg\"},{\"@type\":\"BreadcrumbList\",\"@id\":\"https:\\\/\\\/inform.es\\\/es\\\/seminari-ia-sefed\\\/#breadcrumb\",\"itemListElement\":[{\"@type\":\"ListItem\",\"position\":1,\"name\":\"Inici\",\"item\":\"https:\\\/\\\/inform.es\\\/es\\\/\"},{\"@type\":\"ListItem\",\"position\":2,\"name\":\"Seminario de Realidad Virtual en SEFED\"}]},{\"@type\":\"WebSite\",\"@id\":\"https:\\\/\\\/inform.es\\\/es\\\/#website\",\"url\":\"https:\\\/\\\/inform.es\\\/es\\\/\",\"name\":\"Fundaci\u00f3 Inform\",\"description\":\"Convertim l&#039;aula en empresa per aconseguir les compet\u00e8ncies professionals de tots els llocs de treball.\",\"publisher\":{\"@id\":\"https:\\\/\\\/inform.es\\\/es\\\/#organization\"},\"potentialAction\":[{\"@type\":\"SearchAction\",\"target\":{\"@type\":\"EntryPoint\",\"urlTemplate\":\"https:\\\/\\\/inform.es\\\/es\\\/?s={search_term_string}\"},\"query-input\":{\"@type\":\"PropertyValueSpecification\",\"valueRequired\":true,\"valueName\":\"search_term_string\"}}],\"inLanguage\":\"es\"},{\"@type\":\"Organization\",\"@id\":\"https:\\\/\\\/inform.es\\\/es\\\/#organization\",\"name\":\"Fundaci\u00f3 Inform\",\"url\":\"https:\\\/\\\/inform.es\\\/es\\\/\",\"logo\":{\"@type\":\"ImageObject\",\"inLanguage\":\"es\",\"@id\":\"https:\\\/\\\/inform.es\\\/es\\\/#\\\/schema\\\/logo\\\/image\\\/\",\"url\":\"https:\\\/\\\/inform.es\\\/wp-content\\\/uploads\\\/2022\\\/07\\\/logo-inform-200x79-1.png\",\"contentUrl\":\"https:\\\/\\\/inform.es\\\/wp-content\\\/uploads\\\/2022\\\/07\\\/logo-inform-200x79-1.png\",\"width\":200,\"height\":79,\"caption\":\"Fundaci\u00f3 Inform\"},\"image\":{\"@id\":\"https:\\\/\\\/inform.es\\\/es\\\/#\\\/schema\\\/logo\\\/image\\\/\"},\"sameAs\":[\"https:\\\/\\\/www.facebook.com\\\/profile.php?id=100004345202006\",\"https:\\\/\\\/x.com\\\/FundacioInform\",\"https:\\\/\\\/www.linkedin.com\\\/company\\\/fundaci-inform\\\/\",\"https:\\\/\\\/www.youtube.com\\\/user\\\/FUNDACIOINFORM\"]}]}<\/script>\n<!-- \/ Yoast SEO plugin. -->","yoast_head_json":{"title":"Seminario de Realidad Virtual en SEFED - Fundaci\u00f3 Inform","robots":{"index":"index","follow":"follow","max-snippet":"max-snippet:-1","max-image-preview":"max-image-preview:large","max-video-preview":"max-video-preview:-1"},"canonical":"https:\/\/inform.es\/es\/seminari-ia-sefed\/","og_locale":"es_ES","og_type":"article","og_title":"Seminario de Realidad Virtual en SEFED - Fundaci\u00f3 Inform","og_description":"La realidad virtual permite crear experiencias formativas en el \u00e1mbito empresarial El Seminario de Realidad Virtual aplicado al programa SEFED se celebr\u00f3 el pasado 17 de diciembre 2025 en el espacio COE-CAT de El Prat de Llobregat, Centro de Orientaci\u00f3n, Emprendimiento, Acompa\u00f1amiento e Innovaci\u00f3n para el ...","og_url":"https:\/\/inform.es\/es\/seminari-ia-sefed\/","og_site_name":"Fundaci\u00f3 Inform","article_publisher":"https:\/\/www.facebook.com\/profile.php?id=100004345202006","article_modified_time":"2026-02-09T10:33:36+00:00","og_image":[{"width":1920,"height":2560,"url":"https:\/\/inform.es\/wp-content\/uploads\/2026\/02\/IMG_4730-scaled.jpg","type":"image\/jpeg"}],"twitter_card":"summary_large_image","twitter_site":"@FundacioInform","twitter_misc":{"Tiempo de lectura":"2 minutos"},"schema":{"@context":"https:\/\/schema.org","@graph":[{"@type":"WebPage","@id":"https:\/\/inform.es\/es\/seminari-ia-sefed\/","url":"https:\/\/inform.es\/es\/seminari-ia-sefed\/","name":"Seminario de Realidad Virtual en SEFED - Fundaci\u00f3 Inform","isPartOf":{"@id":"https:\/\/inform.es\/es\/#website"},"primaryImageOfPage":{"@id":"https:\/\/inform.es\/es\/seminari-ia-sefed\/#primaryimage"},"image":{"@id":"https:\/\/inform.es\/es\/seminari-ia-sefed\/#primaryimage"},"thumbnailUrl":"http:\/\/inform.es\/wp-content\/uploads\/2026\/02\/IMG_4730-400x533.jpg","datePublished":"2025-03-04T08:50:34+00:00","dateModified":"2026-02-09T10:33:36+00:00","breadcrumb":{"@id":"https:\/\/inform.es\/es\/seminari-ia-sefed\/#breadcrumb"},"inLanguage":"es","potentialAction":[{"@type":"ReadAction","target":["https:\/\/inform.es\/es\/seminari-ia-sefed\/"]}]},{"@type":"ImageObject","inLanguage":"es","@id":"https:\/\/inform.es\/es\/seminari-ia-sefed\/#primaryimage","url":"http:\/\/inform.es\/wp-content\/uploads\/2026\/02\/IMG_4730-400x533.jpg","contentUrl":"http:\/\/inform.es\/wp-content\/uploads\/2026\/02\/IMG_4730-400x533.jpg"},{"@type":"BreadcrumbList","@id":"https:\/\/inform.es\/es\/seminari-ia-sefed\/#breadcrumb","itemListElement":[{"@type":"ListItem","position":1,"name":"Inici","item":"https:\/\/inform.es\/es\/"},{"@type":"ListItem","position":2,"name":"Seminario de Realidad Virtual en SEFED"}]},{"@type":"WebSite","@id":"https:\/\/inform.es\/es\/#website","url":"https:\/\/inform.es\/es\/","name":"Fundaci\u00f3 Inform","description":"Convertim l&#039;aula en empresa per aconseguir les compet\u00e8ncies professionals de tots els llocs de treball.","publisher":{"@id":"https:\/\/inform.es\/es\/#organization"},"potentialAction":[{"@type":"SearchAction","target":{"@type":"EntryPoint","urlTemplate":"https:\/\/inform.es\/es\/?s={search_term_string}"},"query-input":{"@type":"PropertyValueSpecification","valueRequired":true,"valueName":"search_term_string"}}],"inLanguage":"es"},{"@type":"Organization","@id":"https:\/\/inform.es\/es\/#organization","name":"Fundaci\u00f3 Inform","url":"https:\/\/inform.es\/es\/","logo":{"@type":"ImageObject","inLanguage":"es","@id":"https:\/\/inform.es\/es\/#\/schema\/logo\/image\/","url":"https:\/\/inform.es\/wp-content\/uploads\/2022\/07\/logo-inform-200x79-1.png","contentUrl":"https:\/\/inform.es\/wp-content\/uploads\/2022\/07\/logo-inform-200x79-1.png","width":200,"height":79,"caption":"Fundaci\u00f3 Inform"},"image":{"@id":"https:\/\/inform.es\/es\/#\/schema\/logo\/image\/"},"sameAs":["https:\/\/www.facebook.com\/profile.php?id=100004345202006","https:\/\/x.com\/FundacioInform","https:\/\/www.linkedin.com\/company\/fundaci-inform\/","https:\/\/www.youtube.com\/user\/FUNDACIOINFORM"]}]}},"acf":[],"_links":{"self":[{"href":"https:\/\/inform.es\/es\/wp-json\/wp\/v2\/pages\/7499","targetHints":{"allow":["GET"]}}],"collection":[{"href":"https:\/\/inform.es\/es\/wp-json\/wp\/v2\/pages"}],"about":[{"href":"https:\/\/inform.es\/es\/wp-json\/wp\/v2\/types\/page"}],"author":[{"embeddable":true,"href":"https:\/\/inform.es\/es\/wp-json\/wp\/v2\/users\/6"}],"replies":[{"embeddable":true,"href":"https:\/\/inform.es\/es\/wp-json\/wp\/v2\/comments?post=7499"}],"version-history":[{"count":9,"href":"https:\/\/inform.es\/es\/wp-json\/wp\/v2\/pages\/7499\/revisions"}],"predecessor-version":[{"id":7773,"href":"https:\/\/inform.es\/es\/wp-json\/wp\/v2\/pages\/7499\/revisions\/7773"}],"wp:attachment":[{"href":"https:\/\/inform.es\/es\/wp-json\/wp\/v2\/media?parent=7499"}],"curies":[{"name":"wp","href":"https:\/\/api.w.org\/{rel}","templated":true}]}}